{"id":35535,"date":"2026-01-01T14:57:24","date_gmt":"2026-01-01T13:57:24","guid":{"rendered":"https:\/\/gopinkish.com\/?post_type=product&#038;p=35535"},"modified":"2026-01-26T16:52:34","modified_gmt":"2026-01-26T15:52:34","slug":"4059729349286","status":"publish","type":"product","link":"https:\/\/gopinkish.com\/fr\/produit\/4059729349286\/","title":{"rendered":"Un primer hydratant qui hydrate la peau et fixe efficacement le maquillage."},"content":{"rendered":"<p style=\"text-align: justify;\">Un gel primer l\u00e9ger qui hydrate et rafra\u00eechit la peau, tout en laissant un film adh\u00e9sif l\u00e9ger qui aide le maquillage \u00e0 rester en place pendant des heures. Sa formule \u00e0 base d'eau p\u00e9n\u00e8tre rapidement sans coller, laissant la peau lisse et pr\u00eate pour une application en douceur du fond de teint.<\/p>\n<p><strong>Principaux ingr\u00e9dients et caract\u00e9ristiques<\/strong><br \/>\n- Formule gel hydratante et rafra\u00eechissante<br \/>\n- L'effet de pr\u00e9hension aide \u00e0 fixer le maquillage<br \/>\n- Absorption rapide sans sensation de gras<br \/>\n- Convient \u00e0 tous les types de peau<br \/>\n- L\u00e9ger et non com\u00e9dog\u00e8ne<\/p>\n<p><strong>Principales caract\u00e9ristiques et avantages<\/strong><br \/>\n- Hydrate et rafra\u00eechit instantan\u00e9ment la peau<br \/>\n- Permet au maquillage de durer plus longtemps<br \/>\n- Lisse la surface de la peau pour une application plus douce<br \/>\n- Id\u00e9al pour un usage quotidien<br \/>\n- Convient aux peaux normales, mixtes et grasses<\/p>\n<p dir=\"ltr\" style=\"text-align: center;\">\ud83c\uddec\ud83c\udde7 Essence Fix &amp; Last Gripping Primer - Hydratant et rafra\u00eechissant<br \/>\n\ud83c\uddeb\ud83c\uddf7 Essence Fix &amp; Last - Base Gel Hydratante &amp; Rafra\u00eechissante<\/p>","protected":false},"excerpt":{"rendered":"<p>\u0628\u0631\u0627\u064a\u0645\u0631 \u062c\u0644 \u062e\u0641\u064a\u0641 \u064a\u0639\u0645\u0644 \u0639\u0644\u0649 \u062a\u0631\u0637\u064a\u0628 \u0627\u0644\u0628\u0634\u0631\u0629 \u0648\u0645\u0646\u062d\u0647\u0627 \u0625\u062d\u0633\u0627\u0633\u064b\u0627 \u0645\u0646\u0639\u0634\u064b\u0627\u060c \u0645\u0639 \u062a\u0631\u0643 \u0637\u0628\u0642\u0629 \u0644\u0627\u0635\u0642\u0629 \u062e\u0641\u064a\u0641\u0629 \u062a\u0633\u0627\u0639\u062f \u0639\u0644\u0649 \u062a\u062b\u0628\u064a\u062a \u0627\u0644\u0645\u0643\u064a\u0627\u062c \u0644\u0633\u0627\u0639\u0627\u062a \u0637\u0648\u064a\u0644\u0629. \u062a\u0631\u0643\u064a\u0628\u062a\u0647 \u0627\u0644\u0645\u0627\u0626\u064a\u0629 \u062a\u0645\u062a\u0635 \u0628\u0633\u0631\u0639\u0629 \u062f\u0648\u0646 \u0644\u0632\u0648\u062c\u0629\u060c \u0648\u062a\u062a\u0631\u0643 \u0627\u0644\u0628\u0634\u0631\u0629 \u0646\u0627\u0639\u0645\u0629 \u0648\u0645\u0647\u064a\u0623\u0629 \u0644\u062a\u0637\u0628\u064a\u0642 \u0627\u0644\u0641\u0627\u0648\u0646\u062f\u064a\u0634\u0646 \u0628\u0634\u0643\u0644 \u0633\u0644\u0633. \u0627\u0644\u0645\u0643\u0648\u0646\u0627\u062a \u0648\u0627\u0644\u062e\u0635\u0627\u0626\u0635 \u0627\u0644\u0631\u0626\u064a\u0633\u064a\u0629 \u2022 \u062a\u0631\u0643\u064a\u0628\u0629 \u062c\u0644 \u0645\u0631\u0637\u0628\u0629 \u0648\u0645\u0646\u0639\u0634\u0629 \u2022 \u062a\u0623\u062b\u064a\u0631 gripping \u064a\u0633\u0627\u0639\u062f \u0639\u0644\u0649 \u062a\u062b\u0628\u064a\u062a \u0627\u0644\u0645\u0643\u064a\u0627\u062c \u2022 \u0627\u0645\u062a\u0635\u0627\u0635 \u0633\u0631\u064a\u0639 \u062f\u0648\u0646 \u0645\u0644\u0645\u0633 [&hellip;]<\/p>\n","protected":false},"featured_media":35489,"template":"","meta":[],"pwb-brand":[237],"product_brand":[],"product_cat":[1174],"product_tag":[],"class_list":{"0":"post-35535","1":"product","2":"type-product","3":"status-publish","4":"has-post-thumbnail","6":"pwb-brand-essence","7":"product_cat-base-primer-makeup","9":"first","10":"instock","11":"shipping-taxable","12":"purchasable","13":"product-type-variable","14":"has-default-attributes","15":"wvs-archive-product-wrapper"},"brands":[{"id":237,"name":"Essence","slug":"essence"}],"_links":{"self":[{"href":"https:\/\/gopinkish.com\/fr\/wp-json\/wp\/v2\/product\/35535","targetHints":{"allow":["GET"]}}],"collection":[{"href":"https:\/\/gopinkish.com\/fr\/wp-json\/wp\/v2\/product"}],"about":[{"href":"https:\/\/gopinkish.com\/fr\/wp-json\/wp\/v2\/types\/product"}],"wp:featuredmedia":[{"embeddable":true,"href":"https:\/\/gopinkish.com\/fr\/wp-json\/wp\/v2\/media\/35489"}],"wp:attachment":[{"href":"https:\/\/gopinkish.com\/fr\/wp-json\/wp\/v2\/media?parent=35535"}],"wp:term":[{"taxonomy":"pwb-brand","embeddable":true,"href":"https:\/\/gopinkish.com\/fr\/wp-json\/wp\/v2\/pwb-brand?post=35535"},{"taxonomy":"product_brand","embeddable":true,"href":"https:\/\/gopinkish.com\/fr\/wp-json\/wp\/v2\/product_brand?post=35535"},{"taxonomy":"product_cat","embeddable":true,"href":"https:\/\/gopinkish.com\/fr\/wp-json\/wp\/v2\/product_cat?post=35535"},{"taxonomy":"product_tag","embeddable":true,"href":"https:\/\/gopinkish.com\/fr\/wp-json\/wp\/v2\/product_tag?post=35535"}],"curies":[{"name":"wp","href":"https:\/\/api.w.org\/{rel}","templated":true}]}}