{"id":35449,"date":"2026-01-25T19:21:15","date_gmt":"2026-01-25T18:21:15","guid":{"rendered":"https:\/\/gopinkish.com\/?post_type=product&#038;p=35449"},"modified":"2026-05-11T16:20:59","modified_gmt":"2026-05-11T15:20:59","slug":"6902395722984","status":"publish","type":"product","link":"https:\/\/gopinkish.com\/fr\/produit\/6902395722984\/","title":{"rendered":"Un rouge \u00e0 l\u00e8vres mat et l\u00e9ger \u00e0 la couleur tr\u00e8s pigment\u00e9e"},"content":{"rendered":"<p style=\"text-align: justify;\">Ce rouge \u00e0 l\u00e8vres liquide \u00e0 la formule ultra-l\u00e9g\u00e8re offre une couverture compl\u00e8te avec un fini mat et doux. Il s\u00e8che rapidement sans laisser de sensation de dess\u00e8chement et donne aux l\u00e8vres une couleur riche qui dure des heures. Gr\u00e2ce \u00e0 sa texture confortable et \u00e0 sa longue tenue, il est parfait pour un usage quotidien.<\/p>\n<p><strong>Principaux ingr\u00e9dients et caract\u00e9ristiques<\/strong><br \/>\n- Une formule tr\u00e8s l\u00e9g\u00e8re qui n'alourdit pas les l\u00e8vres<br \/>\n- Finition douce et mate<br \/>\n- Couleur riche et tr\u00e8s pigment\u00e9e<br \/>\n- S\u00e8che rapidement sans faire de grumeaux<br \/>\n- Ne dess\u00e8che pas les l\u00e8vres<\/p>\n<p><strong>Principales caract\u00e9ristiques et avantages<\/strong><br \/>\n- Procure une couleur longue dur\u00e9e et durable<br \/>\n- Couvre l'ensemble des l\u00e8vres avec un fini velout\u00e9<br \/>\n- Confortable sur les l\u00e8vres tout au long de la journ\u00e9e<br \/>\n- Convient \u00e0 l'usage quotidien et aux occasions<br \/>\n- Ne s'efface pas facilement<\/p>\n<p dir=\"ltr\" style=\"text-align: center;\">\ud83c\uddec\ud83c\udde7 Maybelline Sensational Liquid Matte - Lightweight Soft Matte<br \/>\n\ud83c\uddeb\ud83c\uddf7 Maybelline Sensational Liquid Matte - Rouge \u00e0 L\u00e8vres Mat L\u00e9ger<\/p>","protected":false},"excerpt":{"rendered":"<p>\u0623\u062d\u0645\u0631 \u0634\u0641\u0627\u0647 \u0633\u0627\u0626\u0644 \u0628\u062a\u0631\u0643\u064a\u0628\u0629 \u0641\u0627\u0626\u0642\u0629 \u0627\u0644\u062e\u0641\u0629 \u062a\u0645\u0646\u062d \u062a\u063a\u0637\u064a\u0629 \u0643\u0627\u0645\u0644\u0629 \u0628\u0644\u0645\u0633\u0629 \u0645\u0637\u0641\u064a\u0629 \u0646\u0627\u0639\u0645\u0629. \u064a\u062c\u0641 \u0628\u0633\u0631\u0639\u0629 \u062f\u0648\u0646 \u0623\u0646 \u064a\u062a\u0631\u0643 \u0625\u062d\u0633\u0627\u0633\u064b\u0627 \u062c\u0627\u0641\u064b\u0627\u060c \u0648\u064a\u0645\u0646\u062d \u0627\u0644\u0634\u0641\u0627\u0647 \u0644\u0648\u0646\u064b\u0627 \u063a\u0646\u064a\u064b\u0627 \u064a\u062f\u0648\u0645 \u0644\u0633\u0627\u0639\u0627\u062a. \u0645\u062b\u0627\u0644\u064a \u0644\u0644\u0627\u0633\u062a\u062e\u062f\u0627\u0645 \u0627\u0644\u064a\u0648\u0645\u064a \u0628\u0641\u0636\u0644 \u0642\u0648\u0627\u0645\u0647 \u0627\u0644\u0645\u0631\u064a\u062d \u0648\u062b\u0628\u0627\u062a\u0647 \u0627\u0644\u0639\u0627\u0644\u064a. \u0627\u0644\u0645\u0643\u0648\u0646\u0627\u062a \u0648\u0627\u0644\u062e\u0635\u0627\u0626\u0635 \u0627\u0644\u0631\u0626\u064a\u0633\u064a\u0629 \u2022 \u062a\u0631\u0643\u064a\u0628\u0629 \u062e\u0641\u064a\u0641\u0629 \u062c\u062f\u064b\u0627 \u0644\u0627 \u062a\u062b\u0642\u0644 \u0627\u0644\u0634\u0641\u0627\u0647 \u2022 \u0644\u0645\u0633\u0629 \u0645\u0637\u0641\u064a\u0629 \u0646\u0627\u0639\u0645\u0629 \u063a\u064a\u0631 \u0644\u0627\u0645\u0639\u0629 \u2022 \u0644\u0648\u0646 \u063a\u0646\u064a \u0639\u0627\u0644\u064a \u0627\u0644\u0635\u0628\u063a\u0629 \u2022 [&hellip;]<\/p>\n","protected":false},"featured_media":35416,"template":"","meta":[],"pwb-brand":[238],"product_brand":[],"product_cat":[1181],"product_tag":[],"class_list":{"0":"post-35449","1":"product","2":"type-product","3":"status-publish","4":"has-post-thumbnail","6":"pwb-brand-maybelline-new-york","7":"product_cat-liquid-lipstick-makeup","9":"first","10":"instock","11":"shipping-taxable","12":"purchasable","13":"product-type-variable","14":"has-default-attributes","15":"wvs-archive-product-wrapper"},"brands":[{"id":238,"name":"Maybelline New York","slug":"maybelline-new-york"}],"_links":{"self":[{"href":"https:\/\/gopinkish.com\/fr\/wp-json\/wp\/v2\/product\/35449","targetHints":{"allow":["GET"]}}],"collection":[{"href":"https:\/\/gopinkish.com\/fr\/wp-json\/wp\/v2\/product"}],"about":[{"href":"https:\/\/gopinkish.com\/fr\/wp-json\/wp\/v2\/types\/product"}],"wp:featuredmedia":[{"embeddable":true,"href":"https:\/\/gopinkish.com\/fr\/wp-json\/wp\/v2\/media\/35416"}],"wp:attachment":[{"href":"https:\/\/gopinkish.com\/fr\/wp-json\/wp\/v2\/media?parent=35449"}],"wp:term":[{"taxonomy":"pwb-brand","embeddable":true,"href":"https:\/\/gopinkish.com\/fr\/wp-json\/wp\/v2\/pwb-brand?post=35449"},{"taxonomy":"product_brand","embeddable":true,"href":"https:\/\/gopinkish.com\/fr\/wp-json\/wp\/v2\/product_brand?post=35449"},{"taxonomy":"product_cat","embeddable":true,"href":"https:\/\/gopinkish.com\/fr\/wp-json\/wp\/v2\/product_cat?post=35449"},{"taxonomy":"product_tag","embeddable":true,"href":"https:\/\/gopinkish.com\/fr\/wp-json\/wp\/v2\/product_tag?post=35449"}],"curies":[{"name":"wp","href":"https:\/\/api.w.org\/{rel}","templated":true}]}}