{"id":35447,"date":"2026-01-15T19:21:15","date_gmt":"2026-01-15T18:21:15","guid":{"rendered":"https:\/\/gopinkish.com\/?post_type=product&#038;p=35447"},"modified":"2026-01-25T22:30:07","modified_gmt":"2026-01-25T21:30:07","slug":"4059729371898","status":"publish","type":"product","link":"https:\/\/gopinkish.com\/fr\/produit\/4059729371898\/","title":{"rendered":"Un primer qui minimise les pores pour une peau lisse et flottante"},"content":{"rendered":"<p style=\"text-align: justify;\">Un primer l\u00e9ger qui donne \u00e0 la peau un fini lisse et sans brillance. Formul\u00e9 avec du niacinamide pour aider \u00e0 am\u00e9liorer la texture de la peau et minimiser l'apparence des pores, tandis que l'effet flou lisse la surface et pr\u00e9pare la peau au maquillage. Id\u00e9al pour les peaux grasses et mixtes.<\/p>\n<p><strong>Principaux ingr\u00e9dients et caract\u00e9ristiques<\/strong><br \/>\n- Niacinamide pour am\u00e9liorer la texture de la peau et r\u00e9duire les pores<br \/>\n- Effet de flou pour lisser la surface et masquer les imperfections<br \/>\n- Formule mate qui contr\u00f4le la brillance<br \/>\n- L\u00e9ger et non com\u00e9dog\u00e8ne<br \/>\n- Convient \u00e0 un usage quotidien<\/p>\n<p><strong>Principales caract\u00e9ristiques et avantages<\/strong><br \/>\n- Minimise l'apparence des pores dilat\u00e9s<br \/>\n- Lisse la peau avant le maquillage<br \/>\n- Contr\u00f4le la brillance tout au long de la journ\u00e9e<br \/>\n- Permet au maquillage de mieux tenir<br \/>\n- Convient aux peaux grasses et mixtes<\/p>\n<p dir=\"ltr\" style=\"text-align: center;\">\ud83c\uddec\ud83c\udde7 Essence Pore Less Partner Primer - Matifiant et flou avec Niacinamide<br \/>\n\ud83c\uddeb\ud83c\uddf7 Essence Pore Less Partner Primer - Base Matifiante &amp; Floutante au Niacinamide<\/p>","protected":false},"excerpt":{"rendered":"<p>\u0628\u0631\u0627\u064a\u0645\u0631 \u062e\u0641\u064a\u0641 \u064a\u0645\u0646\u062d \u0627\u0644\u0628\u0634\u0631\u0629 \u0645\u0638\u0647\u0631\u064b\u0627 \u0646\u0627\u0639\u0645\u064b\u0627 \u062e\u0627\u0644\u064a\u064b\u0627 \u0645\u0646 \u0627\u0644\u0644\u0645\u0639\u0627\u0646. \u062a\u0631\u0643\u064a\u0628\u062a\u0647 \u062a\u062d\u062a\u0648\u064a \u0639\u0644\u0649 \u0627\u0644\u0646\u064a\u0627\u0633\u064a\u0646\u0627\u0645\u064a\u062f \u0627\u0644\u0630\u064a \u064a\u0633\u0627\u0639\u062f \u0639\u0644\u0649 \u062a\u062d\u0633\u064a\u0646 \u0645\u0644\u0645\u0633 \u0627\u0644\u0628\u0634\u0631\u0629 \u0648\u062a\u0642\u0644\u064a\u0644 \u0645\u0638\u0647\u0631 \u0627\u0644\u0645\u0633\u0627\u0645\u060c \u0628\u064a\u0646\u0645\u0627 \u064a\u0639\u0645\u0644 \u062a\u0623\u062b\u064a\u0631 \u0627\u0644\u0640 blurring \u0639\u0644\u0649 \u062a\u0646\u0639\u064a\u0645 \u0627\u0644\u0633\u0637\u062d \u0648\u062a\u0647\u064a\u0626\u0629 \u0627\u0644\u0628\u0634\u0631\u0629 \u0644\u0644\u0645\u0643\u064a\u0627\u062c. \u0645\u062b\u0627\u0644\u064a \u0644\u0644\u0628\u0634\u0631\u0629 \u0627\u0644\u062f\u0647\u0646\u064a\u0629 \u0648\u0627\u0644\u0645\u062e\u062a\u0644\u0637\u0629. \u0627\u0644\u0645\u0643\u0648\u0646\u0627\u062a \u0648\u0627\u0644\u062e\u0635\u0627\u0626\u0635 \u0627\u0644\u0631\u0626\u064a\u0633\u064a\u0629 \u2022 \u0646\u064a\u0627\u0633\u064a\u0646\u0627\u0645\u064a\u062f \u0644\u062a\u062d\u0633\u064a\u0646 \u0645\u0644\u0645\u0633 \u0627\u0644\u0628\u0634\u0631\u0629 \u0648\u062a\u0642\u0644\u064a\u0644 \u0627\u0644\u0645\u0633\u0627\u0645 \u2022 \u062a\u0623\u062b\u064a\u0631 Blurring \u0644\u062a\u0646\u0639\u064a\u0645 \u0627\u0644\u0633\u0637\u062d \u0648\u0625\u062e\u0641\u0627\u0621 \u0627\u0644\u0639\u064a\u0648\u0628 \u2022 [&hellip;]<\/p>\n","protected":false},"featured_media":35399,"template":"","meta":[],"pwb-brand":[237],"product_brand":[],"product_cat":[1174],"product_tag":[],"class_list":{"0":"post-35447","1":"product","2":"type-product","3":"status-publish","4":"has-post-thumbnail","6":"pwb-brand-essence","7":"product_cat-base-primer-makeup","9":"first","10":"instock","11":"shipping-taxable","12":"purchasable","13":"product-type-variable","14":"has-default-attributes","15":"wvs-archive-product-wrapper"},"brands":[{"id":237,"name":"Essence","slug":"essence"}],"_links":{"self":[{"href":"https:\/\/gopinkish.com\/fr\/wp-json\/wp\/v2\/product\/35447","targetHints":{"allow":["GET"]}}],"collection":[{"href":"https:\/\/gopinkish.com\/fr\/wp-json\/wp\/v2\/product"}],"about":[{"href":"https:\/\/gopinkish.com\/fr\/wp-json\/wp\/v2\/types\/product"}],"wp:featuredmedia":[{"embeddable":true,"href":"https:\/\/gopinkish.com\/fr\/wp-json\/wp\/v2\/media\/35399"}],"wp:attachment":[{"href":"https:\/\/gopinkish.com\/fr\/wp-json\/wp\/v2\/media?parent=35447"}],"wp:term":[{"taxonomy":"pwb-brand","embeddable":true,"href":"https:\/\/gopinkish.com\/fr\/wp-json\/wp\/v2\/pwb-brand?post=35447"},{"taxonomy":"product_brand","embeddable":true,"href":"https:\/\/gopinkish.com\/fr\/wp-json\/wp\/v2\/product_brand?post=35447"},{"taxonomy":"product_cat","embeddable":true,"href":"https:\/\/gopinkish.com\/fr\/wp-json\/wp\/v2\/product_cat?post=35447"},{"taxonomy":"product_tag","embeddable":true,"href":"https:\/\/gopinkish.com\/fr\/wp-json\/wp\/v2\/product_tag?post=35447"}],"curies":[{"name":"wp","href":"https:\/\/api.w.org\/{rel}","templated":true}]}}