{"id":35380,"date":"2026-01-25T17:53:21","date_gmt":"2026-01-25T16:53:21","guid":{"rendered":"https:\/\/gopinkish.com\/?post_type=product&#038;p=35380"},"modified":"2026-04-30T14:43:58","modified_gmt":"2026-04-30T13:43:58","slug":"6294018408550","status":"publish","type":"product","link":"https:\/\/gopinkish.com\/fr\/produit\/6294018408550\/","title":{"rendered":"Poudre double pour fixer le maquillage et \u00e9claircir la zone sous les yeux"},"content":{"rendered":"<p style=\"text-align: justify;\">Une double \u00e9dition qui combine une poudre d\u00e9di\u00e9e \u00e0 l'\u00e9claircissement du contour des yeux et une autre poudre pour fixer le maquillage sur l'ensemble du visage. Leur formule est douce et l\u00e9g\u00e8re, minimise la brillance et lisse l'apparence des pores sans faire de paquets. Le r\u00e9sultat mat et lumineux est parfait pour l'appareil photo et l'utilisation quotidienne, avec une tenue longue dur\u00e9e qui dure des heures.<\/p>\n<p><strong>Principaux ingr\u00e9dients et caract\u00e9ristiques<\/strong><br \/>\n- Formule lisse, l\u00e9g\u00e8re et sans traces<br \/>\n- Poudre \u00e9claircissante pour les yeux et poudre fixante pour le visage<br \/>\n- Minimise la brillance et lisse l'apparence des pores<br \/>\n- Convient \u00e0 tous les types de peau<br \/>\n- Id\u00e9al pour la cuisson et l'utilisation quotidienne<\/p>\n<p><strong>Principales caract\u00e9ristiques et avantages<\/strong><br \/>\n- Tient le maquillage pendant de longues heures sans faire de paquets<br \/>\n- Apporte un \u00e9claircissement doux et naturel sous les yeux.<br \/>\n- R\u00e9duit la brillance et unifie l'aspect de la peau<br \/>\n- Laisse la peau douce avec un fini mat et lumineux<br \/>\n- Id\u00e9al pour la photographie, les \u00e9v\u00e9nements et l'utilisation quotidienne<\/p>\n<p dir=\"ltr\" style=\"text-align: center;\">\ud83c\uddec\ud83c\udde7 Huda Beauty Easy Bake Duo Loose Powder - Brighten &amp; Set<br \/>\n\ud83c\uddeb\ud83c\uddf7 Huda Beauty Easy Bake Duo - Poudre Libre \u00c9claircissante &amp; Fixante<\/p>","protected":false},"excerpt":{"rendered":"<p>\u0625\u0635\u062f\u0627\u0631 \u0645\u0632\u062f\u0648\u062c \u064a\u062c\u0645\u0639 \u0628\u064a\u0646 \u0628\u0648\u062f\u0631\u0629 \u0645\u062e\u0635\u0651\u0635\u0629 \u0644\u062a\u0641\u062a\u064a\u062d \u0645\u0646\u0637\u0642\u0629 \u062a\u062d\u062a \u0627\u0644\u0639\u064a\u0646 \u0648\u0628\u0648\u062f\u0631\u0629 \u0623\u062e\u0631\u0649 \u0644\u062a\u062b\u0628\u064a\u062a \u0627\u0644\u0645\u0643\u064a\u0627\u062c \u0639\u0644\u0649 \u0643\u0627\u0645\u0644 \u0627\u0644\u0648\u062c\u0647. \u062a\u0631\u0643\u064a\u0628\u062a\u0647\u0645\u0627 \u0646\u0627\u0639\u0645\u0629 \u0648\u062e\u0641\u064a\u0641\u0629\u060c \u062a\u0642\u0644\u0644\u0627\u0646 \u0627\u0644\u0644\u0645\u0639\u0627\u0646 \u0648\u062a\u0646\u0639\u0651\u0645\u0627\u0646 \u0645\u0638\u0647\u0631 \u0627\u0644\u0645\u0633\u0627\u0645 \u062f\u0648\u0646 \u062a\u0643\u062a\u0644. \u062a\u0645\u0646\u062d \u0646\u062a\u064a\u062c\u0629 \u0645\u0637\u0641\u064a\u0629\u2011\u0645\u0636\u064a\u0626\u0629 \u0645\u062b\u0627\u0644\u064a\u0629 \u0644\u0644\u0643\u0627\u0645\u064a\u0631\u0627 \u0648\u0644\u0644\u0627\u0633\u062a\u062e\u062f\u0627\u0645 \u0627\u0644\u064a\u0648\u0645\u064a\u060c \u0645\u0639 \u062b\u0628\u0627\u062a \u064a\u062f\u0648\u0645 \u0644\u0633\u0627\u0639\u0627\u062a \u0637\u0648\u064a\u0644\u0629. \u0627\u0644\u0645\u0643\u0648\u0646\u0627\u062a \u0648\u0627\u0644\u062e\u0635\u0627\u0626\u0635 \u0627\u0644\u0631\u0626\u064a\u0633\u064a\u0629 \u2022 \u062a\u0631\u0643\u064a\u0628\u0629 \u0646\u0627\u0639\u0645\u0629 \u062e\u0641\u064a\u0641\u0629 \u0644\u0627 \u062a\u062a\u0631\u0643 \u062e\u0637\u0648\u0637\u064b\u0627 \u2022 \u0628\u0648\u062f\u0631\u0629 \u0644\u062a\u0641\u062a\u064a\u062d \u062a\u062d\u062a \u0627\u0644\u0639\u064a\u0646 \u0648\u0628\u0648\u062f\u0631\u0629 [&hellip;]<\/p>\n","protected":false},"featured_media":35367,"template":"","meta":[],"pwb-brand":[1476],"product_brand":[],"product_cat":[1174,1172],"product_tag":[],"class_list":{"0":"post-35380","1":"product","2":"type-product","3":"status-publish","4":"has-post-thumbnail","6":"pwb-brand-huda-beauty","7":"product_cat-base-primer-makeup","8":"product_cat-powder-makeup","10":"first","11":"instock","12":"shipping-taxable","13":"purchasable","14":"product-type-variable","15":"has-default-attributes","16":"wvs-archive-product-wrapper"},"brands":[{"id":1476,"name":"Huda Beauty","slug":"beaute-huda"}],"_links":{"self":[{"href":"https:\/\/gopinkish.com\/fr\/wp-json\/wp\/v2\/product\/35380","targetHints":{"allow":["GET"]}}],"collection":[{"href":"https:\/\/gopinkish.com\/fr\/wp-json\/wp\/v2\/product"}],"about":[{"href":"https:\/\/gopinkish.com\/fr\/wp-json\/wp\/v2\/types\/product"}],"wp:featuredmedia":[{"embeddable":true,"href":"https:\/\/gopinkish.com\/fr\/wp-json\/wp\/v2\/media\/35367"}],"wp:attachment":[{"href":"https:\/\/gopinkish.com\/fr\/wp-json\/wp\/v2\/media?parent=35380"}],"wp:term":[{"taxonomy":"pwb-brand","embeddable":true,"href":"https:\/\/gopinkish.com\/fr\/wp-json\/wp\/v2\/pwb-brand?post=35380"},{"taxonomy":"product_brand","embeddable":true,"href":"https:\/\/gopinkish.com\/fr\/wp-json\/wp\/v2\/product_brand?post=35380"},{"taxonomy":"product_cat","embeddable":true,"href":"https:\/\/gopinkish.com\/fr\/wp-json\/wp\/v2\/product_cat?post=35380"},{"taxonomy":"product_tag","embeddable":true,"href":"https:\/\/gopinkish.com\/fr\/wp-json\/wp\/v2\/product_tag?post=35380"}],"curies":[{"name":"wp","href":"https:\/\/api.w.org\/{rel}","templated":true}]}}