{"id":35377,"date":"2026-02-26T17:53:20","date_gmt":"2026-02-26T16:53:20","guid":{"rendered":"https:\/\/gopinkish.com\/?post_type=product&#038;p=35377"},"modified":"2026-03-02T13:53:32","modified_gmt":"2026-03-02T12:53:32","slug":"6294018404972","status":"publish","type":"product","link":"https:\/\/gopinkish.com\/fr\/produit\/6294018404972\/","title":{"rendered":"Brillant \u00e0 l\u00e8vres pour un volume et une brillance instantan\u00e9s"},"content":{"rendered":"<p style=\"text-align: justify;\">Un brillant \u00e0 l\u00e8vres intens\u00e9ment brillant qui repousse instantan\u00e9ment les l\u00e8vres gr\u00e2ce \u00e0 des ingr\u00e9dients repulpants. Sa texture douce et non collante et sa brillance vitreuse rehaussent les l\u00e8vres et soulignent leur forme naturelle. Il peut \u00eatre port\u00e9 seul ou par-dessus le rouge \u00e0 l\u00e8vres pour plus de volume et de brillance.<\/p>\n<p><strong>Principaux ingr\u00e9dients et caract\u00e9ristiques<\/strong><br \/>\n- Ingr\u00e9dients renfor\u00e7ant la pl\u00e9nitude pour un volume instantan\u00e9<br \/>\n- Formule brillante avec une finition vitreuse<br \/>\n- Texture lisse et non collante<br \/>\n- Une hydratation confortable qui dure toute la journ\u00e9e<br \/>\n- Une couleur brillante qui rehausse la beaut\u00e9 des l\u00e8vres<\/p>\n<p><strong>Principales caract\u00e9ristiques et avantages<\/strong><br \/>\n- Apporte un volume visible aux l\u00e8vres d\u00e8s l'application<br \/>\n- Apporte une grande brillance qui rehausse l'apparence des l\u00e8vres<br \/>\n- Laisse les l\u00e8vres douces et confortables sans coller<br \/>\n- Parfait pour une utilisation quotidienne ou sur le rouge \u00e0 l\u00e8vres<br \/>\n- Convient \u00e0 tous les types de l\u00e8vres<\/p>\n<p dir=\"ltr\" style=\"text-align: center;\">\ud83c\uddec\ud83c\udde7 Huda Beauty Faux Filler Lip Gloss - Instant Plumping Shine<br \/>\n\ud83c\uddeb\ud83c\uddf7 Huda Beauty Faux Filler - Gloss Repulpant Brillance Intense<\/p>","protected":false},"excerpt":{"rendered":"<p>\u063a\u0644\u0648\u0633 \u0634\u0641\u0627\u0647 \u0628\u062a\u0631\u0643\u064a\u0628\u0629 \u0644\u0627\u0645\u0639\u0629 \u0645\u0643\u062b\u0641\u0629 \u064a\u0645\u0646\u062d \u0627\u0644\u0634\u0641\u0627\u0647 \u0645\u0638\u0647\u0631\u064b\u0627 \u0645\u0645\u062a\u0644\u0626\u064b\u0627 \u0641\u0648\u0631\u064b\u0627 \u0628\u0641\u0636\u0644 \u0645\u0643\u0648\u0646\u0627\u062a \u0645\u062d\u0633\u0651\u0646\u0629 \u0644\u0644\u0627\u0645\u062a\u0644\u0627\u0621. \u064a\u062a\u0645\u064a\u0632 \u0628\u0642\u0648\u0627\u0645 \u0646\u0627\u0639\u0645 \u063a\u064a\u0631 \u0644\u0632\u062c\u060c \u0648\u0644\u0645\u0639\u0629 \u0632\u062c\u0627\u062c\u064a\u0629 \u062a\u0639\u0632\u0632 \u062c\u0645\u0627\u0644 \u0627\u0644\u0634\u0641\u0627\u0647 \u0648\u062a\u0628\u0631\u0632 \u0634\u0643\u0644\u0647\u0627 \u0627\u0644\u0637\u0628\u064a\u0639\u064a. \u064a\u0645\u0643\u0646 \u0627\u0633\u062a\u062e\u062f\u0627\u0645\u0647 \u0628\u0645\u0641\u0631\u062f\u0647 \u0623\u0648 \u0641\u0648\u0642 \u0623\u062d\u0645\u0631 \u0627\u0644\u0634\u0641\u0627\u0647 \u0644\u0625\u0636\u0627\u0641\u0629 \u062d\u062c\u0645 \u0648\u0644\u0645\u0639\u0627\u0646 \u0625\u0636\u0627\u0641\u064a. \u0627\u0644\u0645\u0643\u0648\u0646\u0627\u062a \u0648\u0627\u0644\u062e\u0635\u0627\u0626\u0635 \u0627\u0644\u0631\u0626\u064a\u0633\u064a\u0629 \u2022 \u0645\u0643\u0648\u0646\u0627\u062a \u0645\u062d\u0633\u0651\u0646\u0629 \u0644\u0644\u0627\u0645\u062a\u0644\u0627\u0621 \u062a\u0645\u0646\u062d \u062d\u062c\u0645\u064b\u0627 \u0641\u0648\u0631\u064a\u064b\u0627 \u2022 \u062a\u0631\u0643\u064a\u0628\u0629 \u0644\u0627\u0645\u0639\u0629 \u0628\u0644\u0645\u0633\u0629 \u0632\u062c\u0627\u062c\u064a\u0629 \u2022 \u0642\u0648\u0627\u0645 [&hellip;]<\/p>\n","protected":false},"featured_media":35353,"template":"","meta":[],"pwb-brand":[1476],"product_brand":[],"product_cat":[1180],"product_tag":[],"class_list":{"0":"post-35377","1":"product","2":"type-product","3":"status-publish","4":"has-post-thumbnail","6":"pwb-brand-huda-beauty","7":"product_cat-lips-gloss-makeup","9":"first","10":"instock","11":"shipping-taxable","12":"purchasable","13":"product-type-variable","14":"has-default-attributes","15":"wvs-archive-product-wrapper"},"brands":[{"id":1476,"name":"Huda Beauty","slug":"beaute-huda"}],"_links":{"self":[{"href":"https:\/\/gopinkish.com\/fr\/wp-json\/wp\/v2\/product\/35377","targetHints":{"allow":["GET"]}}],"collection":[{"href":"https:\/\/gopinkish.com\/fr\/wp-json\/wp\/v2\/product"}],"about":[{"href":"https:\/\/gopinkish.com\/fr\/wp-json\/wp\/v2\/types\/product"}],"wp:featuredmedia":[{"embeddable":true,"href":"https:\/\/gopinkish.com\/fr\/wp-json\/wp\/v2\/media\/35353"}],"wp:attachment":[{"href":"https:\/\/gopinkish.com\/fr\/wp-json\/wp\/v2\/media?parent=35377"}],"wp:term":[{"taxonomy":"pwb-brand","embeddable":true,"href":"https:\/\/gopinkish.com\/fr\/wp-json\/wp\/v2\/pwb-brand?post=35377"},{"taxonomy":"product_brand","embeddable":true,"href":"https:\/\/gopinkish.com\/fr\/wp-json\/wp\/v2\/product_brand?post=35377"},{"taxonomy":"product_cat","embeddable":true,"href":"https:\/\/gopinkish.com\/fr\/wp-json\/wp\/v2\/product_cat?post=35377"},{"taxonomy":"product_tag","embeddable":true,"href":"https:\/\/gopinkish.com\/fr\/wp-json\/wp\/v2\/product_tag?post=35377"}],"curies":[{"name":"wp","href":"https:\/\/api.w.org\/{rel}","templated":true}]}}