{"id":35337,"date":"2026-01-25T17:08:12","date_gmt":"2026-01-25T16:08:12","guid":{"rendered":"https:\/\/gopinkish.com\/?post_type=product&#038;p=35337"},"modified":"2026-04-24T18:52:02","modified_gmt":"2026-04-24T17:52:02","slug":"3600523951291","status":"publish","type":"product","link":"https:\/\/gopinkish.com\/fr\/produit\/3600523951291\/","title":{"rendered":"Fond de teint poudre longue tenue et couvrance totale"},"content":{"rendered":"<p style=\"text-align: justify;\">Un fond de teint poudre haute performance qui allie la l\u00e9g\u00e8ret\u00e9 d'une poudre \u00e0 la couvrance d'un fond de teint liquide. Il donne \u00e0 la peau un fini mat et doux, sans sensation de lourdeur, et r\u00e9siste \u00e0 la sueur, \u00e0 l'humidit\u00e9 et aux frottements. Id\u00e9al pour un usage quotidien et pour les peaux grasses et mixtes, il peut \u00eatre utilis\u00e9 seul ou par-dessus le fond de teint pour maximiser la couvrance.<\/p>\n<p><strong>Principaux ingr\u00e9dients et caract\u00e9ristiques<\/strong><br \/>\n- Formule poudre l\u00e9g\u00e8re et couvrante<br \/>\n- R\u00e9sistant \u00e0 la sueur, \u00e0 l'humidit\u00e9 et au frottement<br \/>\n- Procure un fini mat naturel<br \/>\n- Non com\u00e9dog\u00e8ne et non com\u00e9dog\u00e8ne<br \/>\n- Peut \u00eatre utilis\u00e9 seul ou par-dessus le maquillage<\/p>\n<p><strong>Principales caract\u00e9ristiques et avantages<\/strong><br \/>\n- Couvre instantan\u00e9ment les imperfections et unifie le teint.<br \/>\n- Tient jusqu'\u00e0 24 heures sans s'estomper<br \/>\n- Laisse la peau lisse et sans brillance<br \/>\n- Id\u00e9al pour les peaux grasses et mixtes<br \/>\n- Facile \u00e0 appliquer et facile \u00e0 transporter pour les retouches<\/p>\n<p dir=\"ltr\" style=\"text-align: center;\">\ud83c\uddec\ud83c\udde7 L'Or\u00e9al Infaillible 24H Fresh Wear Fond de teint en poudre - Couvrance totale mate<br \/>\n\ud83c\uddeb\ud83c\uddf7 L'Or\u00e9al Infaillible 24H Fresh Wear - Fond de Teint Poudre Tenue 24H<\/p>","protected":false},"excerpt":{"rendered":"<p>\u0641\u0627\u0648\u0646\u062f\u064a\u0634\u0646 \u0628\u0648\u062f\u0631\u0629 \u0639\u0627\u0644\u064a \u0627\u0644\u0623\u062f\u0627\u0621 \u064a\u062c\u0645\u0639 \u0628\u064a\u0646 \u062e\u0641\u0629 \u0627\u0644\u0628\u0648\u062f\u0631\u0629 \u0648\u0642\u0648\u0629 \u062a\u063a\u0637\u064a\u0629 \u0627\u0644\u0641\u0627\u0648\u0646\u062f\u064a\u0634\u0646 \u0627\u0644\u0633\u0627\u0626\u0644. \u064a\u0645\u0646\u062d \u0627\u0644\u0628\u0634\u0631\u0629 \u0645\u0638\u0647\u0631\u064b\u0627 \u0646\u0627\u0639\u0645\u064b\u0627 \u0645\u0637\u0641\u064a\u064b\u0627 \u062f\u0648\u0646 \u0625\u062d\u0633\u0627\u0633 \u062b\u0642\u064a\u0644\u060c \u0648\u064a\u0642\u0627\u0648\u0645 \u0627\u0644\u0639\u0631\u0642 \u0648\u0627\u0644\u0631\u0637\u0648\u0628\u0629 \u0648\u0627\u0644\u0627\u062d\u062a\u0643\u0627\u0643. \u0645\u062b\u0627\u0644\u064a \u0644\u0644\u0627\u0633\u062a\u062e\u062f\u0627\u0645 \u0627\u0644\u064a\u0648\u0645\u064a \u0648\u0644\u0644\u0628\u0634\u0631\u0629 \u0627\u0644\u062f\u0647\u0646\u064a\u0629 \u0648\u0627\u0644\u0645\u062e\u062a\u0644\u0637\u0629\u060c \u0648\u064a\u0645\u0643\u0646 \u0627\u0633\u062a\u062e\u062f\u0627\u0645\u0647 \u0628\u0645\u0641\u0631\u062f\u0647 \u0623\u0648 \u0641\u0648\u0642 \u0627\u0644\u0641\u0627\u0648\u0646\u062f\u064a\u0634\u0646 \u0644\u0632\u064a\u0627\u062f\u0629 \u0627\u0644\u062a\u063a\u0637\u064a\u0629. \u0627\u0644\u0645\u0643\u0648\u0646\u0627\u062a \u0648\u0627\u0644\u062e\u0635\u0627\u0626\u0635 \u0627\u0644\u0631\u0626\u064a\u0633\u064a\u0629 \u2022 \u062a\u0631\u0643\u064a\u0628\u0629 \u0628\u0648\u062f\u0631\u0629 \u062e\u0641\u064a\u0641\u0629 \u0628\u062a\u063a\u0637\u064a\u0629 \u0643\u0627\u0645\u0644\u0629 \u2022 \u0645\u0642\u0627\u0648\u0645\u0629 \u0644\u0644\u0639\u0631\u0642 \u0648\u0627\u0644\u0631\u0637\u0648\u0628\u0629 \u0648\u0627\u0644\u0627\u062d\u062a\u0643\u0627\u0643 \u2022 \u064a\u0645\u0646\u062d \u0645\u0638\u0647\u0631\u064b\u0627 [&hellip;]<\/p>\n","protected":false},"featured_media":35318,"template":"","meta":[],"pwb-brand":[239],"product_brand":[],"product_cat":[1174],"product_tag":[],"class_list":{"0":"post-35337","1":"product","2":"type-product","3":"status-publish","4":"has-post-thumbnail","6":"pwb-brand-loreal","7":"product_cat-base-primer-makeup","9":"first","10":"instock","11":"shipping-taxable","12":"purchasable","13":"product-type-variable","14":"has-default-attributes","15":"wvs-archive-product-wrapper"},"brands":[{"id":239,"name":"L'Or\u00e9al Paris","slug":"loreal"}],"_links":{"self":[{"href":"https:\/\/gopinkish.com\/fr\/wp-json\/wp\/v2\/product\/35337","targetHints":{"allow":["GET"]}}],"collection":[{"href":"https:\/\/gopinkish.com\/fr\/wp-json\/wp\/v2\/product"}],"about":[{"href":"https:\/\/gopinkish.com\/fr\/wp-json\/wp\/v2\/types\/product"}],"wp:featuredmedia":[{"embeddable":true,"href":"https:\/\/gopinkish.com\/fr\/wp-json\/wp\/v2\/media\/35318"}],"wp:attachment":[{"href":"https:\/\/gopinkish.com\/fr\/wp-json\/wp\/v2\/media?parent=35337"}],"wp:term":[{"taxonomy":"pwb-brand","embeddable":true,"href":"https:\/\/gopinkish.com\/fr\/wp-json\/wp\/v2\/pwb-brand?post=35337"},{"taxonomy":"product_brand","embeddable":true,"href":"https:\/\/gopinkish.com\/fr\/wp-json\/wp\/v2\/product_brand?post=35337"},{"taxonomy":"product_cat","embeddable":true,"href":"https:\/\/gopinkish.com\/fr\/wp-json\/wp\/v2\/product_cat?post=35337"},{"taxonomy":"product_tag","embeddable":true,"href":"https:\/\/gopinkish.com\/fr\/wp-json\/wp\/v2\/product_tag?post=35337"}],"curies":[{"name":"wp","href":"https:\/\/api.w.org\/{rel}","templated":true}]}}