{"id":35309,"date":"2026-01-25T16:35:50","date_gmt":"2026-01-25T15:35:50","guid":{"rendered":"https:\/\/gopinkish.com\/?post_type=product&#038;p=35309"},"modified":"2026-03-02T13:51:17","modified_gmt":"2026-03-02T12:51:17","slug":"6938582342864","status":"publish","type":"product","link":"https:\/\/gopinkish.com\/fr\/produit\/6938582342864\/","title":{"rendered":"Un brillant \u00e0 l\u00e8vres l\u00e9ger, hydratant et repulpant"},"content":{"rendered":"<p style=\"text-align: justify;\">Un brillant \u00e0 l\u00e8vres l\u00e9ger et brillant qui laisse les l\u00e8vres pleines et saines. Il a un fini doux et non collant et une couleur juteuse qui rehausse naturellement la beaut\u00e9 des l\u00e8vres. Il peut \u00eatre utilis\u00e9 seul au quotidien ou par-dessus le rouge \u00e0 l\u00e8vres pour plus de brillance.<\/p>\n<p><strong>Principaux ingr\u00e9dients et caract\u00e9ristiques<\/strong><br \/>\n- Une formule brillante qui donne un aspect juteux, juteux.<br \/>\n- Texture l\u00e9g\u00e8re et non collante<br \/>\n- Une couleur douce qui rehausse la beaut\u00e9 des l\u00e8vres<br \/>\n- Hydrate l\u00e9g\u00e8rement et am\u00e9liore la douceur des l\u00e8vres<br \/>\n- Convient \u00e0 un usage quotidien<\/p>\n<p><strong>Principales caract\u00e9ristiques et avantages<\/strong><br \/>\n- Apporte aux l\u00e8vres une brillance visible sans les alourdir<br \/>\n- Laisse les l\u00e8vres douces et confortables<br \/>\n- Favorise la pl\u00e9nitude naturelle des l\u00e8vres<br \/>\n- Peut \u00eatre utilis\u00e9 seul ou sur le rouge \u00e0 l\u00e8vres<br \/>\n- Convient \u00e0 tous les types de l\u00e8vres<\/p>\n<p dir=\"ltr\" style=\"text-align: center;\">\ud83c\uddec\ud83c\udde7 SHEGLAM Gloss \u00e0 l\u00e8vres pour le conseil familial - Juicy Shine &amp; Comfort<br \/>\n\ud83c\uddeb\ud83c\uddf7 SHEGLAM Family Counselling Lip Gloss - Brillance Confortable et Aspect Juteux<\/p>","protected":false},"excerpt":{"rendered":"<p>\u063a\u0644\u0648\u0633 \u0634\u0641\u0627\u0647 \u0628\u062a\u0631\u0643\u064a\u0628\u0629 \u062e\u0641\u064a\u0641\u0629 \u0648\u0644\u0627\u0645\u0639\u0629 \u064a\u0645\u0646\u062d \u0627\u0644\u0634\u0641\u0627\u0647 \u0645\u0638\u0647\u0631\u064b\u0627 \u0645\u0645\u062a\u0644\u0626\u064b\u0627 \u0648\u0635\u062d\u064a\u064b\u0627. \u064a\u062a\u0645\u064a\u0632 \u0628\u0644\u0645\u0633\u0629 \u0646\u0627\u0639\u0645\u0629 \u063a\u064a\u0631 \u0644\u0632\u062c\u0629\u060c \u0648\u0644\u0648\u0646 \u0639\u0635\u064a\u0631\u064a \u064a\u0639\u0632\u0632 \u062c\u0645\u0627\u0644 \u0627\u0644\u0634\u0641\u0627\u0647 \u0628\u0634\u0643\u0644 \u0637\u0628\u064a\u0639\u064a. \u0645\u0646\u0627\u0633\u0628 \u0644\u0644\u0627\u0633\u062a\u062e\u062f\u0627\u0645 \u0627\u0644\u064a\u0648\u0645\u064a \u0628\u0645\u0641\u0631\u062f\u0647 \u0623\u0648 \u0641\u0648\u0642 \u0623\u062d\u0645\u0631 \u0627\u0644\u0634\u0641\u0627\u0647 \u0644\u0625\u0636\u0627\u0641\u0629 \u0644\u0645\u0639\u0627\u0646 \u0625\u0636\u0627\u0641\u064a. \u0627\u0644\u0645\u0643\u0648\u0646\u0627\u062a \u0648\u0627\u0644\u062e\u0635\u0627\u0626\u0635 \u0627\u0644\u0631\u0626\u064a\u0633\u064a\u0629 \u2022 \u062a\u0631\u0643\u064a\u0628\u0629 \u0644\u0627\u0645\u0639\u0629 \u062a\u0645\u0646\u062d \u0645\u0638\u0647\u0631\u064b\u0627 \u0639\u0635\u064a\u0631\u064a\u064b\u0627 \u062c\u0630\u0627\u0628\u064b\u0627 \u2022 \u0642\u0648\u0627\u0645 \u062e\u0641\u064a\u0641 \u063a\u064a\u0631 \u0644\u0632\u062c \u2022 \u0644\u0648\u0646 \u0646\u0627\u0639\u0645 \u064a\u0639\u0632\u0632 \u062c\u0645\u0627\u0644 \u0627\u0644\u0634\u0641\u0627\u0647 \u2022 [&hellip;]<\/p>\n","protected":false},"featured_media":35287,"template":"","meta":[],"pwb-brand":[709],"product_brand":[],"product_cat":[1180],"product_tag":[],"class_list":{"0":"post-35309","1":"product","2":"type-product","3":"status-publish","4":"has-post-thumbnail","6":"pwb-brand-sheglam","7":"product_cat-lips-gloss-makeup","9":"first","10":"instock","11":"shipping-taxable","12":"purchasable","13":"product-type-variable","14":"has-default-attributes","15":"wvs-archive-product-wrapper"},"brands":[{"id":709,"name":"Sheglam","slug":"sheglam"}],"_links":{"self":[{"href":"https:\/\/gopinkish.com\/fr\/wp-json\/wp\/v2\/product\/35309","targetHints":{"allow":["GET"]}}],"collection":[{"href":"https:\/\/gopinkish.com\/fr\/wp-json\/wp\/v2\/product"}],"about":[{"href":"https:\/\/gopinkish.com\/fr\/wp-json\/wp\/v2\/types\/product"}],"wp:featuredmedia":[{"embeddable":true,"href":"https:\/\/gopinkish.com\/fr\/wp-json\/wp\/v2\/media\/35287"}],"wp:attachment":[{"href":"https:\/\/gopinkish.com\/fr\/wp-json\/wp\/v2\/media?parent=35309"}],"wp:term":[{"taxonomy":"pwb-brand","embeddable":true,"href":"https:\/\/gopinkish.com\/fr\/wp-json\/wp\/v2\/pwb-brand?post=35309"},{"taxonomy":"product_brand","embeddable":true,"href":"https:\/\/gopinkish.com\/fr\/wp-json\/wp\/v2\/product_brand?post=35309"},{"taxonomy":"product_cat","embeddable":true,"href":"https:\/\/gopinkish.com\/fr\/wp-json\/wp\/v2\/product_cat?post=35309"},{"taxonomy":"product_tag","embeddable":true,"href":"https:\/\/gopinkish.com\/fr\/wp-json\/wp\/v2\/product_tag?post=35309"}],"curies":[{"name":"wp","href":"https:\/\/api.w.org\/{rel}","templated":true}]}}