{"id":35282,"date":"2026-01-25T15:53:00","date_gmt":"2026-01-25T14:53:00","guid":{"rendered":"https:\/\/gopinkish.com\/?post_type=product&#038;p=35282"},"modified":"2026-04-28T09:58:15","modified_gmt":"2026-04-28T08:58:15","slug":"8809652589503","status":"publish","type":"product","link":"https:\/\/gopinkish.com\/fr\/produit\/8809652589503\/","title":{"rendered":"Cr\u00e8me pour les yeux qui raffermit la peau et att\u00e9nue les rides"},"content":{"rendered":"<p style=\"text-align: justify;\">Cette cr\u00e8me concentr\u00e9e pour les yeux est con\u00e7ue pour lutter contre les rides, les ridules et les cernes. Formul\u00e9e avec du r\u00e9tinol pour stimuler le renouvellement cellulaire, du NMN pour renforcer l'\u00e9lasticit\u00e9 de la peau et des peptides pour augmenter le volume du contour de l'\u0153il. Elle hydrate en profondeur et am\u00e9liore l'apparence des poches, laissant le contour de l'\u0153il plus lisse et plus radieux.<\/p>\n<p><strong>Principaux ingr\u00e9dients et caract\u00e9ristiques<\/strong><br \/>\n- Le r\u00e9tinol stimule le renouvellement cellulaire et att\u00e9nue les rides.<br \/>\n- NMN pour renforcer l'\u00e9lasticit\u00e9 et la fermet\u00e9 de la peau<br \/>\n- Peptides pour augmenter la pl\u00e9nitude autour de l'\u0153il<br \/>\n- Ingr\u00e9dients apaisants pour r\u00e9duire les poches et les rougeurs<br \/>\n- Formule l\u00e9g\u00e8re qui p\u00e9n\u00e8tre rapidement sans coller<\/p>\n<p><strong>Principales caract\u00e9ristiques et avantages<\/strong><br \/>\n- R\u00e9duit les rides et les ridules autour des yeux<br \/>\n- Raffermit la peau et renforce son \u00e9lasticit\u00e9<br \/>\n- R\u00e9duit les cernes et \u00e9claircit les yeux<br \/>\n- Hydrate en profondeur et r\u00e9duit les poches<br \/>\n- Convient pour une utilisation de nuit et de jour<\/p>\n<p dir=\"ltr\" style=\"text-align: center;\">\ud83c\uddec\ud83c\udde7 Numbuzin NMN Retinol Volumetox Eye Cream - Soin raffermissant et anti-rides<br \/>\n\ud83c\uddeb\ud83c\uddf7 Numbuzin NMN Retinol Volumetox - Cr\u00e8me Contour des Yeux Raffermissante<\/p>","protected":false},"excerpt":{"rendered":"<p>\u0643\u0631\u064a\u0645 \u0639\u064a\u0648\u0646 \u0645\u0631\u0643\u0632 \u0645\u0635\u0645\u0645 \u0644\u0627\u0633\u062a\u0647\u062f\u0627\u0641 \u0627\u0644\u062e\u0637\u0648\u0637 \u0627\u0644\u062f\u0642\u064a\u0642\u0629\u060c \u0627\u0644\u062a\u062c\u0627\u0639\u064a\u062f\u060c \u0648\u0627\u0644\u0647\u0627\u0644\u0627\u062a \u0627\u0644\u062f\u0627\u0643\u0646\u0629. \u062a\u0631\u0643\u064a\u0628\u062a\u0647 \u062a\u062d\u062a\u0648\u064a \u0639\u0644\u0649 \u0627\u0644\u0631\u064a\u062a\u064a\u0646\u0648\u0644 \u0644\u062a\u062d\u0641\u064a\u0632 \u062a\u062c\u062f\u064a\u062f \u0627\u0644\u062e\u0644\u0627\u064a\u0627\u060c NMN \u0644\u062a\u0639\u0632\u064a\u0632 \u0645\u0631\u0648\u0646\u0629 \u0627\u0644\u0628\u0634\u0631\u0629\u060c \u0648\u0627\u0644\u0628\u0628\u062a\u064a\u062f\u0627\u062a \u0644\u0632\u064a\u0627\u062f\u0629 \u0627\u0644\u0627\u0645\u062a\u0644\u0627\u0621 \u062d\u0648\u0644 \u0627\u0644\u0639\u064a\u0646. \u0643\u0645\u0627 \u064a\u0645\u0646\u062d \u062a\u0631\u0637\u064a\u0628\u064b\u0627 \u0639\u0645\u064a\u0642\u064b\u0627 \u0648\u064a\u062d\u0633\u0651\u0646 \u0645\u0638\u0647\u0631 \u0627\u0644\u0627\u0646\u062a\u0641\u0627\u062e\u060c \u0645\u0645\u0627 \u064a\u062c\u0639\u0644 \u0645\u0646\u0637\u0642\u0629 \u0627\u0644\u0639\u064a\u0646 \u0623\u0643\u062b\u0631 \u0646\u0639\u0648\u0645\u0629 \u0648\u0625\u0634\u0631\u0627\u0642\u064b\u0627. \u0627\u0644\u0645\u0643\u0648\u0646\u0627\u062a \u0648\u0627\u0644\u062e\u0635\u0627\u0626\u0635 \u0627\u0644\u0631\u0626\u064a\u0633\u064a\u0629 \u2022 \u0631\u064a\u062a\u064a\u0646\u0648\u0644 \u0644\u062a\u062d\u0641\u064a\u0632 \u062a\u062c\u062f\u064a\u062f \u0627\u0644\u062e\u0644\u0627\u064a\u0627 \u0648\u062a\u0642\u0644\u064a\u0644 \u0627\u0644\u062a\u062c\u0627\u0639\u064a\u062f \u2022 NMN \u0644\u062a\u0639\u0632\u064a\u0632 \u0645\u0631\u0648\u0646\u0629 \u0627\u0644\u0628\u0634\u0631\u0629 [&hellip;]<\/p>\n","protected":false},"featured_media":35266,"template":"","meta":[],"pwb-brand":[1332],"product_brand":[],"product_cat":[1126,1127,1128],"product_tag":[734,679],"class_list":{"0":"post-35282","1":"product","2":"type-product","3":"status-publish","4":"has-post-thumbnail","6":"pwb-brand-numbuzin","7":"product_cat-eyes-moist","8":"product_cat-eyes-bright","9":"product_cat-eyes-lift","10":"product_tag-734","11":"product_tag-darkcircles","13":"first","14":"instock","15":"shipping-taxable","16":"purchasable","17":"product-type-variable","18":"has-default-attributes","19":"wvs-archive-product-wrapper"},"brands":[{"id":1332,"name":"Numbuzin","slug":"numbuzin"}],"_links":{"self":[{"href":"https:\/\/gopinkish.com\/fr\/wp-json\/wp\/v2\/product\/35282","targetHints":{"allow":["GET"]}}],"collection":[{"href":"https:\/\/gopinkish.com\/fr\/wp-json\/wp\/v2\/product"}],"about":[{"href":"https:\/\/gopinkish.com\/fr\/wp-json\/wp\/v2\/types\/product"}],"wp:featuredmedia":[{"embeddable":true,"href":"https:\/\/gopinkish.com\/fr\/wp-json\/wp\/v2\/media\/35266"}],"wp:attachment":[{"href":"https:\/\/gopinkish.com\/fr\/wp-json\/wp\/v2\/media?parent=35282"}],"wp:term":[{"taxonomy":"pwb-brand","embeddable":true,"href":"https:\/\/gopinkish.com\/fr\/wp-json\/wp\/v2\/pwb-brand?post=35282"},{"taxonomy":"product_brand","embeddable":true,"href":"https:\/\/gopinkish.com\/fr\/wp-json\/wp\/v2\/product_brand?post=35282"},{"taxonomy":"product_cat","embeddable":true,"href":"https:\/\/gopinkish.com\/fr\/wp-json\/wp\/v2\/product_cat?post=35282"},{"taxonomy":"product_tag","embeddable":true,"href":"https:\/\/gopinkish.com\/fr\/wp-json\/wp\/v2\/product_tag?post=35282"}],"curies":[{"name":"wp","href":"https:\/\/api.w.org\/{rel}","templated":true}]}}