{"id":35120,"date":"2026-01-25T12:30:22","date_gmt":"2026-01-25T11:30:22","guid":{"rendered":"https:\/\/gopinkish.com\/?post_type=product&#038;p=35120"},"modified":"2026-03-02T13:50:21","modified_gmt":"2026-03-02T12:50:21","slug":"5060542728171","status":"publish","type":"product","link":"https:\/\/gopinkish.com\/fr\/produit\/5060542728171\/","title":{"rendered":"Mascara liftant pour les cils pendant 24 heures avec un volume clair"},"content":{"rendered":"<p style=\"text-align: justify;\">Un mascara innovant qui donne aux cils un effet lift\u00e9 instantan\u00e9, avec un volume et une longueur visibles qui durent toute la journ\u00e9e. Il est dot\u00e9 d'une brosse \u00e0 double face : Un c\u00f4t\u00e9 plat pour distribuer la formule et un c\u00f4t\u00e9 peigne pour soulever et s\u00e9parer les cils avec pr\u00e9cision. La formule est l\u00e9g\u00e8re, intens\u00e9ment noire, et ne s'agglom\u00e8re pas et ne tombe pas.<\/p>\n<p><strong>Principaux ingr\u00e9dients et caract\u00e9ristiques<\/strong><br \/>\n- Une formule l\u00e9g\u00e8re qui donne un effet liftant instantan\u00e9 aux cils.<br \/>\n- Couleur noire intense pour un effet spectaculaire<br \/>\n- Brosse double face pour soulever et s\u00e9parer<br \/>\n- Jusqu'\u00e0 24 heures de tenue sans bavure<br \/>\n- Convient aux cils courts et fins<br \/>\n- Facile \u00e0 enlever sans tirer<\/p>\n<p><strong>Principales caract\u00e9ristiques et avantages<\/strong><br \/>\n- Donne aux cils un lifting visible qui dure toute la journ\u00e9e<br \/>\n- Ajoute du volume et de la longueur sans faire de grumeaux<br \/>\n- S\u00e9paration pr\u00e9cise des cils gr\u00e2ce \u00e0 la conception de la brosse<br \/>\n- Cr\u00e9e un effet \u201cPush-Up\u201d flatteur qui ressemble \u00e0 des cils relev\u00e9s.<br \/>\n- Parfait pour les looks de tous les jours et les occasions<\/p>\n<p dir=\"ltr\" style=\"text-align: center;\">\ud83c\uddec\ud83c\udde7 Charlotte Tilbury Pillow Talk Push Up Lashes - Mascara 24H Lift &amp; Volume<br \/>\n\ud83c\uddeb\ud83c\uddf7 Charlotte Tilbury Pillow Talk Push Up Lashes - Mascara Effet Lift 24H<\/p>","protected":false},"excerpt":{"rendered":"<p>\u0645\u0627\u0633\u0643\u0627\u0631\u0627 \u0645\u0628\u062a\u0643\u0631\u0629 \u062a\u0645\u0646\u062d \u0627\u0644\u0631\u0645\u0648\u0634 \u0631\u0641\u0639\u064b\u0627 \u0641\u0648\u0631\u064a\u064b\u0627 \u064a\u0634\u0628\u0647 \u062a\u0623\u062b\u064a\u0631 \u0627\u0644\u0631\u0645\u0648\u0634 \u0627\u0644\u0645\u0631\u0641\u0648\u0639\u0629\u060c \u0645\u0639 \u062d\u062c\u0645 \u0648\u0637\u0648\u0644 \u0648\u0627\u0636\u062d\u064a\u0646 \u064a\u062f\u0648\u0645\u0627\u0646 \u0637\u0648\u0627\u0644 \u0627\u0644\u064a\u0648\u0645. \u062a\u062a\u0645\u064a\u0632 \u0628\u0641\u0631\u0634\u0627\u0629 \u0645\u0632\u062f\u0648\u062c\u0629 \u0627\u0644\u062c\u0648\u0627\u0646\u0628: \u062c\u0627\u0646\u0628 \u0645\u0633\u0637\u0651\u062d \u0644\u062a\u0648\u0632\u064a\u0639 \u0627\u0644\u062a\u0631\u0643\u064a\u0628\u0629\u060c \u0648\u062c\u0627\u0646\u0628 \u0645\u0634\u0637 \u0644\u0631\u0641\u0639 \u0627\u0644\u0631\u0645\u0648\u0634 \u0648\u0641\u0635\u0644\u0647\u0627 \u0628\u062f\u0642\u0629. \u062a\u0631\u0643\u064a\u0628\u062a\u0647\u0627 \u062e\u0641\u064a\u0641\u0629\u060c \u0633\u0648\u062f\u0627\u0621 \u0645\u0643\u062b\u0641\u0629\u060c \u0648\u0644\u0627 \u062a\u062a\u0643\u062a\u0644 \u0623\u0648 \u062a\u062a\u0633\u0627\u0642\u0637. \u0627\u0644\u0645\u0643\u0648\u0646\u0627\u062a \u0648\u0627\u0644\u062e\u0635\u0627\u0626\u0635 \u0627\u0644\u0631\u0626\u064a\u0633\u064a\u0629 \u2022 \u062a\u0631\u0643\u064a\u0628\u0629 \u062e\u0641\u064a\u0641\u0629 \u062a\u0645\u0646\u062d \u0631\u0641\u0639\u064b\u0627 \u0641\u0648\u0631\u064a\u064b\u0627 \u0644\u0644\u0631\u0645\u0648\u0634 \u2022 \u0644\u0648\u0646 \u0623\u0633\u0648\u062f \u0645\u0643\u062b\u0641 \u064a\u0645\u0646\u062d \u0645\u0638\u0647\u0631\u064b\u0627 [&hellip;]<\/p>\n","protected":false},"featured_media":35104,"template":"","meta":[],"pwb-brand":[1357],"product_brand":[],"product_cat":[1189],"product_tag":[],"class_list":{"0":"post-35120","1":"product","2":"type-product","3":"status-publish","4":"has-post-thumbnail","6":"pwb-brand-charlotte-tilbury","7":"product_cat-eyes-mascara","9":"first","10":"instock","11":"shipping-taxable","12":"purchasable","13":"product-type-variable","14":"has-default-attributes","15":"wvs-archive-product-wrapper"},"brands":[{"id":1357,"name":"Charlotte Tilbury","slug":"charlotte-tilbury"}],"_links":{"self":[{"href":"https:\/\/gopinkish.com\/fr\/wp-json\/wp\/v2\/product\/35120","targetHints":{"allow":["GET"]}}],"collection":[{"href":"https:\/\/gopinkish.com\/fr\/wp-json\/wp\/v2\/product"}],"about":[{"href":"https:\/\/gopinkish.com\/fr\/wp-json\/wp\/v2\/types\/product"}],"wp:featuredmedia":[{"embeddable":true,"href":"https:\/\/gopinkish.com\/fr\/wp-json\/wp\/v2\/media\/35104"}],"wp:attachment":[{"href":"https:\/\/gopinkish.com\/fr\/wp-json\/wp\/v2\/media?parent=35120"}],"wp:term":[{"taxonomy":"pwb-brand","embeddable":true,"href":"https:\/\/gopinkish.com\/fr\/wp-json\/wp\/v2\/pwb-brand?post=35120"},{"taxonomy":"product_brand","embeddable":true,"href":"https:\/\/gopinkish.com\/fr\/wp-json\/wp\/v2\/product_brand?post=35120"},{"taxonomy":"product_cat","embeddable":true,"href":"https:\/\/gopinkish.com\/fr\/wp-json\/wp\/v2\/product_cat?post=35120"},{"taxonomy":"product_tag","embeddable":true,"href":"https:\/\/gopinkish.com\/fr\/wp-json\/wp\/v2\/product_tag?post=35120"}],"curies":[{"name":"wp","href":"https:\/\/api.w.org\/{rel}","templated":true}]}}