{"id":35114,"date":"2026-01-25T12:30:12","date_gmt":"2026-01-25T11:30:12","guid":{"rendered":"https:\/\/gopinkish.com\/?post_type=product&#038;p=35114"},"modified":"2026-03-26T00:11:56","modified_gmt":"2026-03-25T23:11:56","slug":"810175610535","status":"publish","type":"product","link":"https:\/\/gopinkish.com\/fr\/produit\/810175610535\/","title":{"rendered":"Spray hydratant pour un \u00e9clat vitreux instantan\u00e9"},"content":{"rendered":"<p style=\"text-align: justify;\">Cette brume hydratante l\u00e9g\u00e8re est con\u00e7ue pour donner \u00e0 la peau un fini glac\u00e9, \u00e9clatant et d'apparence saine. Elle contient un m\u00e9lange de peptides hydratants, de niacinamide pour unifier le teint et d'extraits botaniques apaisants qui donnent \u00e0 la peau un regain de fra\u00eecheur instantan\u00e9. Il peut \u00eatre utilis\u00e9 avant le maquillage pour pr\u00e9parer la peau, apr\u00e8s pour m\u00e9langer les produits, ou tout au long de la journ\u00e9e pour rafra\u00eechir et \u00e9claircir.<\/p>\n<p><strong>Principaux ingr\u00e9dients et caract\u00e9ristiques<\/strong><br \/>\n- Peptides hydratants : Raffermissent et hydratent la peau<br \/>\n- Niacinamide : unifie le teint et am\u00e9liore la texture de la peau<br \/>\n- Extraits v\u00e9g\u00e9taux apaisants : R\u00e9duit les irritations et adoucit la peau<br \/>\n- Formule l\u00e9g\u00e8re avec une brume ultra-fine<br \/>\n- L'effet glac\u00e9 donne un effet glac\u00e9 brillant et sain<\/p>\n<p><strong>Principales caract\u00e9ristiques et avantages<\/strong><br \/>\n- Donne \u00e0 la peau un \u00e9clat vitreux instantan\u00e9<br \/>\n- Hydrate et rafra\u00eechit la peau sans effet gras<br \/>\n- Pr\u00e9pare la peau au maquillage et rend l'application plus douce.<br \/>\n- Adoucit l'apparence de la poudre et rend le maquillage plus facile \u00e0 estomper.<br \/>\n- Convient \u00e0 tous les types de peau<\/p>\n<p dir=\"ltr\" style=\"text-align: center;\">\ud83c\uddec\ud83c\udde7 Rhode Glazing Mist - Spray hydratant pour le visage pour un \u00e9clat ros\u00e9<br \/>\n\ud83c\uddeb\ud83c\uddf7 Rhode Glazing Mist - Spray Hydratant Effet \u00c9clat Glac\u00e9<\/p>","protected":false},"excerpt":{"rendered":"<p>\u0631\u0630\u0627\u0630 \u062a\u0631\u0637\u064a\u0628 \u062e\u0641\u064a\u0641 \u0645\u0635\u0645\u0645 \u0644\u0625\u0636\u0641\u0627\u0621 \u0644\u0645\u0633\u0629 Glazed \u0644\u0627\u0645\u0639\u0629 \u0648\u0635\u062d\u064a\u0629 \u0639\u0644\u0649 \u0627\u0644\u0628\u0634\u0631\u0629. \u064a\u062d\u062a\u0648\u064a \u0639\u0644\u0649 \u0645\u0632\u064a\u062c \u0645\u0646 \u0628\u064a\u0628\u062a\u064a\u062f\u0627\u062a \u0645\u0631\u0637\u0628\u0629\u060c \u0646\u064a\u0627\u0633\u064a\u0646\u0627\u0645\u064a\u062f \u0644\u062a\u0648\u062d\u064a\u062f \u0644\u0648\u0646 \u0627\u0644\u0628\u0634\u0631\u0629\u060c \u0648\u0645\u0633\u062a\u062e\u0644\u0635\u0627\u062a \u0646\u0628\u0627\u062a\u064a\u0629 \u0645\u0647\u062f\u0626\u0629 \u062a\u0645\u0646\u062d \u0627\u0644\u0628\u0634\u0631\u0629 \u0627\u0646\u062a\u0639\u0627\u0634\u064b\u0627 \u0641\u0648\u0631\u064a\u064b\u0627. \u064a\u0645\u0643\u0646 \u0627\u0633\u062a\u062e\u062f\u0627\u0645\u0647 \u0642\u0628\u0644 \u0627\u0644\u0645\u0643\u064a\u0627\u062c \u0644\u062a\u0647\u064a\u0626\u0629 \u0627\u0644\u0628\u0634\u0631\u0629\u060c \u0623\u0648 \u0628\u0639\u062f\u0647 \u0644\u062f\u0645\u062c \u0627\u0644\u0645\u0646\u062a\u062c\u0627\u062a\u060c \u0623\u0648 \u062e\u0644\u0627\u0644 \u0627\u0644\u064a\u0648\u0645 \u0644\u0625\u0639\u0627\u062f\u0629 \u0627\u0644\u0625\u0634\u0631\u0627\u0642\u0629. \u0627\u0644\u0645\u0643\u0648\u0646\u0627\u062a \u0648\u0627\u0644\u062e\u0635\u0627\u0626\u0635 \u0627\u0644\u0631\u0626\u064a\u0633\u064a\u0629 \u2022 \u0628\u064a\u0628\u062a\u064a\u062f\u0627\u062a \u0645\u0631\u0637\u0628\u0629: \u062a\u0639\u0632\u0632 \u0627\u0645\u062a\u0644\u0627\u0621 \u0627\u0644\u0628\u0634\u0631\u0629 \u0648\u062a\u0631\u0637\u064a\u0628\u0647\u0627 \u2022 \u0646\u064a\u0627\u0633\u064a\u0646\u0627\u0645\u064a\u062f: [&hellip;]<\/p>\n","protected":false},"featured_media":35082,"template":"","meta":[],"pwb-brand":[1480],"product_brand":[],"product_cat":[1121],"product_tag":[697],"class_list":{"0":"post-35114","1":"product","2":"type-product","3":"status-publish","4":"has-post-thumbnail","6":"pwb-brand-rhode","7":"product_cat-face-moist","8":"product_tag-moisturizing","10":"first","11":"outofstock","12":"shipping-taxable","13":"product-type-variable","14":"has-default-attributes","15":"wvs-archive-product-wrapper"},"brands":[{"id":1480,"name":"Rhode","slug":"rhode"}],"_links":{"self":[{"href":"https:\/\/gopinkish.com\/fr\/wp-json\/wp\/v2\/product\/35114","targetHints":{"allow":["GET"]}}],"collection":[{"href":"https:\/\/gopinkish.com\/fr\/wp-json\/wp\/v2\/product"}],"about":[{"href":"https:\/\/gopinkish.com\/fr\/wp-json\/wp\/v2\/types\/product"}],"wp:featuredmedia":[{"embeddable":true,"href":"https:\/\/gopinkish.com\/fr\/wp-json\/wp\/v2\/media\/35082"}],"wp:attachment":[{"href":"https:\/\/gopinkish.com\/fr\/wp-json\/wp\/v2\/media?parent=35114"}],"wp:term":[{"taxonomy":"pwb-brand","embeddable":true,"href":"https:\/\/gopinkish.com\/fr\/wp-json\/wp\/v2\/pwb-brand?post=35114"},{"taxonomy":"product_brand","embeddable":true,"href":"https:\/\/gopinkish.com\/fr\/wp-json\/wp\/v2\/product_brand?post=35114"},{"taxonomy":"product_cat","embeddable":true,"href":"https:\/\/gopinkish.com\/fr\/wp-json\/wp\/v2\/product_cat?post=35114"},{"taxonomy":"product_tag","embeddable":true,"href":"https:\/\/gopinkish.com\/fr\/wp-json\/wp\/v2\/product_tag?post=35114"}],"curies":[{"name":"wp","href":"https:\/\/api.w.org\/{rel}","templated":true}]}}