{"id":35074,"date":"2026-01-25T11:46:33","date_gmt":"2026-01-25T10:46:33","guid":{"rendered":"https:\/\/gopinkish.com\/?post_type=product&#038;p=35074"},"modified":"2026-04-28T12:58:38","modified_gmt":"2026-04-28T11:58:38","slug":"5060542727532","status":"publish","type":"product","link":"https:\/\/gopinkish.com\/fr\/produit\/5060542727532\/","title":{"rendered":"Un spray fixateur de longue dur\u00e9e qui donne un effet de filtre doux"},"content":{"rendered":"<p style=\"text-align: justify;\">Un spray fixant ultra-l\u00e9ger con\u00e7u pour maintenir le maquillage en place tout au long de la journ\u00e9e et de la nuit. Il procure un effet a\u00e9rographe doux qui estompe l'apparence des pores et rend le maquillage plus homog\u00e8ne et plus naturel. Il ne laisse pas d'exc\u00e8s de brillance ni de film collant et convient \u00e0 tous les types de peau.<\/p>\n<p><strong>Principaux ingr\u00e9dients et caract\u00e9ristiques<\/strong><br \/>\n- Technologie Airbrush Flawless : Permet d'obtenir un effet de filtre lisse<br \/>\n- Une formule l\u00e9g\u00e8re qui n'alourdit pas la peau<br \/>\n- Aide le maquillage \u00e0 rester en place pendant de longues heures<br \/>\n- Minimise l'apparence des pores et des ridules<br \/>\n- Convient \u00e0 tous les types de peau<br \/>\n- Le brouillard fin distribue le produit uniform\u00e9ment<\/p>\n<p><strong>Principales caract\u00e9ristiques et avantages<\/strong><br \/>\n- Maintient le maquillage en place toute la journ\u00e9e et toute la nuit<br \/>\n- Donne \u00e0 la peau un aspect affin\u00e9 et lisse<br \/>\n- Adoucit l'apparence de la poudre et rend le maquillage plus facile \u00e0 estomper.<br \/>\n- Ne laisse pas de film collant ou lourd<br \/>\n- Parfait pour les \u00e9v\u00e9nements, les soir\u00e9es et l'usage quotidien<\/p>\n<p dir=\"ltr\" style=\"text-align: center;\">\n\ud83c\uddec\ud83c\udde7 Charlotte Tilbury Airbrush Flawless Setting Spray - Party All Night, Stay All Day<br \/>\n\ud83c\uddeb\ud83c\uddf7 Charlotte Tilbury Airbrush Flawless - Spray Fixateur Longue Tenue<\/p>","protected":false},"excerpt":{"rendered":"<p>\u0633\u0628\u0631\u0627\u064a \u062a\u062b\u0628\u064a\u062a \u0628\u062a\u0631\u0643\u064a\u0628\u0629 \u062e\u0641\u064a\u0641\u0629 \u0644\u0644\u063a\u0627\u064a\u0629 \u0645\u0635\u0645\u0645 \u0644\u064a\u062d\u0627\u0641\u0638 \u0639\u0644\u0649 \u0627\u0644\u0645\u0643\u064a\u0627\u062c \u062b\u0627\u0628\u062a\u064b\u0627 \u0637\u0648\u0627\u0644 \u0627\u0644\u064a\u0648\u0645 \u0648\u0627\u0644\u0644\u064a\u0644. \u064a\u0645\u0646\u062d \u062a\u0623\u062b\u064a\u0631 Airbrush \u0646\u0627\u0639\u0645 \u064a\u062e\u0641\u064a \u0645\u0638\u0647\u0631 \u0627\u0644\u0645\u0633\u0627\u0645 \u0648\u064a\u062c\u0639\u0644 \u0627\u0644\u0645\u0643\u064a\u0627\u062c \u064a\u0628\u062f\u0648 \u0623\u0643\u062b\u0631 \u0627\u0646\u062f\u0645\u0627\u062c\u064b\u0627 \u0648\u0637\u0628\u064a\u0639\u064a\u064b\u0627. \u0644\u0627 \u064a\u062a\u0631\u0643 \u0644\u0645\u0639\u0627\u0646\u064b\u0627 \u0632\u0627\u0626\u062f\u064b\u0627 \u0648\u0644\u0627 \u0637\u0628\u0642\u0629 \u0644\u0632\u062c\u0629\u060c \u0648\u0645\u0646\u0627\u0633\u0628 \u0644\u062c\u0645\u064a\u0639 \u0623\u0646\u0648\u0627\u0639 \u0627\u0644\u0628\u0634\u0631\u0629. \u0627\u0644\u0645\u0643\u0648\u0646\u0627\u062a \u0648\u0627\u0644\u062e\u0635\u0627\u0626\u0635 \u0627\u0644\u0631\u0626\u064a\u0633\u064a\u0629 \u2022 \u062a\u0642\u0646\u064a\u0629 Airbrush Flawless: \u062a\u0645\u0646\u062d \u062a\u0623\u062b\u064a\u0631 \u0641\u0644\u062a\u0631 \u0646\u0627\u0639\u0645 \u2022 \u062a\u0631\u0643\u064a\u0628\u0629 \u062e\u0641\u064a\u0641\u0629 \u0644\u0627 \u062a\u062b\u0642\u0644 \u0627\u0644\u0628\u0634\u0631\u0629 \u2022 [&hellip;]<\/p>\n","protected":false},"featured_media":35069,"template":"","meta":[],"pwb-brand":[1357],"product_brand":[],"product_cat":[1174],"product_tag":[],"class_list":{"0":"post-35074","1":"product","2":"type-product","3":"status-publish","4":"has-post-thumbnail","6":"pwb-brand-charlotte-tilbury","7":"product_cat-base-primer-makeup","9":"first","10":"outofstock","11":"shipping-taxable","12":"product-type-variable","13":"has-default-attributes","14":"wvs-archive-product-wrapper"},"brands":[{"id":1357,"name":"Charlotte Tilbury","slug":"charlotte-tilbury"}],"_links":{"self":[{"href":"https:\/\/gopinkish.com\/fr\/wp-json\/wp\/v2\/product\/35074","targetHints":{"allow":["GET"]}}],"collection":[{"href":"https:\/\/gopinkish.com\/fr\/wp-json\/wp\/v2\/product"}],"about":[{"href":"https:\/\/gopinkish.com\/fr\/wp-json\/wp\/v2\/types\/product"}],"wp:featuredmedia":[{"embeddable":true,"href":"https:\/\/gopinkish.com\/fr\/wp-json\/wp\/v2\/media\/35069"}],"wp:attachment":[{"href":"https:\/\/gopinkish.com\/fr\/wp-json\/wp\/v2\/media?parent=35074"}],"wp:term":[{"taxonomy":"pwb-brand","embeddable":true,"href":"https:\/\/gopinkish.com\/fr\/wp-json\/wp\/v2\/pwb-brand?post=35074"},{"taxonomy":"product_brand","embeddable":true,"href":"https:\/\/gopinkish.com\/fr\/wp-json\/wp\/v2\/product_brand?post=35074"},{"taxonomy":"product_cat","embeddable":true,"href":"https:\/\/gopinkish.com\/fr\/wp-json\/wp\/v2\/product_cat?post=35074"},{"taxonomy":"product_tag","embeddable":true,"href":"https:\/\/gopinkish.com\/fr\/wp-json\/wp\/v2\/product_tag?post=35074"}],"curies":[{"name":"wp","href":"https:\/\/api.w.org\/{rel}","templated":true}]}}