{"id":35072,"date":"2026-01-25T11:46:33","date_gmt":"2026-01-25T10:46:33","guid":{"rendered":"https:\/\/gopinkish.com\/?post_type=product&#038;p=35072"},"modified":"2026-01-25T14:25:51","modified_gmt":"2026-01-25T13:25:51","slug":"5056446654265","status":"publish","type":"product","link":"https:\/\/gopinkish.com\/fr\/produit\/5056446654265\/","title":{"rendered":"Spray fixateur de matit\u00e9 qui lisse la peau et r\u00e9duit la brillance"},"content":{"rendered":"<p style=\"text-align: justify;\">Ce spray fixateur avanc\u00e9 \u00e0 la formule ultra-l\u00e9g\u00e8re donne \u00e0 la peau un effet Soft-Focus semblable \u00e0 celui d'un filtre, avec un fini mat qui r\u00e9duit la brillance et fixe le maquillage pour une tenue longue dur\u00e9e. Il aide \u00e0 att\u00e9nuer l'apparence des pores et des ridules sans laisser de film lourd ou dess\u00e9chant.<\/p>\n<p><strong>Principaux ingr\u00e9dients et caract\u00e9ristiques<\/strong><br \/>\n- Matte Blur : r\u00e9duit la brillance et cr\u00e9e un effet de filtre doux<br \/>\n- Une formule l\u00e9g\u00e8re qui n'alourdit pas la peau<br \/>\n- Aide le maquillage \u00e0 rester en place pendant de longues heures<br \/>\n- Minimise l'apparence des pores et des ridules<br \/>\n- Convient aux peaux grasses et mixtes<br \/>\n- Le brouillard fin distribue le produit uniform\u00e9ment<\/p>\n<p><strong>Principales caract\u00e9ristiques et avantages<\/strong><br \/>\n- Fixe le maquillage et pr\u00e9vient la brillance tout au long de la journ\u00e9e<br \/>\n- Donne \u00e0 la peau un aspect affin\u00e9 et lisse<br \/>\n- Adoucit l'apparence de la poudre et rend le maquillage plus facile \u00e0 estomper.<br \/>\n- Ne laisse pas de film collant ou lourd<br \/>\n- Parfait pour un usage quotidien ou pour les occasions<\/p>\n<p dir=\"ltr\" style=\"text-align: center;\">\n\ud83c\uddec\ud83c\udde7 Charlotte Tilbury Airbrush Flawless Setting Spray - Matte Blur Finish<br \/>\n\ud83c\uddeb\ud83c\uddf7 Charlotte Tilbury Airbrush Flawless - Spray Fixateur Fini Mat Flout\u00e9<\/p>","protected":false},"excerpt":{"rendered":"<p>\u0633\u0628\u0631\u0627\u064a \u062a\u062b\u0628\u064a\u062a \u0645\u0637\u0648\u0651\u0631 \u0628\u062a\u0631\u0643\u064a\u0628\u0629 \u062e\u0641\u064a\u0641\u0629 \u0644\u0644\u063a\u0627\u064a\u0629 \u062a\u0645\u0646\u062d \u0627\u0644\u0628\u0634\u0631\u0629 \u062a\u0623\u062b\u064a\u0631 Soft\u2011Focus \u064a\u0634\u0628\u0647 \u0627\u0644\u0641\u0644\u062a\u0631\u060c \u0645\u0639 \u0644\u0645\u0633\u0629 \u0646\u0647\u0627\u0626\u064a\u0629 \u0645\u0637\u0641\u064a\u0629 \u062a\u0642\u0644\u0644 \u0627\u0644\u0644\u0645\u0639\u0627\u0646 \u0648\u062a\u062b\u0628\u062a \u0627\u0644\u0645\u0643\u064a\u0627\u062c \u0644\u0641\u062a\u0631\u0629 \u0637\u0648\u064a\u0644\u0629. \u064a\u0633\u0627\u0639\u062f \u0639\u0644\u0649 \u062a\u0646\u0639\u064a\u0645 \u0645\u0638\u0647\u0631 \u0627\u0644\u0645\u0633\u0627\u0645 \u0648\u0627\u0644\u062e\u0637\u0648\u0637 \u0627\u0644\u0631\u0641\u064a\u0639\u0629 \u062f\u0648\u0646 \u0623\u0646 \u064a\u062a\u0631\u0643 \u0637\u0628\u0642\u0629 \u062b\u0642\u064a\u0644\u0629 \u0623\u0648 \u062c\u0641\u0627\u0641\u064b\u0627. \u0627\u0644\u0645\u0643\u0648\u0646\u0627\u062a \u0648\u0627\u0644\u062e\u0635\u0627\u0626\u0635 \u0627\u0644\u0631\u0626\u064a\u0633\u064a\u0629 \u2022 \u062a\u0642\u0646\u064a\u0629 Matte Blur: \u062a\u0642\u0644\u0644 \u0627\u0644\u0644\u0645\u0639\u0627\u0646 \u0648\u062a\u0645\u0646\u062d \u062a\u0623\u062b\u064a\u0631 \u0641\u0644\u062a\u0631 \u0646\u0627\u0639\u0645 \u2022 \u062a\u0631\u0643\u064a\u0628\u0629 \u062e\u0641\u064a\u0641\u0629 \u0644\u0627 \u062a\u062b\u0642\u0644 \u0627\u0644\u0628\u0634\u0631\u0629 [&hellip;]<\/p>\n","protected":false},"featured_media":35060,"template":"","meta":[],"pwb-brand":[1357],"product_brand":[],"product_cat":[1174],"product_tag":[],"class_list":{"0":"post-35072","1":"product","2":"type-product","3":"status-publish","4":"has-post-thumbnail","6":"pwb-brand-charlotte-tilbury","7":"product_cat-base-primer-makeup","9":"first","10":"instock","11":"shipping-taxable","12":"purchasable","13":"product-type-variable","14":"has-default-attributes","15":"wvs-archive-product-wrapper"},"brands":[{"id":1357,"name":"Charlotte Tilbury","slug":"charlotte-tilbury"}],"_links":{"self":[{"href":"https:\/\/gopinkish.com\/fr\/wp-json\/wp\/v2\/product\/35072","targetHints":{"allow":["GET"]}}],"collection":[{"href":"https:\/\/gopinkish.com\/fr\/wp-json\/wp\/v2\/product"}],"about":[{"href":"https:\/\/gopinkish.com\/fr\/wp-json\/wp\/v2\/types\/product"}],"wp:featuredmedia":[{"embeddable":true,"href":"https:\/\/gopinkish.com\/fr\/wp-json\/wp\/v2\/media\/35060"}],"wp:attachment":[{"href":"https:\/\/gopinkish.com\/fr\/wp-json\/wp\/v2\/media?parent=35072"}],"wp:term":[{"taxonomy":"pwb-brand","embeddable":true,"href":"https:\/\/gopinkish.com\/fr\/wp-json\/wp\/v2\/pwb-brand?post=35072"},{"taxonomy":"product_brand","embeddable":true,"href":"https:\/\/gopinkish.com\/fr\/wp-json\/wp\/v2\/product_brand?post=35072"},{"taxonomy":"product_cat","embeddable":true,"href":"https:\/\/gopinkish.com\/fr\/wp-json\/wp\/v2\/product_cat?post=35072"},{"taxonomy":"product_tag","embeddable":true,"href":"https:\/\/gopinkish.com\/fr\/wp-json\/wp\/v2\/product_tag?post=35072"}],"curies":[{"name":"wp","href":"https:\/\/api.w.org\/{rel}","templated":true}]}}