{"id":35037,"date":"2026-01-25T00:11:21","date_gmt":"2026-01-24T23:11:21","guid":{"rendered":"https:\/\/gopinkish.com\/?post_type=product&#038;p=35037"},"modified":"2026-01-25T00:16:28","modified_gmt":"2026-01-24T23:16:28","slug":"810763032992","status":"publish","type":"product","link":"https:\/\/gopinkish.com\/fr\/produit\/810763032992\/","title":{"rendered":"Une poudre de r\u00e9glage douce pour un look raffin\u00e9 et durable"},"content":{"rendered":"<p style=\"text-align: justify;\">Cette poudre ultra-fine est con\u00e7ue pour fixer le maquillage, lisser l'aspect de la peau et r\u00e9duire la brillance sans alourdir le teint. Disponible en plusieurs teintes pour convenir \u00e0 toutes les carnations, elle cr\u00e9e un effet soft-matte naturel, semblable \u00e0 celui d'un filtre. Id\u00e9ale pour un usage quotidien ou occasionnel.<\/p>\n<p><strong>Principaux ingr\u00e9dients et caract\u00e9ristiques<\/strong><br \/>\n- Formule poudre ultra-fine<br \/>\n- Effet naturel doux-mat<br \/>\n- Minimise la brillance et fixe le maquillage pendant des heures<br \/>\n- Ne laisse pas de traces ou de grumeaux<br \/>\n- Disponible dans une gamme de teintes pour convenir \u00e0 tous les tons de peau<\/p>\n<p><strong>Principales caract\u00e9ristiques et avantages<\/strong><br \/>\n- Stabilise le maquillage et pr\u00e9vient la brillance tout au long de la journ\u00e9e<br \/>\n- Donne \u00e0 la peau un aspect affin\u00e9 et lisse<br \/>\n- Dissimule l'apparence des pores et des ridules<br \/>\n- Ne donne pas l'impression d'\u00eatre lourd ou poudr\u00e9 sur la peau<br \/>\n- Id\u00e9al pour la cuisson au four ou la cuisson \u00e0 la lumi\u00e8re<\/p>\n<p dir=\"ltr\" style=\"text-align: center;\">\n\ud83c\uddec\ud83c\udde7 Fenty Beauty Instant Retouch Setting Powder - Fini doux et mat, longue tenue<br \/>\n\ud83c\uddeb\ud83c\uddf7 Fenty Beauty Poudre Fixante Instant Retouch - Fini Mat Doux Longue Tenue<\/p>","protected":false},"excerpt":{"rendered":"<p>\u0628\u0648\u062f\u0631\u0629 \u062a\u062b\u0628\u064a\u062a \u0641\u0627\u0626\u0642\u0629 \u0627\u0644\u0646\u0639\u0648\u0645\u0629 \u0645\u0635\u0645\u0645\u0629 \u0644\u062a\u062b\u0628\u064a\u062a \u0627\u0644\u0645\u0643\u064a\u0627\u062c\u060c \u062a\u0646\u0639\u064a\u0645 \u0645\u0638\u0647\u0631 \u0627\u0644\u0628\u0634\u0631\u0629\u060c \u0648\u062a\u0642\u0644\u064a\u0644 \u0627\u0644\u0644\u0645\u0639\u0627\u0646 \u062f\u0648\u0646 \u0623\u0646 \u062a\u0628\u062f\u0648 \u062b\u0642\u064a\u0644\u0629. \u062a\u0623\u062a\u064a \u0628\u062f\u0631\u062c\u0627\u062a \u0645\u062a\u0639\u062f\u062f\u0629 \u062a\u0646\u0627\u0633\u0628 \u062c\u0645\u064a\u0639 \u0623\u0644\u0648\u0627\u0646 \u0627\u0644\u0628\u0634\u0631\u0629\u060c \u0648\u062a\u0645\u0646\u062d \u062a\u0623\u062b\u064a\u0631 Soft\u2011Matte \u0637\u0628\u064a\u0639\u064a \u064a\u0634\u0628\u0647 \u0627\u0644\u0641\u0644\u062a\u0631. \u0645\u062b\u0627\u0644\u064a\u0629 \u0644\u0644\u0627\u0633\u062a\u062e\u062f\u0627\u0645 \u0627\u0644\u064a\u0648\u0645\u064a \u0623\u0648 \u0627\u0644\u0645\u0646\u0627\u0633\u0628\u0627\u062a. \u0627\u0644\u0645\u0643\u0648\u0646\u0627\u062a \u0648\u0627\u0644\u062e\u0635\u0627\u0626\u0635 \u0627\u0644\u0631\u0626\u064a\u0633\u064a\u0629 \u2022 \u062a\u0631\u0643\u064a\u0628\u0629 \u0628\u0648\u062f\u0631\u0629 \u0641\u0627\u0626\u0642\u0629 \u0627\u0644\u0646\u0639\u0648\u0645\u0629 \u2022 \u062a\u0623\u062b\u064a\u0631 Soft\u2011Matte \u0637\u0628\u064a\u0639\u064a \u2022 \u062a\u0642\u0644\u0644 \u0627\u0644\u0644\u0645\u0639\u0627\u0646 \u0648\u062a\u062b\u0628\u0651\u062a \u0627\u0644\u0645\u0643\u064a\u0627\u062c \u0644\u0633\u0627\u0639\u0627\u062a \u2022 \u0644\u0627 \u062a\u062a\u0631\u0643 [&hellip;]<\/p>\n","protected":false},"featured_media":35014,"template":"","meta":[],"pwb-brand":[1362],"product_brand":[],"product_cat":[1172],"product_tag":[],"class_list":{"0":"post-35037","1":"product","2":"type-product","3":"status-publish","4":"has-post-thumbnail","6":"pwb-brand-fenty-beauty","7":"product_cat-powder-makeup","9":"first","10":"instock","11":"shipping-taxable","12":"purchasable","13":"product-type-variable","14":"has-default-attributes","15":"wvs-archive-product-wrapper"},"brands":[{"id":1362,"name":"Fenty Beauty","slug":"fenty-beauty"}],"_links":{"self":[{"href":"https:\/\/gopinkish.com\/fr\/wp-json\/wp\/v2\/product\/35037","targetHints":{"allow":["GET"]}}],"collection":[{"href":"https:\/\/gopinkish.com\/fr\/wp-json\/wp\/v2\/product"}],"about":[{"href":"https:\/\/gopinkish.com\/fr\/wp-json\/wp\/v2\/types\/product"}],"wp:featuredmedia":[{"embeddable":true,"href":"https:\/\/gopinkish.com\/fr\/wp-json\/wp\/v2\/media\/35014"}],"wp:attachment":[{"href":"https:\/\/gopinkish.com\/fr\/wp-json\/wp\/v2\/media?parent=35037"}],"wp:term":[{"taxonomy":"pwb-brand","embeddable":true,"href":"https:\/\/gopinkish.com\/fr\/wp-json\/wp\/v2\/pwb-brand?post=35037"},{"taxonomy":"product_brand","embeddable":true,"href":"https:\/\/gopinkish.com\/fr\/wp-json\/wp\/v2\/product_brand?post=35037"},{"taxonomy":"product_cat","embeddable":true,"href":"https:\/\/gopinkish.com\/fr\/wp-json\/wp\/v2\/product_cat?post=35037"},{"taxonomy":"product_tag","embeddable":true,"href":"https:\/\/gopinkish.com\/fr\/wp-json\/wp\/v2\/product_tag?post=35037"}],"curies":[{"name":"wp","href":"https:\/\/api.w.org\/{rel}","templated":true}]}}