{"id":34873,"date":"2026-01-23T17:04:10","date_gmt":"2026-01-23T16:04:10","guid":{"rendered":"https:\/\/gopinkish.com\/?post_type=product&#038;p=34873"},"modified":"2026-03-31T12:18:51","modified_gmt":"2026-03-31T11:18:51","slug":"6294018405726","status":"publish","type":"product","link":"https:\/\/gopinkish.com\/fr\/produit\/6294018405726\/","title":{"rendered":"Blush liquide pour des joues raffin\u00e9es d'aspect naturel"},"content":{"rendered":"<p style=\"text-align: justify;\">Ce blush liquide innovant \u00e0 la formule ultra-l\u00e9g\u00e8re se fond facilement dans la peau, cr\u00e9ant un effet \u201cfiltre doux\u201d naturel et radieux. Sa texture gel-cr\u00e8me se fond dans la peau sans former de paquets, avec des couleurs hautement pigment\u00e9es qui peuvent \u00eatre appliqu\u00e9es d'une touche l\u00e9g\u00e8re \u00e0 une couverture plus audacieuse. Adapt\u00e9 \u00e0 tous les types de peau, il donne l'apparence de joues saines et lumineuses.<br \/>\n<strong>Principaux ingr\u00e9dients et caract\u00e9ristiques<\/strong><br \/>\n- Une formule cr\u00e8me-gel l\u00e9g\u00e8re qui s'estompe facilement<br \/>\n- Pigment hautement personnalisable<br \/>\n- Finition lisse, semblable \u00e0 celle d'un filtre<br \/>\n- Ne laisse pas de traces ni de grumeaux<br \/>\n- Convient \u00e0 tous les types de peau<\/p>\n<p><strong>Principales caract\u00e9ristiques et avantages<\/strong><br \/>\n- Procure une couleur naturelle et \u00e9clatante qui dure toute la journ\u00e9e<br \/>\n- Il se fond dans la peau et cr\u00e9e l'effet d'une joue lift\u00e9e.<br \/>\n- L'intensit\u00e9 de la couleur peut \u00eatre facilement contr\u00f4l\u00e9e<br \/>\n- Parfait pour les looks de tous les jours et les occasions<br \/>\n- Ne p\u00e8se pas sur la peau et procure une sensation de l\u00e9g\u00e8ret\u00e9 et de confort.<\/p>\n<p dir=\"ltr\" style=\"text-align: center;\">\ud83c\uddec\ud83c\udde7 Huda Beauty Blush Filter Liquid Blush - Soft-Focus Liquid Cheek Colour<br \/>\n\ud83c\uddeb\ud83c\uddf7 Huda Beauty Blush Filter - Blush Liquide Effet Filtre<\/p>","protected":false},"excerpt":{"rendered":"<p>\u0628\u0644\u0627\u0634 \u0633\u0627\u0626\u0644 \u0645\u0628\u062a\u0643\u0631 \u0628\u062a\u0631\u0643\u064a\u0628\u0629 \u062e\u0641\u064a\u0641\u0629 \u0644\u0644\u063a\u0627\u064a\u0629 \u062a\u0645\u062a\u0632\u062c \u0628\u0633\u0647\u0648\u0644\u0629 \u0645\u0639 \u0627\u0644\u0628\u0634\u0631\u0629\u060c \u0644\u064a\u0645\u0646\u062d\u0643 \u062a\u0623\u062b\u064a\u0631 \u201c\u0641\u0644\u062a\u0631 \u0646\u0627\u0639\u0645\u201d \u0637\u0628\u064a\u0639\u064a \u0648\u0645\u0634\u0631\u0642. \u064a\u062a\u0645\u064a\u0632 \u0628\u0642\u0648\u0627\u0645 \u0643\u0631\u064a\u0645\u064a\u2011\u062c\u0644 \u064a\u0630\u0648\u0628 \u0639\u0644\u0649 \u0627\u0644\u0628\u0634\u0631\u0629 \u062f\u0648\u0646 \u062a\u0643\u062a\u0644\u060c \u0645\u0639 \u0623\u0644\u0648\u0627\u0646 \u0639\u0627\u0644\u064a\u0629 \u0627\u0644\u0635\u0628\u063a\u0629 \u064a\u0645\u0643\u0646 \u0628\u0646\u0627\u0624\u0647\u0627 \u0645\u0646 \u0644\u0645\u0633\u0629 \u062e\u0641\u064a\u0641\u0629 \u0625\u0644\u0649 \u062a\u063a\u0637\u064a\u0629 \u0623\u0643\u062b\u0631 \u062c\u0631\u0623\u0629. \u0645\u0646\u0627\u0633\u0628 \u0644\u062c\u0645\u064a\u0639 \u0623\u0646\u0648\u0627\u0639 \u0627\u0644\u0628\u0634\u0631\u0629 \u0648\u064a\u0645\u0646\u062d \u0645\u0638\u0647\u0631 \u062e\u062f\u0648\u062f \u0635\u062d\u064a \u0648\u0645\u0636\u064a\u0621. \u0627\u0644\u0645\u0643\u0648\u0646\u0627\u062a \u0648\u0627\u0644\u062e\u0635\u0627\u0626\u0635 \u0627\u0644\u0631\u0626\u064a\u0633\u064a\u0629 \u2022 \u062a\u0631\u0643\u064a\u0628\u0629 \u0643\u0631\u064a\u0645\u064a\u0629\u2011\u062c\u0644 \u062e\u0641\u064a\u0641\u0629 \u062a\u0645\u062a\u0632\u062c \u0628\u0633\u0647\u0648\u0644\u0629 [&hellip;]<\/p>\n","protected":false},"featured_media":34881,"template":"","meta":[],"pwb-brand":[1476],"product_brand":[],"product_cat":[1169],"product_tag":[],"class_list":{"0":"post-34873","1":"product","2":"type-product","3":"status-publish","4":"has-post-thumbnail","6":"pwb-brand-huda-beauty","7":"product_cat-blush-makeup","9":"first","10":"instock","11":"shipping-taxable","12":"purchasable","13":"product-type-variable","14":"has-default-attributes","15":"wvs-archive-product-wrapper"},"brands":[{"id":1476,"name":"Huda Beauty","slug":"beaute-huda"}],"_links":{"self":[{"href":"https:\/\/gopinkish.com\/fr\/wp-json\/wp\/v2\/product\/34873","targetHints":{"allow":["GET"]}}],"collection":[{"href":"https:\/\/gopinkish.com\/fr\/wp-json\/wp\/v2\/product"}],"about":[{"href":"https:\/\/gopinkish.com\/fr\/wp-json\/wp\/v2\/types\/product"}],"wp:featuredmedia":[{"embeddable":true,"href":"https:\/\/gopinkish.com\/fr\/wp-json\/wp\/v2\/media\/34881"}],"wp:attachment":[{"href":"https:\/\/gopinkish.com\/fr\/wp-json\/wp\/v2\/media?parent=34873"}],"wp:term":[{"taxonomy":"pwb-brand","embeddable":true,"href":"https:\/\/gopinkish.com\/fr\/wp-json\/wp\/v2\/pwb-brand?post=34873"},{"taxonomy":"product_brand","embeddable":true,"href":"https:\/\/gopinkish.com\/fr\/wp-json\/wp\/v2\/product_brand?post=34873"},{"taxonomy":"product_cat","embeddable":true,"href":"https:\/\/gopinkish.com\/fr\/wp-json\/wp\/v2\/product_cat?post=34873"},{"taxonomy":"product_tag","embeddable":true,"href":"https:\/\/gopinkish.com\/fr\/wp-json\/wp\/v2\/product_tag?post=34873"}],"curies":[{"name":"wp","href":"https:\/\/api.w.org\/{rel}","templated":true}]}}