{"id":34689,"date":"2026-01-12T16:22:27","date_gmt":"2026-01-12T15:22:27","guid":{"rendered":"https:\/\/gopinkish.com\/?post_type=product&#038;p=34689"},"modified":"2026-02-18T11:58:50","modified_gmt":"2026-02-18T10:58:50","slug":"offre-groupee-glam-et-glow-sheglam","status":"publish","type":"product","link":"https:\/\/gopinkish.com\/fr\/produit\/offre-groupee-glam-et-glow-sheglam\/","title":{"rendered":"Collection compl\u00e8te de maquillage Glam &amp; Glow (7 produits)"},"content":{"rendered":"<p style=\"text-align: justify;\" data-path-to-node=\"3\">Pr\u00e9parez-vous \u00e0 faire tourner les t\u00eates avec cette collection qui associe un \u00e9clat naturel \u00e0 des accents dramatiques et s\u00e9duisants. La collection commence par un teint radieux gr\u00e2ce \u00e0 un highlighter liquide et un blush cr\u00e9meux, se poursuit par un chatoiement hypnotique \u201cHoney Drip\u201d sur les yeux, avec un liner fin et des cils tr\u00e8s \u00e9pais, et se termine par des l\u00e8vres pulpeuses et brillantes dans un fini \u201cGarnet\u201d sophistiqu\u00e9.<\/p>\n<h3 style=\"text-align: justify;\" data-path-to-node=\"4\">Caract\u00e9ristiques de la collection :<\/h3>\n<p style=\"text-align: justify;\" data-path-to-node=\"5,0,0\"><b data-path-to-node=\"5,0,0\" data-index-in-node=\"0\">Super \u00e9clat :<\/b> Des produits liquides et cr\u00e9meux qui se fondent facilement dans la peau pour lui donner un \u00e9clat naturel.<\/p>\n<p style=\"text-align: justify;\" data-path-to-node=\"5,1,0\"><b data-path-to-node=\"5,1,0\" data-index-in-node=\"0\">Persistance et r\u00e9sistance :<\/b> Le crayon eyeliner imperm\u00e9able de Dermacol garantit que votre maquillage des yeux reste parfait pendant des heures.<\/p>\n<p style=\"text-align: justify;\" data-path-to-node=\"5,2,0\"><b data-path-to-node=\"5,2,0\" data-index-in-node=\"0\">Des yeux et des cils spectaculaires :<\/b> Un mascara tout-en-un qui vous donne deux fois plus de longueur et de volume en un seul passage.<\/p>\n<p style=\"text-align: justify;\" data-path-to-node=\"5,3,0\"><b data-path-to-node=\"5,3,0\" data-index-in-node=\"0\">Repulper les l\u00e8vres :<\/b> Un gloss qui accentue le volume des l\u00e8vres tout en \u00e9tant ultra-hydratant gr\u00e2ce au baume Jell-O.<\/p>\n<h3 style=\"text-align: justify;\" data-path-to-node=\"6\">R\u00e9sultats de ce groupe :<\/h3>\n<p style=\"text-align: justify;\" data-path-to-node=\"7,0,0\">La peau ros\u00e9e est \u00e9clatante.<\/p>\n<p style=\"text-align: justify;\" data-path-to-node=\"7,1,0\">Des yeux bien dessin\u00e9s et des cils pro\u00e9minents.<\/p>\n<p style=\"text-align: justify;\" data-path-to-node=\"7,2,0\">Des paupi\u00e8res brillantes avec un fini dor\u00e9 tr\u00e8s tendance.<\/p>\n<p style=\"text-align: justify;\" data-path-to-node=\"7,3,0\">Des l\u00e8vres plus pulpeuses et d'une couleur naturelle attrayante.<\/p>\n<h3 data-path-to-node=\"8\">Produits inclus dans cette collection :<\/h3>\n<p style=\"text-align: center;\" data-path-to-node=\"9,0,0\"><b data-path-to-node=\"9,0,0\" data-index-in-node=\"0\">SHEGLAM<\/b> Surligneur liquide Glow Bloom<\/p>\n<p style=\"text-align: center;\" data-path-to-node=\"9,1,0\"><b data-path-to-node=\"9,1,0\" data-index-in-node=\"0\"><span class=\"citation-22\">SHEGLAM<\/span><\/b><span class=\"citation-22 citation-end-22\"> Baume \u00e0 l\u00e8vres Mello Jello (Grenat)<\/span><\/p>\n<p style=\"text-align: center;\" data-path-to-node=\"9,2,0\"><b data-path-to-node=\"9,2,0\" data-index-in-node=\"0\"><span class=\"citation-21\">SHEGLAM<\/span><\/b><span class=\"citation-21 citation-end-21\"> Brillant \u00e0 l\u00e8vres repulpant Hot Goss<\/span><\/p>\n<p style=\"text-align: center;\" data-path-to-node=\"9,3,0\"><b data-path-to-node=\"9,3,0\" data-index-in-node=\"0\"><span class=\"citation-20\">SHEGLAM<\/span><\/b><span class=\"citation-20 citation-end-20\"> Ombre \u00e0 paupi\u00e8res Gleam Chaser (Honey Drip)<\/span><\/p>\n<p style=\"text-align: center;\" data-path-to-node=\"9,4,0\"><b data-path-to-node=\"9,4,0\" data-index-in-node=\"0\">SHEGLAM<\/b> Fard \u00e0 joues cr\u00e8me Playing Cupid<\/p>\n<p style=\"text-align: center;\" data-path-to-node=\"9,5,0\"><b data-path-to-node=\"9,5,0\" data-index-in-node=\"0\"><span class=\"citation-19\">SHEGLAM<\/span><\/b><span class=\"citation-19 citation-end-19\"> Mascara tout-en-un (noir)<\/span><\/p>\n<p style=\"text-align: center;\" data-path-to-node=\"9,6,0\"><b data-path-to-node=\"9,6,0\" data-index-in-node=\"0\"><span class=\"citation-18\">Dermacol<\/span><\/b><span class=\"citation-18 citation-end-18\"> Stylo eye-liner waterproof<\/span><\/p>","protected":false},"excerpt":{"rendered":"<p>\u0627\u0633\u062a\u0639\u062f\u064a \u0644\u0644\u0641\u062a \u0627\u0644\u0623\u0646\u0638\u0627\u0631 \u0645\u0639 \u0647\u0630\u0647 \u0627\u0644\u0645\u062c\u0645\u0648\u0639\u0629 \u0627\u0644\u062a\u064a \u062a\u062c\u0645\u0639 \u0628\u064a\u0646 \u0627\u0644\u062a\u0648\u0647\u062c \u0627\u0644\u0637\u0628\u064a\u0639\u064a \u0648\u0627\u0644\u0644\u0645\u0633\u0627\u062a \u0627\u0644\u062f\u0631\u0627\u0645\u064a\u0629 \u0627\u0644\u062c\u0630\u0627\u0628\u0629. \u062a\u0628\u062f\u0623 \u0627\u0644\u0645\u062c\u0645\u0648\u0639\u0629 \u0628\u0628\u0634\u0631\u0629 \u0645\u0634\u0631\u0642\u0629 \u0628\u0641\u0636\u0644 \u0627\u0644\u0647\u0627\u064a\u0644\u0627\u064a\u062a\u0631 \u0627\u0644\u0633\u0627\u0626\u0644 \u0648\u0627\u0644\u0628\u0644\u0627\u0634\u0631 \u0627\u0644\u0643\u0631\u064a\u0645\u064a\u060c \u0648\u062a\u0643\u062a\u0645\u0644 \u0628\u0644\u0645\u0639\u0629 &#8220;Honey Drip&#8221; \u0627\u0644\u0633\u0627\u062d\u0631\u0629 \u0639\u0644\u0649 \u0627\u0644\u0639\u064a\u0648\u0646\u060c \u0645\u0639 \u062a\u062d\u062f\u064a\u062f \u062f\u0642\u064a\u0642 \u0648\u0631\u0645\u0648\u0634 \u0643\u062b\u064a\u0641\u0629 \u062c\u062f\u0627\u064b\u060c \u0648\u062a\u0646\u062a\u0647\u064a \u0628\u0634\u0641\u0627\u0647 \u0645\u0645\u062a\u0644\u0626\u0629 \u0648\u0644\u0627\u0645\u0639\u0629 \u0628\u0644\u0645\u0633\u0629 &#8220;\u062c\u0627\u0631\u0646\u064a\u062a&#8221; \u0627\u0644\u0631\u0627\u0642\u064a\u0629. \u0645\u0645\u064a\u0632\u0627\u062a \u0627\u0644\u0645\u062c\u0645\u0648\u0639\u0629: \u062a\u0648\u0647\u062c \u0641\u0627\u0626\u0642: \u0645\u0646\u062a\u062c\u0627\u062a \u0643\u0631\u064a\u0645\u064a\u0629 \u0648\u0633\u0627\u0626\u0644\u0629 \u062a\u0645\u062a\u0632\u062c \u0628\u0633\u0647\u0648\u0644\u0629 \u0645\u0639 \u0627\u0644\u0628\u0634\u0631\u0629 \u0644\u062a\u0639\u0637\u064a [&hellip;]<\/p>\n","protected":false},"featured_media":34690,"template":"","meta":[],"pwb-brand":[709],"product_brand":[],"product_cat":[1381,1225],"product_tag":[],"class_list":{"0":"post-34689","1":"product","2":"type-product","3":"status-publish","4":"has-post-thumbnail","6":"pwb-brand-sheglam","7":"product_cat-beauty-collections","8":"product_cat-sale","10":"first","11":"outofstock","12":"sale","13":"shipping-taxable","14":"purchasable","15":"product-type-simple"},"brands":[{"id":709,"name":"Sheglam","slug":"sheglam"}],"_links":{"self":[{"href":"https:\/\/gopinkish.com\/fr\/wp-json\/wp\/v2\/product\/34689","targetHints":{"allow":["GET"]}}],"collection":[{"href":"https:\/\/gopinkish.com\/fr\/wp-json\/wp\/v2\/product"}],"about":[{"href":"https:\/\/gopinkish.com\/fr\/wp-json\/wp\/v2\/types\/product"}],"wp:featuredmedia":[{"embeddable":true,"href":"https:\/\/gopinkish.com\/fr\/wp-json\/wp\/v2\/media\/34690"}],"wp:attachment":[{"href":"https:\/\/gopinkish.com\/fr\/wp-json\/wp\/v2\/media?parent=34689"}],"wp:term":[{"taxonomy":"pwb-brand","embeddable":true,"href":"https:\/\/gopinkish.com\/fr\/wp-json\/wp\/v2\/pwb-brand?post=34689"},{"taxonomy":"product_brand","embeddable":true,"href":"https:\/\/gopinkish.com\/fr\/wp-json\/wp\/v2\/product_brand?post=34689"},{"taxonomy":"product_cat","embeddable":true,"href":"https:\/\/gopinkish.com\/fr\/wp-json\/wp\/v2\/product_cat?post=34689"},{"taxonomy":"product_tag","embeddable":true,"href":"https:\/\/gopinkish.com\/fr\/wp-json\/wp\/v2\/product_tag?post=34689"}],"curies":[{"name":"wp","href":"https:\/\/api.w.org\/{rel}","templated":true}]}}