{"id":34686,"date":"2026-01-12T15:37:06","date_gmt":"2026-01-12T14:37:06","guid":{"rendered":"https:\/\/gopinkish.com\/?post_type=product&#038;p=34686"},"modified":"2026-02-18T11:58:50","modified_gmt":"2026-02-18T10:58:50","slug":"faisceau-de-puissance-retinienne","status":"publish","type":"product","link":"https:\/\/gopinkish.com\/fr\/produit\/faisceau-de-puissance-retinienne\/","title":{"rendered":"Collection Retinal Power anti-\u00e2ge et renouvellement de la peau (5 produits)"},"content":{"rendered":"<p style=\"text-align: justify;\" data-path-to-node=\"3\">Si vous cherchez \u00e0 r\u00e9initialiser votre peau, ce kit est la r\u00e9ponse. Il associe le pouvoir nettoyant naturel de Beauty of Johson aux d\u00e9riv\u00e9s de vitamine A les plus puissants (Retinol de La Roche-Posay et Retinal de Cellimax). Ce duo acc\u00e9l\u00e8re consid\u00e9rablement le renouvellement cellulaire, tandis que la riche cr\u00e8me Cetaphil prot\u00e8ge votre barri\u00e8re cutan\u00e9e de la d\u00e9shydratation et que l'\u00e9cran solaire Som by Me vous donne un fini radieux et prot\u00e9g\u00e9.<\/p>\n<h3 style=\"text-align: justify;\" data-path-to-node=\"4\">Caract\u00e9ristiques de la collection :<\/h3>\n<p style=\"text-align: justify;\" data-path-to-node=\"5,0,0\"><b data-path-to-node=\"5,0,0\" data-index-in-node=\"0\">M\u00e9lange avanc\u00e9 de r\u00e9tino\u00efdes :<\/b> Les nouvelles technologies combinent le r\u00e9tinol et le r\u00e9tinal pour des r\u00e9sultats plus rapides en mati\u00e8re de raffermissement de la peau.<\/p>\n<p style=\"text-align: justify;\" data-path-to-node=\"5,1,0\"><b data-path-to-node=\"5,1,0\" data-index-in-node=\"0\">Nettoyage \u00e9quilibr\u00e9 :<\/b> Le Green Plum Cleanser offre une exfoliation naturelle tr\u00e8s douce qui ouvre la voie aux ingr\u00e9dients actifs.<\/p>\n<p style=\"text-align: justify;\" data-path-to-node=\"5,2,0\"><b data-path-to-node=\"5,2,0\" data-index-in-node=\"0\">Restauration de la barri\u00e8re d'humidit\u00e9 :<\/b> L'utilisation de Cetaphil garantit que la peau n'est pas irrit\u00e9e par l'utilisation d'exfoliants agressifs.<\/p>\n<p style=\"text-align: justify;\" data-path-to-node=\"5,3,0\"><b data-path-to-node=\"5,3,0\" data-index-in-node=\"0\">All\u00e9ger et prot\u00e9ger :<\/b> Un \u00e9cran solaire min\u00e9ral qui apaise la peau avec du Trosica pour un tonus instantan\u00e9.<\/p>\n<h3 style=\"text-align: justify;\" data-path-to-node=\"6\">Probl\u00e8mes abord\u00e9s par ce groupe :<\/h3>\n<p style=\"text-align: justify;\" data-path-to-node=\"7,0,0\">Rides profondes et rides d'expression.<\/p>\n<p style=\"text-align: justify;\" data-path-to-node=\"7,1,0\">Cicatrices d'acn\u00e9 et cicatrices superficielles.<\/p>\n<p style=\"text-align: justify;\" data-path-to-node=\"7,2,0\">Texture rugueuse de la peau et teint in\u00e9gal.<\/p>\n<p style=\"text-align: justify;\" data-path-to-node=\"7,3,0\">Le rel\u00e2chement de la peau et le manque d'\u00e9lasticit\u00e9.<\/p>\n<p style=\"text-align: justify;\" data-path-to-node=\"7,4,0\">Pigmentation caus\u00e9e par le vieillissement ou le soleil.<\/p>\n<h3 data-path-to-node=\"8\">Produits inclus dans cette collection :<\/h3>\n<p style=\"text-align: center;\" data-path-to-node=\"9,0,0\"><b data-path-to-node=\"9,0,0\" data-index-in-node=\"0\">La beaut\u00e9 de Joseon<\/b> Nettoyant rafra\u00eechissant aux prunes vertes<\/p>\n<p style=\"text-align: center;\" data-path-to-node=\"9,1,0\"><b data-path-to-node=\"9,1,0\" data-index-in-node=\"0\">La Roche-Posay<\/b> S\u00e9rum au r\u00e9tinol B3<\/p>\n<p style=\"text-align: center;\" data-path-to-node=\"9,2,0\"><b data-path-to-node=\"9,2,0\" data-index-in-node=\"0\">Celimax<\/b> Tir sur la r\u00e9tine<\/p>\n<p style=\"text-align: center;\" data-path-to-node=\"9,3,0\"><b data-path-to-node=\"9,3,0\" data-index-in-node=\"0\">Cetaphil<\/b> Cr\u00e8me hydratante<\/p>\n<p style=\"text-align: center;\" data-path-to-node=\"9,4,0\"><b data-path-to-node=\"9,4,0\" data-index-in-node=\"0\">Certains par Mi<\/b> Truecica Mineral Calming Tone-Up Suncream (cr\u00e8me solaire min\u00e9rale calmante)<\/p>","protected":false},"excerpt":{"rendered":"<p>\u0625\u0630\u0627 \u0643\u0646\u062a \u062a\u0628\u062d\u062b\u064a\u0646 \u0639\u0646 &#8220;\u0625\u0639\u0627\u062f\u0629 \u0636\u0628\u0637&#8221; \u0644\u0628\u0634\u0631\u062a\u0643\u060c \u0641\u0647\u0630\u0647 \u0627\u0644\u0645\u062c\u0645\u0648\u0639\u0629 \u0647\u064a \u0627\u0644\u062d\u0644. \u062a\u062c\u0645\u0639 \u0628\u064a\u0646 \u0642\u0648\u0629 \u0627\u0644\u062a\u0637\u0647\u064a\u0631 \u0627\u0644\u0637\u0628\u064a\u0639\u064a \u0645\u0646 &#8220;\u0628\u064a\u0648\u062a\u064a \u0623\u0648\u0641 \u062c\u0648\u0633\u0648\u0646&#8221; \u0648\u0623\u0642\u0648\u0649 \u0645\u0634\u062a\u0642\u0627\u062a \u0641\u064a\u062a\u0627\u0645\u064a\u0646 A (\u0627\u0644\u0631\u064a\u062a\u064a\u0646\u0648\u0644 \u0645\u0646 \u0644\u0627\u0631\u0648\u0634 \u0628\u0648\u0632\u064a\u0647 \u0648\u0627\u0644\u0631\u064a\u062a\u064a\u0646\u0627\u0644 \u0645\u0646 \u0633\u064a\u0644\u064a\u0645\u0627\u0643\u0633). \u064a\u0639\u0645\u0644 \u0647\u0630\u0627 \u0627\u0644\u062b\u0646\u0627\u0626\u064a \u0639\u0644\u0649 \u062a\u0633\u0631\u064a\u0639 \u062a\u062c\u062f\u064a\u062f \u0627\u0644\u062e\u0644\u0627\u064a\u0627 \u0628\u0634\u0643\u0644 \u0645\u0630\u0647\u0644\u060c \u0628\u064a\u0646\u0645\u0627 \u064a\u0642\u0648\u0645 \u0643\u0631\u064a\u0645 \u0633\u064a\u062a\u0627\u0641\u064a\u0644 \u0627\u0644\u063a\u0646\u064a \u0628\u062d\u0645\u0627\u064a\u0629 \u062d\u0627\u062c\u0632 \u0628\u0634\u0631\u062a\u0643 \u0645\u0646 \u0627\u0644\u062c\u0641\u0627\u0641\u060c \u0648\u064a\u0645\u0646\u062d\u0643 \u0648\u0627\u0642\u064a \u0634\u0645\u0633 \u0633\u0648\u0645 \u0628\u0627\u064a [&hellip;]<\/p>\n","protected":false},"featured_media":35720,"template":"","meta":[],"pwb-brand":[762,735,736,1450,225],"product_brand":[],"product_cat":[1380],"product_tag":[672,675,676,674],"class_list":{"0":"post-34686","1":"product","2":"type-product","3":"status-publish","4":"has-post-thumbnail","6":"pwb-brand-beautyofjoseon","7":"pwb-brand-somebymi","8":"pwb-brand-cetaphil","9":"pwb-brand-celimax","10":"pwb-brand-la-roche-posay","11":"product_cat-care-collections","12":"product_tag-wrinkles","13":"product_tag-spots","14":"product_tag-lift","15":"product_tag-scars","17":"first","18":"instock","19":"sale","20":"shipping-taxable","21":"purchasable","22":"product-type-simple"},"brands":[{"id":762,"name":"Beauty of Joseon","slug":"beautyofjoseon"},{"id":735,"name":"Some By Mi","slug":"somebymi"},{"id":736,"name":"Cetaphil","slug":"cetaphil"},{"id":1450,"name":"Celimax","slug":"celimax"},{"id":225,"name":"La Roche Posay","slug":"la-roche-posay"}],"_links":{"self":[{"href":"https:\/\/gopinkish.com\/fr\/wp-json\/wp\/v2\/product\/34686","targetHints":{"allow":["GET"]}}],"collection":[{"href":"https:\/\/gopinkish.com\/fr\/wp-json\/wp\/v2\/product"}],"about":[{"href":"https:\/\/gopinkish.com\/fr\/wp-json\/wp\/v2\/types\/product"}],"wp:featuredmedia":[{"embeddable":true,"href":"https:\/\/gopinkish.com\/fr\/wp-json\/wp\/v2\/media\/35720"}],"wp:attachment":[{"href":"https:\/\/gopinkish.com\/fr\/wp-json\/wp\/v2\/media?parent=34686"}],"wp:term":[{"taxonomy":"pwb-brand","embeddable":true,"href":"https:\/\/gopinkish.com\/fr\/wp-json\/wp\/v2\/pwb-brand?post=34686"},{"taxonomy":"product_brand","embeddable":true,"href":"https:\/\/gopinkish.com\/fr\/wp-json\/wp\/v2\/product_brand?post=34686"},{"taxonomy":"product_cat","embeddable":true,"href":"https:\/\/gopinkish.com\/fr\/wp-json\/wp\/v2\/product_cat?post=34686"},{"taxonomy":"product_tag","embeddable":true,"href":"https:\/\/gopinkish.com\/fr\/wp-json\/wp\/v2\/product_tag?post=34686"}],"curies":[{"name":"wp","href":"https:\/\/api.w.org\/{rel}","templated":true}]}}