{"id":34674,"date":"2026-01-12T14:54:13","date_gmt":"2026-01-12T13:54:13","guid":{"rendered":"https:\/\/gopinkish.com\/?post_type=product&#038;p=34674"},"modified":"2026-02-18T11:58:49","modified_gmt":"2026-02-18T10:58:49","slug":"paquet-de-peaux-de-verre-coreennes","status":"publish","type":"product","link":"https:\/\/gopinkish.com\/fr\/produit\/paquet-de-peaux-de-verre-coreennes\/","title":{"rendered":"Collection de peaux en verre cor\u00e9ennes (6 produits)"},"content":{"rendered":"<p style=\"text-align: justify;\" data-path-to-node=\"2\">Pr\u00e9parez-vous \u00e0 revitaliser votre peau avec la gamme cor\u00e9enne, soigneusement s\u00e9lectionn\u00e9e pour convenir \u00e0 tous les types de peau. Votre voyage commence par un double nettoyage pour \u00e9liminer en profondeur les impuret\u00e9s et le maquillage sans dess\u00e9cher la peau, suivi par le pouvoir de la Centella fortifiante pour calmer les rougeurs et r\u00e9parer la barri\u00e8re protectrice de la peau. Cette collection associe une hydratation en profondeur \u00e0 une protection solaire sup\u00e9rieure, laissant la peau nette, lisse et \u00e9clatante tout au long de la journ\u00e9e.<\/p>\n<h3 style=\"text-align: justify;\" data-path-to-node=\"3\">Caract\u00e9ristiques de la collection :<\/h3>\n<p style=\"text-align: justify;\" data-path-to-node=\"4,0,0\"><b data-path-to-node=\"4,0,0\" data-index-in-node=\"0\">Nettoyage en profondeur :<\/b> \u00c9limine efficacement le s\u00e9bum et la salet\u00e9 des pores.<\/p>\n<p style=\"text-align: justify;\" data-path-to-node=\"4,1,0\"><b data-path-to-node=\"4,1,0\" data-index-in-node=\"0\">Temps de recharge instantan\u00e9 :<\/b> Id\u00e9al pour les peaux stress\u00e9es ou sujettes au bronzage.<\/p>\n<p style=\"text-align: justify;\" data-path-to-node=\"4,2,0\"><b data-path-to-node=\"4,2,0\" data-index-in-node=\"0\">Restaurer et prot\u00e9ger :<\/b> Favorise la sant\u00e9 de la peau et offre une large protection solaire.<\/p>\n<p style=\"text-align: justify;\" data-path-to-node=\"4,3,0\"><b data-path-to-node=\"4,3,0\" data-index-in-node=\"0\">Texture l\u00e9g\u00e8re :<\/b> Il p\u00e9n\u00e8tre rapidement sans laisser de r\u00e9sidu gras.<\/p>\n<h3 style=\"text-align: justify;\" data-path-to-node=\"5\">Probl\u00e8mes abord\u00e9s par ce groupe :<\/h3>\n<p style=\"text-align: justify;\" data-path-to-node=\"6,0,0\">S\u00e9cheresse et perte d'\u00e9lasticit\u00e9.<\/p>\n<p style=\"text-align: justify;\" data-path-to-node=\"6,1,0\">Rougeur et irritation de la peau sensible.<\/p>\n<p style=\"text-align: justify;\" data-path-to-node=\"6,2,0\">Pores obstru\u00e9s et points noirs.<\/p>\n<p style=\"text-align: justify;\" data-path-to-node=\"6,3,0\">D\u00e9t\u00e9rioration de la barri\u00e8re protectrice de la peau caus\u00e9e par des facteurs environnementaux.<\/p>\n<p style=\"text-align: justify;\" data-path-to-node=\"6,4,0\">Une peau terne qui manque de fra\u00eecheur et de vitalit\u00e9.<\/p>\n<h3 data-path-to-node=\"7\">Produits inclus dans cette collection :<\/h3>\n<p dir=\"ltr\" style=\"text-align: center;\"><b data-path-to-node=\"8,0,0\" data-index-in-node=\"0\">Numbuzin<\/b> Huile d\u00e9maquillante Easy Peasy No.1<\/p>\n<p dir=\"ltr\" style=\"text-align: center;\"><b data-path-to-node=\"8,1,0\" data-index-in-node=\"0\">Anua<\/b> Heartleaf Succinic Moisture Cleansing Foam (mousse nettoyante hydratante \u00e0 base de succinate)<\/p>\n<p dir=\"ltr\" style=\"text-align: center;\"><b data-path-to-node=\"8,2,0\" data-index-in-node=\"0\">SKIN1004<\/b> Tonique Centella de Madagascar<\/p>\n<p dir=\"ltr\" style=\"text-align: center;\"><b data-path-to-node=\"8,3,0\" data-index-in-node=\"0\">SKIN1004<\/b> Centella Madagascar Ampoule<\/p>\n<p dir=\"ltr\" style=\"text-align: center;\"><b data-path-to-node=\"8,4,0\" data-index-in-node=\"0\">Dr Althea<\/b> 345 Cr\u00e8me de secours<\/p>\n<p dir=\"ltr\" style=\"text-align: center;\"><b data-path-to-node=\"8,5,0\" data-index-in-node=\"0\">Laboratoire rond<\/b> Cr\u00e8me solaire hydratante Birch Juice<\/p>","protected":false},"excerpt":{"rendered":"<p>\u0627\u0633\u062a\u0639\u062f\u064a \u0644\u0627\u0633\u062a\u0639\u0627\u062f\u0629 \u062d\u064a\u0648\u064a\u0629 \u0628\u0634\u0631\u062a\u0643 \u0645\u0639 \u0627\u0644\u0645\u062c\u0645\u0648\u0639\u0629 \u0627\u0644\u0643\u0648\u0631\u064a\u0629 \u0627\u0644\u0645\u062e\u062a\u0627\u0631\u0629 \u0628\u0639\u0646\u0627\u064a\u0629 \u0644\u062a\u0646\u0627\u0633\u0628 \u062c\u0645\u064a\u0639 \u0623\u0646\u0648\u0627\u0639 \u0627\u0644\u0628\u0634\u0631\u0629. \u062a\u0628\u062f\u0623 \u0631\u062d\u0644\u062a\u0643 \u0628\u0627\u0644\u062a\u0646\u0638\u064a\u0641 \u0627\u0644\u0645\u0632\u062f\u0648\u062c \u0644\u0625\u0632\u0627\u0644\u0629 \u0627\u0644\u0634\u0648\u0627\u0626\u0628 \u0648\u0627\u0644\u0645\u0643\u064a\u0627\u062c \u0628\u0639\u0645\u0642 \u062f\u0648\u0646 \u062a\u062c\u0641\u064a\u0641 \u0627\u0644\u0628\u0634\u0631\u0629\u060c \u0645\u062a\u0628\u0648\u0639\u0627\u064b \u0628\u0642\u0648\u0629 &#8220;\u0627\u0644\u0633\u0646\u062a\u064a\u0644\u0627&#8221; \u0627\u0644\u0645\u062f\u0639\u0645\u0629 \u0644\u062a\u0647\u062f\u0626\u0629 \u0627\u0644\u0627\u062d\u0645\u0631\u0627\u0631 \u0648\u062a\u0631\u0645\u064a\u0645 \u0627\u0644\u062d\u0627\u062c\u0632 \u0627\u0644\u0648\u0627\u0642\u064a \u0644\u0644\u0628\u0634\u0631\u0629. \u062a\u062c\u0645\u0639 \u0647\u0630\u0647 \u0627\u0644\u0645\u062c\u0645\u0648\u0639\u0629 \u0628\u064a\u0646 \u0627\u0644\u062a\u0631\u0637\u064a\u0628 \u0627\u0644\u0639\u0645\u064a\u0642 \u0648\u0627\u0644\u062d\u0645\u0627\u064a\u0629 \u0627\u0644\u0641\u0627\u0626\u0642\u0629 \u0645\u0646 \u0627\u0644\u0634\u0645\u0633\u060c \u0645\u0645\u0627 \u064a\u0645\u0646\u062d\u0643 \u0628\u0634\u0631\u0629 \u0635\u0627\u0641\u064a\u0629\u060c \u0646\u0627\u0639\u0645\u0629\u060c \u0648\u0645\u0634\u0631\u0642\u0629 \u0637\u0648\u0627\u0644 \u0627\u0644\u064a\u0648\u0645. \u0645\u0645\u064a\u0632\u0627\u062a \u0627\u0644\u0645\u062c\u0645\u0648\u0639\u0629: \u062a\u0646\u0638\u064a\u0641 [&hellip;]<\/p>\n","protected":false},"featured_media":35722,"template":"","meta":[],"pwb-brand":[1045,1244,1375,1473,1332],"product_brand":[],"product_cat":[1380,1225],"product_tag":[1050,698,697,680],"class_list":{"0":"post-34674","1":"product","2":"type-product","3":"status-publish","4":"has-post-thumbnail","6":"pwb-brand-skin1004","7":"pwb-brand-anua","8":"pwb-brand-doctor-althea","9":"pwb-brand-lab-round","10":"pwb-brand-numbuzin","11":"product_cat-care-collections","12":"product_cat-sale","13":"product_tag-1050","14":"product_tag-blackheads","15":"product_tag-moisturizing","16":"product_tag-dryness","18":"first","19":"outofstock","20":"sale","21":"shipping-taxable","22":"purchasable","23":"product-type-simple"},"brands":[{"id":1244,"name":"Anua","slug":"anua"},{"id":1375,"name":"Dr. Althea","slug":"docteur-althea"},{"id":1045,"name":"SKIN1004","slug":"peau1004"},{"id":1473,"name":"LabRound","slug":"tour-de-laboratoire"},{"id":1332,"name":"Numbuzin","slug":"numbuzin"}],"_links":{"self":[{"href":"https:\/\/gopinkish.com\/fr\/wp-json\/wp\/v2\/product\/34674","targetHints":{"allow":["GET"]}}],"collection":[{"href":"https:\/\/gopinkish.com\/fr\/wp-json\/wp\/v2\/product"}],"about":[{"href":"https:\/\/gopinkish.com\/fr\/wp-json\/wp\/v2\/types\/product"}],"wp:featuredmedia":[{"embeddable":true,"href":"https:\/\/gopinkish.com\/fr\/wp-json\/wp\/v2\/media\/35722"}],"wp:attachment":[{"href":"https:\/\/gopinkish.com\/fr\/wp-json\/wp\/v2\/media?parent=34674"}],"wp:term":[{"taxonomy":"pwb-brand","embeddable":true,"href":"https:\/\/gopinkish.com\/fr\/wp-json\/wp\/v2\/pwb-brand?post=34674"},{"taxonomy":"product_brand","embeddable":true,"href":"https:\/\/gopinkish.com\/fr\/wp-json\/wp\/v2\/product_brand?post=34674"},{"taxonomy":"product_cat","embeddable":true,"href":"https:\/\/gopinkish.com\/fr\/wp-json\/wp\/v2\/product_cat?post=34674"},{"taxonomy":"product_tag","embeddable":true,"href":"https:\/\/gopinkish.com\/fr\/wp-json\/wp\/v2\/product_tag?post=34674"}],"curies":[{"name":"wp","href":"https:\/\/api.w.org\/{rel}","templated":true}]}}