{"id":3464,"date":"2023-02-27T23:40:06","date_gmt":"2023-02-27T22:40:06","guid":{"rendered":"https:\/\/gopinkish.com\/?post_type=product&#038;p=3464"},"modified":"2026-03-28T17:34:17","modified_gmt":"2026-03-28T16:34:17","slug":"769915199581-2","status":"publish","type":"product","link":"https:\/\/gopinkish.com\/fr\/produit\/769915199581-2\/","title":{"rendered":"Un s\u00e9rum pour \u00e9liminer les imperfections de la peau et unifier le teint"},"content":{"rendered":"<p>L'acide salicylique anhydre \u00e0 2 % est une formule douce con\u00e7ue pour exfolier la peau, d\u00e9congestionner les pores et att\u00e9nuer les imperfections de la texture. Elle est \u00e9galement con\u00e7ue pour att\u00e9nuer les rougeurs et les irr\u00e9gularit\u00e9s du teint. Cette formule se distingue par sa base \u00e9molliente \u00e0 base de squalane et son support hydratant \u00e0 base de polyglyc\u00e9rides. Ces ingr\u00e9dients lib\u00e8rent l'acide salicylique et, au fil du temps, permettent une r\u00e9partition plus uniforme qui contribue \u00e0 minimiser le potentiel d'irritation pouvant \u00eatre associ\u00e9 \u00e0 l'utilisation d'acides, ce qui en fait un produit id\u00e9al pour les nouveaux utilisateurs.<\/p>","protected":false},"excerpt":{"rendered":"<p><img loading=\"lazy\" decoding=\"async\" class=\"alignnone size-thumbnail wp-image-4508\" src=\"https:\/\/gopinkish.com\/wp-content\/uploads\/2023\/01\/pngegg-5-100x100.png\" alt=\"\" width=\"100\" height=\"100\" srcset=\"https:\/\/gopinkish.com\/wp-content\/uploads\/2023\/01\/pngegg-5-100x100.png 100w, https:\/\/gopinkish.com\/wp-content\/uploads\/2023\/01\/pngegg-5-450x450.png 450w, https:\/\/gopinkish.com\/wp-content\/uploads\/2023\/01\/pngegg-5-595x595.png 595w, https:\/\/gopinkish.com\/wp-content\/uploads\/2023\/01\/pngegg-5-400x400.png 400w, https:\/\/gopinkish.com\/wp-content\/uploads\/2023\/01\/pngegg-5.png 600w\" sizes=\"auto, (max-width: 100px) 100vw, 100px\" \/><\/p>","protected":false},"featured_media":3465,"template":"","meta":[],"pwb-brand":[241],"product_brand":[],"product_cat":[1230],"product_tag":[714,675,674],"class_list":{"0":"post-3464","1":"product","2":"type-product","3":"status-publish","4":"has-post-thumbnail","6":"pwb-brand-the_ordinary","7":"product_cat-face-serum","8":"product_tag-714","9":"product_tag-spots","10":"product_tag-scars","12":"first","13":"outofstock","14":"shipping-taxable","15":"product-type-variable","16":"has-default-attributes","17":"wvs-archive-product-wrapper"},"brands":[{"id":241,"name":"The Ordinary","slug":"lordinaire"}],"_links":{"self":[{"href":"https:\/\/gopinkish.com\/fr\/wp-json\/wp\/v2\/product\/3464","targetHints":{"allow":["GET"]}}],"collection":[{"href":"https:\/\/gopinkish.com\/fr\/wp-json\/wp\/v2\/product"}],"about":[{"href":"https:\/\/gopinkish.com\/fr\/wp-json\/wp\/v2\/types\/product"}],"wp:featuredmedia":[{"embeddable":true,"href":"https:\/\/gopinkish.com\/fr\/wp-json\/wp\/v2\/media\/3465"}],"wp:attachment":[{"href":"https:\/\/gopinkish.com\/fr\/wp-json\/wp\/v2\/media?parent=3464"}],"wp:term":[{"taxonomy":"pwb-brand","embeddable":true,"href":"https:\/\/gopinkish.com\/fr\/wp-json\/wp\/v2\/pwb-brand?post=3464"},{"taxonomy":"product_brand","embeddable":true,"href":"https:\/\/gopinkish.com\/fr\/wp-json\/wp\/v2\/product_brand?post=3464"},{"taxonomy":"product_cat","embeddable":true,"href":"https:\/\/gopinkish.com\/fr\/wp-json\/wp\/v2\/product_cat?post=3464"},{"taxonomy":"product_tag","embeddable":true,"href":"https:\/\/gopinkish.com\/fr\/wp-json\/wp\/v2\/product_tag?post=3464"}],"curies":[{"name":"wp","href":"https:\/\/api.w.org\/{rel}","templated":true}]}}