{"id":34511,"date":"2026-01-01T19:08:17","date_gmt":"2026-01-01T18:08:17","guid":{"rendered":"https:\/\/gopinkish.com\/?post_type=product&#038;p=34511"},"modified":"2026-03-26T13:30:25","modified_gmt":"2026-03-26T12:30:25","slug":"3350900002596","status":"publish","type":"product","link":"https:\/\/gopinkish.com\/fr\/produit\/3350900002596\/","title":{"rendered":"Cr\u00e8me hydratante multi-usages pour le visage et le corps"},"content":{"rendered":"<p style=\"text-align: justify;\">Une version plus l\u00e9g\u00e8re du populaire Lait-Cr\u00e8me Concentr\u00e9. Enrichie en hydratants naturels tels que le beurre de karit\u00e9, l'huile d'amande douce et l'aloe vera, elle procure une hydratation en profondeur gr\u00e2ce \u00e0 sa texture liquide qui p\u00e9n\u00e8tre facilement. Il peut \u00eatre utilis\u00e9 comme cr\u00e8me quotidienne pour le visage et le corps, comme nettoyant doux ou m\u00eame comme cr\u00e8me apr\u00e8s-soleil.<\/p>\n<p><strong>Principaux ingr\u00e9dients et caract\u00e9ristiques<\/strong><br \/>\n- Beurre de karit\u00e9 : Nourrit la peau et la garde douce<br \/>\n- Huile d'amande douce : Hydrate et soulage naturellement la peau s\u00e8che.<br \/>\n- Aloe Vera : Apaise et rafra\u00eechit la peau<br \/>\n- Formule l\u00e9g\u00e8re et \u00e0 absorption rapide<br \/>\n- Convient \u00e0 tous les types de peau, y compris les peaux sensibles<\/p>\n<p><strong>Principales caract\u00e9ristiques et avantages<\/strong><br \/>\n- Hydrate en profondeur et redonne de la douceur \u00e0 la peau<br \/>\n- Multi-usages : Pour le visage, le corps, comme d\u00e9maquillant ou cr\u00e8me apr\u00e8s-soleil<br \/>\n- Une formule l\u00e9g\u00e8re parfaite pour une utilisation quotidienne<br \/>\n- Apaise la peau et procure un soulagement imm\u00e9diat<br \/>\n- Convient aux adultes et aux enfants<\/p>\n<p dir=\"ltr\" style=\"text-align: center;\">\ud83c\uddec\ud83c\udde7 Embryolisse Lait-Cr\u00e8me Fluide - Cr\u00e8me hydratante multi-usages visage et corps<br \/>\n\ud83c\uddeb\ud83c\uddf7 Embryolisse Lait-Cr\u00e8me Fluide - Soin Hydratant Multi-Usages Visage &amp; Corps<\/p>","protected":false},"excerpt":{"rendered":"<p>\u0646\u0633\u062e\u0629 \u0623\u062e\u0641 \u0645\u0646 \u0627\u0644\u0643\u0631\u064a\u0645 \u0627\u0644\u0634\u0647\u064a\u0631 Lait\u2011Cr\u00e8me Concentr\u00e9. \u064a\u062a\u0645\u064a\u0632 \u0628\u062a\u0631\u0643\u064a\u0628\u0629 \u063a\u0646\u064a\u0629 \u0628\u0627\u0644\u0645\u0631\u0637\u0628\u0627\u062a \u0627\u0644\u0637\u0628\u064a\u0639\u064a\u0629 \u0645\u062b\u0644 \u0632\u0628\u062f\u0629 \u0627\u0644\u0634\u064a\u0627\u060c \u0632\u064a\u062a \u0627\u0644\u0644\u0648\u0632 \u0627\u0644\u062d\u0644\u0648\u060c \u0648\u0627\u0644\u0635\u0628\u0627\u0631\u060c \u0645\u0645\u0627 \u064a\u0645\u0646\u062d \u062a\u0631\u0637\u064a\u0628\u064b\u0627 \u0639\u0645\u064a\u0642\u064b\u0627 \u0644\u0644\u0628\u0634\u0631\u0629 \u0645\u0639 \u0642\u0648\u0627\u0645 \u0633\u0627\u0626\u0644 \u064a\u0633\u0647\u0644 \u0627\u0645\u062a\u0635\u0627\u0635\u0647. \u064a\u0645\u0643\u0646 \u0627\u0633\u062a\u062e\u062f\u0627\u0645\u0647 \u0643\u0643\u0631\u064a\u0645 \u064a\u0648\u0645\u064a \u0644\u0644\u0648\u062c\u0647 \u0648\u0627\u0644\u062c\u0633\u0645\u060c \u0643\u0645\u0646\u0638\u0641 \u0644\u0637\u064a\u0641\u060c \u0623\u0648 \u062d\u062a\u0649 \u0643\u0643\u0631\u064a\u0645 \u0628\u0639\u062f \u0627\u0644\u062a\u0639\u0631\u0636 \u0644\u0644\u0634\u0645\u0633. \u0627\u0644\u0645\u0643\u0648\u0646\u0627\u062a \u0648\u0627\u0644\u062e\u0635\u0627\u0626\u0635 \u0627\u0644\u0631\u0626\u064a\u0633\u064a\u0629 \u2022 \u0632\u0628\u062f\u0629 \u0627\u0644\u0634\u064a\u0627: \u062a\u063a\u0630\u064a \u0627\u0644\u0628\u0634\u0631\u0629 \u0648\u062a\u062d\u0627\u0641\u0638 \u0639\u0644\u0649 \u0646\u0639\u0648\u0645\u062a\u0647\u0627 \u2022 [&hellip;]<\/p>\n","protected":false},"featured_media":34515,"template":"","meta":[],"pwb-brand":[1032],"product_brand":[],"product_cat":[1231,1227,1137,1121],"product_tag":[697],"class_list":{"0":"post-34511","1":"product","2":"type-product","3":"status-publish","4":"has-post-thumbnail","6":"pwb-brand-embryolisse","7":"product_cat-daily-face-care","8":"product_cat-face-renew","9":"product_cat-body-moist","10":"product_cat-face-moist","11":"product_tag-moisturizing","13":"first","14":"outofstock","15":"shipping-taxable","16":"product-type-variable","17":"has-default-attributes","18":"wvs-archive-product-wrapper"},"brands":[{"id":1032,"name":"Embryolisse","slug":"embryolisse"}],"_links":{"self":[{"href":"https:\/\/gopinkish.com\/fr\/wp-json\/wp\/v2\/product\/34511","targetHints":{"allow":["GET"]}}],"collection":[{"href":"https:\/\/gopinkish.com\/fr\/wp-json\/wp\/v2\/product"}],"about":[{"href":"https:\/\/gopinkish.com\/fr\/wp-json\/wp\/v2\/types\/product"}],"wp:featuredmedia":[{"embeddable":true,"href":"https:\/\/gopinkish.com\/fr\/wp-json\/wp\/v2\/media\/34515"}],"wp:attachment":[{"href":"https:\/\/gopinkish.com\/fr\/wp-json\/wp\/v2\/media?parent=34511"}],"wp:term":[{"taxonomy":"pwb-brand","embeddable":true,"href":"https:\/\/gopinkish.com\/fr\/wp-json\/wp\/v2\/pwb-brand?post=34511"},{"taxonomy":"product_brand","embeddable":true,"href":"https:\/\/gopinkish.com\/fr\/wp-json\/wp\/v2\/product_brand?post=34511"},{"taxonomy":"product_cat","embeddable":true,"href":"https:\/\/gopinkish.com\/fr\/wp-json\/wp\/v2\/product_cat?post=34511"},{"taxonomy":"product_tag","embeddable":true,"href":"https:\/\/gopinkish.com\/fr\/wp-json\/wp\/v2\/product_tag?post=34511"}],"curies":[{"name":"wp","href":"https:\/\/api.w.org\/{rel}","templated":true}]}}