{"id":34492,"date":"2026-01-01T18:22:27","date_gmt":"2026-01-01T17:22:27","guid":{"rendered":"https:\/\/gopinkish.com\/?post_type=product&#038;p=34492"},"modified":"2026-05-10T14:45:44","modified_gmt":"2026-05-10T13:45:44","slug":"8809447256191","status":"publish","type":"product","link":"https:\/\/gopinkish.com\/fr\/produit\/8809447256191\/","title":{"rendered":"S\u00e9rum hydratant, apaisant et renfor\u00e7ant la barri\u00e8re cutan\u00e9e"},"content":{"rendered":"<p style=\"text-align: justify;\">Ce gel-s\u00e9rum l\u00e9ger \u00e0 absorption rapide contient de l'eau de bambou 70%, connue pour ses propri\u00e9t\u00e9s hydratantes et rafra\u00eechissantes, ainsi que de l'acide hyaluronique 3D qui procure une hydratation durable et restaure l'\u00e9lasticit\u00e9 de la peau. Il contient \u00e9galement du panth\u00e9nol (provitamine B5) pour apaiser la peau et r\u00e9duire les rougeurs, et du niacinamide pour unifier le teint et renforcer l'\u00e9clat de la peau.<\/p>\n<p><strong>Principaux ingr\u00e9dients et caract\u00e9ristiques<\/strong><br \/>\n- 70% Eau de bambou : Hydrate et rafra\u00eechit naturellement la peau.<br \/>\n- Acide hyaluronique 3D : Hydratation profonde et durable<br \/>\n- Panth\u00e9nol (provitamine B5) : Apaise la peau et minimise les irritations.<br \/>\n- Niacinamide : unifie le ton de la peau et \u00e9claircit le teint<br \/>\n- Extrait de centella asiatica : Favorise la r\u00e9paration de la peau et l'apaise.<\/p>\n<p><strong>Principales caract\u00e9ristiques et avantages<\/strong><br \/>\n- Hydrate en profondeur les peaux s\u00e8ches et sensibles<br \/>\n- Apaise les rougeurs et les irritations gr\u00e2ce au panth\u00e9nol et \u00e0 la centella<br \/>\n- Renforce la barri\u00e8re naturelle de la peau et la prot\u00e8ge des facteurs externes<br \/>\n- Uniformise le teint de la peau et lui donne un \u00e9clat sain.<br \/>\n- Formule l\u00e9g\u00e8re, \u00e0 absorption rapide, qui ne laisse pas de r\u00e9sidu gras.<\/p>\n<p dir=\"ltr\" style=\"text-align: center;\">\ud83c\uddec\ud83c\udde7 Dr Althea Aqua Marine Deep Serum - Hydratation profonde et soutien de la barri\u00e8re cutan\u00e9e<br \/>\n\ud83c\uddeb\ud83c\uddf7 Dr Althea S\u00e9rum Aqua Marine - Hydratation Intense &amp; Protection de la Barri\u00e8re Cutan\u00e9e<\/p>","protected":false},"excerpt":{"rendered":"<p>\u0633\u064a\u0631\u0648\u0645 \u062c\u0644 \u062e\u0641\u064a\u0641 \u0648\u0633\u0631\u064a\u0639 \u0627\u0644\u0627\u0645\u062a\u0635\u0627\u0635\u060c \u064a\u062d\u062a\u0648\u064a \u0639\u0644\u0649 70% \u0645\u0627\u0621 \u0627\u0644\u062e\u064a\u0632\u0631\u0627\u0646 \u0627\u0644\u0645\u0639\u0631\u0648\u0641 \u0628\u062e\u0635\u0627\u0626\u0635\u0647 \u0627\u0644\u0645\u0631\u0637\u0628\u0629 \u0648\u0627\u0644\u0645\u0646\u0639\u0634\u0629\u060c \u0625\u0644\u0649 \u062c\u0627\u0646\u0628 \u062d\u0645\u0636 \u0627\u0644\u0647\u064a\u0627\u0644\u0648\u0631\u0648\u0646\u064a\u0643 \u062b\u0644\u0627\u062b\u064a \u0627\u0644\u0623\u0628\u0639\u0627\u062f \u0627\u0644\u0630\u064a \u064a\u0645\u0646\u062d \u062a\u0631\u0637\u064a\u0628\u064b\u0627 \u0637\u0648\u064a\u0644 \u0627\u0644\u0623\u0645\u062f \u0648\u064a\u0639\u064a\u062f \u0644\u0644\u0628\u0634\u0631\u0629 \u0645\u0631\u0648\u0646\u062a\u0647\u0627. \u0643\u0645\u0627 \u064a\u062d\u062a\u0648\u064a \u0639\u0644\u0649 \u0628\u0627\u0646\u062b\u064a\u0646\u0648\u0644 (Pro\u2011Vitamin B5) \u0644\u062a\u0647\u062f\u0626\u0629 \u0627\u0644\u0628\u0634\u0631\u0629 \u0648\u062a\u0642\u0644\u064a\u0644 \u0627\u0644\u0627\u062d\u0645\u0631\u0627\u0631\u060c \u0648\u0646\u064a\u0627\u0633\u064a\u0646\u0627\u0645\u064a\u062f \u0644\u062a\u0648\u062d\u064a\u062f \u0644\u0648\u0646 \u0627\u0644\u0628\u0634\u0631\u0629 \u0648\u062a\u0639\u0632\u064a\u0632 \u0625\u0634\u0631\u0627\u0642\u062a\u0647\u0627. \u0627\u0644\u0645\u0643\u0648\u0646\u0627\u062a \u0648\u0627\u0644\u062e\u0635\u0627\u0626\u0635 \u0627\u0644\u0631\u0626\u064a\u0633\u064a\u0629 \u2022 70% \u0645\u0627\u0621 \u0627\u0644\u062e\u064a\u0632\u0631\u0627\u0646: \u064a\u0645\u0646\u062d \u062a\u0631\u0637\u064a\u0628\u064b\u0627 \u0637\u0628\u064a\u0639\u064a\u064b\u0627 \u0648\u0627\u0646\u062a\u0639\u0627\u0634\u064b\u0627 [&hellip;]<\/p>\n","protected":false},"featured_media":34501,"template":"","meta":[],"pwb-brand":[1375],"product_brand":[],"product_cat":[1121,1123],"product_tag":[697,685],"class_list":{"0":"post-34492","1":"product","2":"type-product","3":"status-publish","4":"has-post-thumbnail","6":"pwb-brand-doctor-althea","7":"product_cat-face-moist","8":"product_cat-face-bright","9":"product_tag-moisturizing","10":"product_tag-brightening","12":"first","13":"instock","14":"shipping-taxable","15":"purchasable","16":"product-type-variable","17":"has-default-attributes","18":"wvs-archive-product-wrapper"},"brands":[{"id":1375,"name":"Dr. Althea","slug":"docteur-althea"}],"_links":{"self":[{"href":"https:\/\/gopinkish.com\/fr\/wp-json\/wp\/v2\/product\/34492","targetHints":{"allow":["GET"]}}],"collection":[{"href":"https:\/\/gopinkish.com\/fr\/wp-json\/wp\/v2\/product"}],"about":[{"href":"https:\/\/gopinkish.com\/fr\/wp-json\/wp\/v2\/types\/product"}],"wp:featuredmedia":[{"embeddable":true,"href":"https:\/\/gopinkish.com\/fr\/wp-json\/wp\/v2\/media\/34501"}],"wp:attachment":[{"href":"https:\/\/gopinkish.com\/fr\/wp-json\/wp\/v2\/media?parent=34492"}],"wp:term":[{"taxonomy":"pwb-brand","embeddable":true,"href":"https:\/\/gopinkish.com\/fr\/wp-json\/wp\/v2\/pwb-brand?post=34492"},{"taxonomy":"product_brand","embeddable":true,"href":"https:\/\/gopinkish.com\/fr\/wp-json\/wp\/v2\/product_brand?post=34492"},{"taxonomy":"product_cat","embeddable":true,"href":"https:\/\/gopinkish.com\/fr\/wp-json\/wp\/v2\/product_cat?post=34492"},{"taxonomy":"product_tag","embeddable":true,"href":"https:\/\/gopinkish.com\/fr\/wp-json\/wp\/v2\/product_tag?post=34492"}],"curies":[{"name":"wp","href":"https:\/\/api.w.org\/{rel}","templated":true}]}}