{"id":34487,"date":"2025-08-01T17:20:21","date_gmt":"2025-08-01T16:20:21","guid":{"rendered":"https:\/\/gopinkish.com\/?post_type=product&#038;p=34487"},"modified":"2026-01-01T17:43:36","modified_gmt":"2026-01-01T16:43:36","slug":"3600550950922","status":"publish","type":"product","link":"https:\/\/gopinkish.com\/fr\/produit\/3600550950922\/","title":{"rendered":"Gel-s\u00e9rum apaisant pour les peaux sensibles et s\u00e8ches"},"content":{"rendered":"<p style=\"text-align: justify;\">Un gel-s\u00e9rum l\u00e9ger, \u00e0 absorption rapide, sp\u00e9cialement formul\u00e9 pour les peaux sensibles et r\u00e9actives. Formul\u00e9 avec de l'acide hyaluronique, connu pour sa capacit\u00e9 \u00e0 attirer l'eau et \u00e0 fixer l'humidit\u00e9 dans la peau, il procure une hydratation profonde et durable. Il contient \u00e9galement du panth\u00e9nol (provitamine B5) qui apaise la peau et r\u00e9duit les rougeurs et les irritations.<\/p>\n<p><strong>Principaux ingr\u00e9dients et caract\u00e9ristiques<\/strong><br \/>\n- Acide hyaluronique : Hydrate en profondeur les peaux s\u00e8ches<br \/>\n- Panth\u00e9nol (provitamine B5) : Apaise la peau et minimise les irritations.<br \/>\n- Formule gel l\u00e9g\u00e8re, \u00e0 absorption rapide<br \/>\n- Sans parab\u00e8ne, sans alcool et sans parfum fort<br \/>\n- Convient aux peaux sensibles et r\u00e9actives<\/p>\n<p><strong>Principales caract\u00e9ristiques et avantages<\/strong><br \/>\n- Hydrate en profondeur et revitalise la peau s\u00e8che<br \/>\n- Apaise les rougeurs et les irritations gr\u00e2ce au panth\u00e9nol<br \/>\n- Confortable et rafra\u00eechissant pour les peaux sensibles<br \/>\n- Formule douce adapt\u00e9e \u00e0 un usage quotidien<br \/>\n- Laisse la peau douce et souple sans sensation de gras<\/p>\n<p dir=\"ltr\" style=\"text-align: center;\">\n\ud83c\uddec\ud83c\udde7 Mixa Hyalurogel Gel S\u00e9rum Apaisant - Hydratation en profondeur et confort pour les peaux sensibles<br \/>\n\ud83c\uddeb\ud83c\uddf7 Mixa Hyalurogel S\u00e9rum Gel Apaisant - Hydratation Intense &amp; Confort pour Peau Sensible<\/p>","protected":false},"excerpt":{"rendered":"<p>\u0633\u064a\u0631\u0648\u0645 \u062c\u0644 \u062e\u0641\u064a\u0641 \u0648\u0633\u0631\u064a\u0639 \u0627\u0644\u0627\u0645\u062a\u0635\u0627\u0635\u060c \u0645\u0635\u0645\u0645 \u062e\u0635\u064a\u0635\u064b\u0627 \u0644\u0644\u0628\u0634\u0631\u0629 \u0627\u0644\u062d\u0633\u0627\u0633\u0629 \u0648\u0627\u0644\u0645\u062a\u0641\u0627\u0639\u0644\u0629 \u0645\u0639 \u0627\u0644\u0639\u0648\u0627\u0645\u0644 \u0627\u0644\u062e\u0627\u0631\u062c\u064a\u0629. \u062a\u0631\u0643\u064a\u0628\u062a\u0647 \u062a\u062d\u062a\u0648\u064a \u0639\u0644\u0649 \u062d\u0645\u0636 \u0627\u0644\u0647\u064a\u0627\u0644\u0648\u0631\u0648\u0646\u064a\u0643 \u0627\u0644\u0645\u0639\u0631\u0648\u0641 \u0628\u0642\u062f\u0631\u062a\u0647 \u0639\u0644\u0649 \u062c\u0630\u0628 \u0627\u0644\u0645\u0627\u0621 \u0648\u062d\u0628\u0633 \u0627\u0644\u0631\u0637\u0648\u0628\u0629 \u062f\u0627\u062e\u0644 \u0627\u0644\u0628\u0634\u0631\u0629\u060c \u0645\u0645\u0627 \u064a\u0645\u0646\u062d\u0647\u0627 \u062a\u0631\u0637\u064a\u0628\u064b\u0627 \u0639\u0645\u064a\u0642\u064b\u0627 \u0648\u0637\u0648\u064a\u0644 \u0627\u0644\u0623\u0645\u062f. \u0643\u0645\u0627 \u064a\u062d\u062a\u0648\u064a \u0639\u0644\u0649 \u0628\u0627\u0646\u062b\u064a\u0646\u0648\u0644 (Pro\u2011Vitamin B5) \u0627\u0644\u0630\u064a \u064a\u0647\u062f\u0626 \u0627\u0644\u0628\u0634\u0631\u0629 \u0648\u064a\u0642\u0644\u0644 \u0645\u0646 \u0627\u0644\u0627\u062d\u0645\u0631\u0627\u0631 \u0648\u0627\u0644\u062a\u0647\u064a\u062c. \u0627\u0644\u0645\u0643\u0648\u0646\u0627\u062a \u0648\u0627\u0644\u062e\u0635\u0627\u0626\u0635 \u0627\u0644\u0631\u0626\u064a\u0633\u064a\u0629 \u2022 \u062d\u0645\u0636 \u0627\u0644\u0647\u064a\u0627\u0644\u0648\u0631\u0648\u0646\u064a\u0643: \u064a\u0645\u0646\u062d \u062a\u0631\u0637\u064a\u0628\u064b\u0627 \u0639\u0645\u064a\u0642\u064b\u0627 [&hellip;]<\/p>\n","protected":false},"featured_media":34488,"template":"","meta":[],"pwb-brand":[427],"product_brand":[],"product_cat":[1121],"product_tag":[1050,688,697],"class_list":{"0":"post-34487","1":"product","2":"type-product","3":"status-publish","4":"has-post-thumbnail","6":"pwb-brand-mixa","7":"product_cat-face-moist","8":"product_tag-1050","9":"product_tag-sensitive","10":"product_tag-moisturizing","12":"first","13":"instock","14":"shipping-taxable","15":"purchasable","16":"product-type-variable","17":"has-default-attributes","18":"wvs-archive-product-wrapper"},"brands":[{"id":427,"name":"Mixa","slug":"mixa"}],"_links":{"self":[{"href":"https:\/\/gopinkish.com\/fr\/wp-json\/wp\/v2\/product\/34487","targetHints":{"allow":["GET"]}}],"collection":[{"href":"https:\/\/gopinkish.com\/fr\/wp-json\/wp\/v2\/product"}],"about":[{"href":"https:\/\/gopinkish.com\/fr\/wp-json\/wp\/v2\/types\/product"}],"wp:featuredmedia":[{"embeddable":true,"href":"https:\/\/gopinkish.com\/fr\/wp-json\/wp\/v2\/media\/34488"}],"wp:attachment":[{"href":"https:\/\/gopinkish.com\/fr\/wp-json\/wp\/v2\/media?parent=34487"}],"wp:term":[{"taxonomy":"pwb-brand","embeddable":true,"href":"https:\/\/gopinkish.com\/fr\/wp-json\/wp\/v2\/pwb-brand?post=34487"},{"taxonomy":"product_brand","embeddable":true,"href":"https:\/\/gopinkish.com\/fr\/wp-json\/wp\/v2\/product_brand?post=34487"},{"taxonomy":"product_cat","embeddable":true,"href":"https:\/\/gopinkish.com\/fr\/wp-json\/wp\/v2\/product_cat?post=34487"},{"taxonomy":"product_tag","embeddable":true,"href":"https:\/\/gopinkish.com\/fr\/wp-json\/wp\/v2\/product_tag?post=34487"}],"curies":[{"name":"wp","href":"https:\/\/api.w.org\/{rel}","templated":true}]}}