{"id":34314,"date":"2025-12-20T13:56:35","date_gmt":"2025-12-20T12:56:35","guid":{"rendered":"https:\/\/gopinkish.com\/?post_type=product&#038;p=34314"},"modified":"2026-01-28T16:13:16","modified_gmt":"2026-01-28T15:13:16","slug":"30174931","status":"publish","type":"product","link":"https:\/\/gopinkish.com\/fr\/produit\/30174931\/","title":{"rendered":"Mascara noir intense pour un volume spectaculaire"},"content":{"rendered":"<p style=\"text-align: justify;\">Un mascara pour les cils avec une formule enrichie en collag\u00e8ne qui donne aux cils un volume double d\u00e8s la premi\u00e8re couche. Il est dot\u00e9 d'une large brosse qui capture et enrobe chaque cil, cr\u00e9ant un volume et un effet dramatique instantan\u00e9s. La couleur noire intense rehausse l'attrait des yeux, tandis que la formule longue dur\u00e9e emp\u00eache la formation de bavures ou d'\u00e9cailles.<\/p>\n<p><strong>Principaux ingr\u00e9dients et caract\u00e9ristiques<\/strong><br \/>\n- Formule enrichie en collag\u00e8ne : Donne du volume aux cils<br \/>\n- Grande brosse : Capture tous les cils et les recouvre compl\u00e8tement.<br \/>\n- Noir intense : pour un look dramatique et spectaculaire<br \/>\n- Formule longue dur\u00e9e : Ne s'\u00e9tale pas et ne coule pas<\/p>\n<p><strong>Principales caract\u00e9ristiques et avantages<\/strong><br \/>\n- Des cils volumineux d\u00e8s la premi\u00e8re application<br \/>\n- Laisse les cils volumineux et bien d\u00e9finis<br \/>\n- Couleur noire intense pour un effet spectaculaire<br \/>\n- Longue tenue sans bavure ni perte de mati\u00e8re<br \/>\n- Parfait pour un usage quotidien et pour les occasions sp\u00e9ciales<\/p>\n<p dir=\"ltr\" style=\"text-align: center;\">\ud83c\uddec\ud83c\udde7 Maybelline The Colossal Mascara 100 Black - Volume intense et d\u00e9finition audacieuse<br \/>\n\ud83c\uddeb\ud83c\uddf7 Maybelline Mascara The Colossal 100 Black - Volume Intense &amp; D\u00e9finition Audacieuse<\/p>","protected":false},"excerpt":{"rendered":"<p>\u0645\u0627\u0633\u0643\u0627\u0631\u0627 \u0644\u0644\u0631\u0645\u0648\u0634 \u0628\u062a\u0631\u0643\u064a\u0628\u0629 \u063a\u0646\u064a\u0629 \u0628\u0627\u0644\u0643\u0648\u0644\u0627\u062c\u064a\u0646\u060c \u062a\u0645\u0646\u062d \u062d\u062c\u0645\u064b\u0627 \u0645\u0636\u0627\u0639\u0641\u064b\u0627 \u0644\u0644\u0631\u0645\u0648\u0634 \u0645\u0646\u0630 \u0623\u0648\u0644 \u0637\u0628\u0642\u0629. \u062a\u062a\u0645\u064a\u0632 \u0628\u0641\u0631\u0634\u0627\u0629 \u0643\u0628\u064a\u0631\u0629 \u062a\u0644\u062a\u0642\u0637 \u0643\u0644 \u0631\u0645\u0634 \u0648\u062a\u063a\u0637\u064a\u0647 \u0628\u0627\u0644\u0643\u0627\u0645\u0644\u060c \u0645\u0645\u0627 \u064a\u0645\u0646\u062d \u0643\u062b\u0627\u0641\u0629 \u0641\u0648\u0631\u064a\u0629 \u0648\u0645\u0638\u0647\u0631\u064b\u0627 \u062f\u0631\u0627\u0645\u064a\u064b\u0627. \u0627\u0644\u0644\u0648\u0646 \u0627\u0644\u0623\u0633\u0648\u062f \u0627\u0644\u0645\u0643\u062b\u0641 \u064a\u0639\u0632\u0632 \u062c\u0627\u0630\u0628\u064a\u0629 \u0627\u0644\u0639\u064a\u0646\u064a\u0646\u060c \u0628\u064a\u0646\u0645\u0627 \u0627\u0644\u062a\u0631\u0643\u064a\u0628\u0629 \u0637\u0648\u064a\u0644\u0629 \u0627\u0644\u0623\u0645\u062f \u062a\u0645\u0646\u0639 \u0627\u0644\u062a\u0644\u0637\u062e \u0623\u0648 \u0627\u0644\u062a\u0633\u0627\u0642\u0637. \u0627\u0644\u0645\u0643\u0648\u0646\u0627\u062a \u0648\u0627\u0644\u062e\u0635\u0627\u0626\u0635 \u0627\u0644\u0631\u0626\u064a\u0633\u064a\u0629 \u2022 \u062a\u0631\u0643\u064a\u0628\u0629 \u063a\u0646\u064a\u0629 \u0628\u0627\u0644\u0643\u0648\u0644\u0627\u062c\u064a\u0646: \u062a\u0645\u0646\u062d \u062d\u062c\u0645\u064b\u0627 \u0645\u0636\u0627\u0639\u0641\u064b\u0627 \u0644\u0644\u0631\u0645\u0648\u0634 \u2022 \u0641\u0631\u0634\u0627\u0629 \u0643\u0628\u064a\u0631\u0629: \u062a\u0644\u062a\u0642\u0637 [&hellip;]<\/p>\n","protected":false},"featured_media":34318,"template":"","meta":[],"pwb-brand":[238],"product_brand":[],"product_cat":[1189],"product_tag":[],"class_list":{"0":"post-34314","1":"product","2":"type-product","3":"status-publish","4":"has-post-thumbnail","6":"pwb-brand-maybelline-new-york","7":"product_cat-eyes-mascara","9":"first","10":"instock","11":"shipping-taxable","12":"purchasable","13":"product-type-variable","14":"has-default-attributes","15":"wvs-archive-product-wrapper"},"brands":[{"id":238,"name":"Maybelline New York","slug":"maybelline-new-york"}],"_links":{"self":[{"href":"https:\/\/gopinkish.com\/fr\/wp-json\/wp\/v2\/product\/34314","targetHints":{"allow":["GET"]}}],"collection":[{"href":"https:\/\/gopinkish.com\/fr\/wp-json\/wp\/v2\/product"}],"about":[{"href":"https:\/\/gopinkish.com\/fr\/wp-json\/wp\/v2\/types\/product"}],"wp:featuredmedia":[{"embeddable":true,"href":"https:\/\/gopinkish.com\/fr\/wp-json\/wp\/v2\/media\/34318"}],"wp:attachment":[{"href":"https:\/\/gopinkish.com\/fr\/wp-json\/wp\/v2\/media?parent=34314"}],"wp:term":[{"taxonomy":"pwb-brand","embeddable":true,"href":"https:\/\/gopinkish.com\/fr\/wp-json\/wp\/v2\/pwb-brand?post=34314"},{"taxonomy":"product_brand","embeddable":true,"href":"https:\/\/gopinkish.com\/fr\/wp-json\/wp\/v2\/product_brand?post=34314"},{"taxonomy":"product_cat","embeddable":true,"href":"https:\/\/gopinkish.com\/fr\/wp-json\/wp\/v2\/product_cat?post=34314"},{"taxonomy":"product_tag","embeddable":true,"href":"https:\/\/gopinkish.com\/fr\/wp-json\/wp\/v2\/product_tag?post=34314"}],"curies":[{"name":"wp","href":"https:\/\/api.w.org\/{rel}","templated":true}]}}