{"id":34309,"date":"2025-12-10T13:30:26","date_gmt":"2025-12-10T12:30:26","guid":{"rendered":"https:\/\/gopinkish.com\/?post_type=product&#038;p=34309"},"modified":"2026-04-30T14:11:36","modified_gmt":"2026-04-30T13:11:36","slug":"30108486","status":"publish","type":"product","link":"https:\/\/gopinkish.com\/fr\/produit\/30108486\/","title":{"rendered":"Mascara waterproof pour doubler le volume"},"content":{"rendered":"<p style=\"text-align: justify;\">Ce mascara innovant est con\u00e7u pour doubler le volume et l'effet dramatique gr\u00e2ce \u00e0 des brosses doubles qui capturent et enrobent chaque cil de la racine \u00e0 la pointe. Sa formule waterproof assure une tenue longue dur\u00e9e sans bavure ni \u00e9caillage, ce qui le rend id\u00e9al pour les \u00e9v\u00e9nements ou l'utilisation quotidienne dans des conditions humides.<\/p>\n<p><strong>Principaux ingr\u00e9dients et caract\u00e9ristiques<\/strong><br \/>\n- Formule r\u00e9sistante \u00e0 l'eau : Longue dur\u00e9e et sans bavure<br \/>\n- Brosse double innovante : Maximise le volume des cils<br \/>\n- Une texture cr\u00e9meuse qui enrobe les cils de la racine \u00e0 la pointe.<br \/>\n- Couleur noire intense pour un effet spectaculaire<\/p>\n<p><strong>Principales caract\u00e9ristiques et avantages<\/strong><br \/>\n- Donne un volume suppl\u00e9mentaire et un effet dramatique aux cils<br \/>\n- R\u00e9sistant \u00e0 l'eau et \u00e0 la transpiration, longue dur\u00e9e<br \/>\n- Ne coule pas et ne fait pas de bavures tout au long de la journ\u00e9e<br \/>\n- Parfait pour les \u00e9v\u00e9nements et l'usage quotidien<br \/>\n- Facile \u00e0 appliquer gr\u00e2ce \u00e0 la double brosse<\/p>\n<p dir=\"ltr\" style=\"text-align: center;\">\ud83c\uddec\ud83c\udde7 Maybelline The Colossal Go Extreme Waterproof Mascara - Double Pump Brush, Intense Volume &amp; Long Wear<br \/>\n\ud83c\uddeb\ud83c\uddf7 Maybelline Mascara The Colossal Go Extreme Waterproof - Brosse Double, Volume Intense &amp; Tenue Longue<\/p>","protected":false},"excerpt":{"rendered":"<p>\u0645\u0627\u0633\u0643\u0627\u0631\u0627 \u0645\u0628\u062a\u0643\u0631\u0629 \u0644\u0644\u0631\u0645\u0648\u0634\u060c \u0645\u0635\u0645\u0645\u0629 \u0644\u062a\u0645\u0646\u062d \u062d\u062c\u0645\u064b\u0627 \u0645\u0636\u0627\u0639\u0641\u064b\u0627 \u0648\u062a\u0623\u062b\u064a\u0631\u064b\u0627 \u062f\u0631\u0627\u0645\u064a\u064b\u0627 \u0628\u0641\u0636\u0644 \u0641\u0631\u0634\u0627\u062a\u0647\u0627 \u0627\u0644\u0645\u0632\u062f\u0648\u062c\u0629 \u0627\u0644\u062a\u064a \u062a\u0644\u062a\u0642\u0637 \u0643\u0644 \u0631\u0645\u0634 \u0648\u062a\u063a\u0637\u064a\u0647 \u0645\u0646 \u0627\u0644\u062c\u0630\u0648\u0631 \u062d\u062a\u0649 \u0627\u0644\u0623\u0637\u0631\u0627\u0641. \u062a\u0631\u0643\u064a\u0628\u062a\u0647\u0627 \u0627\u0644\u0645\u0642\u0627\u0648\u0645\u0629 \u0644\u0644\u0645\u0627\u0621 \u062a\u0636\u0645\u0646 \u062b\u0628\u0627\u062a\u064b\u0627 \u0637\u0648\u064a\u0644 \u0627\u0644\u0623\u0645\u062f \u062f\u0648\u0646 \u062a\u0644\u0637\u062e \u0623\u0648 \u062a\u0633\u0627\u0642\u0637\u060c \u0645\u0645\u0627 \u064a\u062c\u0639\u0644\u0647\u0627 \u0645\u062b\u0627\u0644\u064a\u0629 \u0644\u0644\u0645\u0646\u0627\u0633\u0628\u0627\u062a \u0623\u0648 \u0627\u0644\u0627\u0633\u062a\u062e\u062f\u0627\u0645 \u0627\u0644\u064a\u0648\u0645\u064a \u0641\u064a \u0627\u0644\u0638\u0631\u0648\u0641 \u0627\u0644\u0631\u0637\u0628\u0629. \u0627\u0644\u0645\u0643\u0648\u0646\u0627\u062a \u0648\u0627\u0644\u062e\u0635\u0627\u0626\u0635 \u0627\u0644\u0631\u0626\u064a\u0633\u064a\u0629 \u2022 \u062a\u0631\u0643\u064a\u0628\u0629 \u0645\u0642\u0627\u0648\u0645\u0629 \u0644\u0644\u0645\u0627\u0621: \u062a\u062f\u0648\u0645 \u0637\u0648\u064a\u0644\u064b\u0627 \u062f\u0648\u0646 \u062a\u0644\u0637\u062e \u2022 \u0641\u0631\u0634\u0627\u0629 [&hellip;]<\/p>\n","protected":false},"featured_media":34310,"template":"","meta":[],"pwb-brand":[238],"product_brand":[],"product_cat":[1189],"product_tag":[],"class_list":{"0":"post-34309","1":"product","2":"type-product","3":"status-publish","4":"has-post-thumbnail","6":"pwb-brand-maybelline-new-york","7":"product_cat-eyes-mascara","9":"first","10":"instock","11":"shipping-taxable","12":"purchasable","13":"product-type-variable","14":"has-default-attributes","15":"wvs-archive-product-wrapper"},"brands":[{"id":238,"name":"Maybelline New York","slug":"maybelline-new-york"}],"_links":{"self":[{"href":"https:\/\/gopinkish.com\/fr\/wp-json\/wp\/v2\/product\/34309","targetHints":{"allow":["GET"]}}],"collection":[{"href":"https:\/\/gopinkish.com\/fr\/wp-json\/wp\/v2\/product"}],"about":[{"href":"https:\/\/gopinkish.com\/fr\/wp-json\/wp\/v2\/types\/product"}],"wp:featuredmedia":[{"embeddable":true,"href":"https:\/\/gopinkish.com\/fr\/wp-json\/wp\/v2\/media\/34310"}],"wp:attachment":[{"href":"https:\/\/gopinkish.com\/fr\/wp-json\/wp\/v2\/media?parent=34309"}],"wp:term":[{"taxonomy":"pwb-brand","embeddable":true,"href":"https:\/\/gopinkish.com\/fr\/wp-json\/wp\/v2\/pwb-brand?post=34309"},{"taxonomy":"product_brand","embeddable":true,"href":"https:\/\/gopinkish.com\/fr\/wp-json\/wp\/v2\/product_brand?post=34309"},{"taxonomy":"product_cat","embeddable":true,"href":"https:\/\/gopinkish.com\/fr\/wp-json\/wp\/v2\/product_cat?post=34309"},{"taxonomy":"product_tag","embeddable":true,"href":"https:\/\/gopinkish.com\/fr\/wp-json\/wp\/v2\/product_tag?post=34309"}],"curies":[{"name":"wp","href":"https:\/\/api.w.org\/{rel}","templated":true}]}}