{"id":34279,"date":"2025-12-20T12:11:56","date_gmt":"2025-12-20T11:11:56","guid":{"rendered":"https:\/\/gopinkish.com\/?post_type=product&#038;p=34279"},"modified":"2026-05-05T17:52:58","modified_gmt":"2026-05-05T16:52:58","slug":"3600551058634","status":"publish","type":"product","link":"https:\/\/gopinkish.com\/fr\/produit\/3600551058634\/","title":{"rendered":"BB Cream Hydratation pour un \u00e9clat naturel"},"content":{"rendered":"<p style=\"text-align: justify;\">Une BB cr\u00e8me hydratante qui allie soin de la peau et maquillage l\u00e9ger. Formul\u00e9e avec de l'huile d'olive biologique riche en antioxydants et des ingr\u00e9dients naturels qui aident \u00e0 hydrater, \u00e0 unifier le teint et \u00e0 dissimuler les imperfections mineures. Elle offre une couvrance l\u00e9g\u00e8re \u00e0 moyenne avec un \u00e9clat naturel et convient aux peaux sensibles gr\u00e2ce \u00e0 sa formule sans parab\u00e8ne ni silicone.<\/p>\n<p><strong>Principaux ingr\u00e9dients et caract\u00e9ristiques<\/strong><br \/>\n- Huile d'olive biologique : Nourrit et prot\u00e8ge la peau gr\u00e2ce aux antioxydants.<br \/>\n- Ingr\u00e9dients naturels : Hydrate et r\u00e9conforte la peau<br \/>\n- Formule l\u00e9g\u00e8re : Permet \u00e0 la peau de respirer et donne un \u00e9clat naturel.<br \/>\n- Couvrance l\u00e9g\u00e8re \u00e0 moyenne pour dissimuler les petites imperfections<br \/>\n- Sans parab\u00e8ne ni silicone<\/p>\n<p><strong>Principales caract\u00e9ristiques et avantages<\/strong><br \/>\n- Hydrate et adoucit la peau en profondeur<br \/>\n- Unifie le teint et dissimule les petites imperfections.<br \/>\n- Procure un \u00e9clat naturel et un effet bonne mine<br \/>\n- Formule douce convenant aux peaux sensibles<br \/>\n- Id\u00e9al pour un usage quotidien comme soin + maquillage l\u00e9ger<\/p>\n<p dir=\"ltr\" style=\"text-align: center;\">\ud83c\uddec\ud83c\udde7 La Proven\u00e7ale BB Cr\u00e8me Hydratante - Eclat naturel et hydratation<br \/>\n\ud83c\uddeb\ud83c\uddf7 La Proven\u00e7ale BB Cr\u00e8me Hydratante - \u00c9clat Naturel &amp; Hydratation<\/p>","protected":false},"excerpt":{"rendered":"<p>\u0643\u0631\u064a\u0645 \u0628\u064a \u0628\u064a \u0645\u0631\u0637\u0628 \u064a\u062c\u0645\u0639 \u0628\u064a\u0646 \u0627\u0644\u0639\u0646\u0627\u064a\u0629 \u0628\u0627\u0644\u0628\u0634\u0631\u0629 \u0648\u0627\u0644\u0645\u0643\u064a\u0627\u062c \u0627\u0644\u062e\u0641\u064a\u0641. \u062a\u0631\u0643\u064a\u0628\u062a\u0647 \u062a\u062d\u062a\u0648\u064a \u0639\u0644\u0649 \u0632\u064a\u062a \u0627\u0644\u0632\u064a\u062a\u0648\u0646 \u0627\u0644\u0639\u0636\u0648\u064a \u0627\u0644\u063a\u0646\u064a \u0628\u0645\u0636\u0627\u062f\u0627\u062a \u0627\u0644\u0623\u0643\u0633\u062f\u0629\u060c \u0625\u0644\u0649 \u062c\u0627\u0646\u0628 \u0645\u0643\u0648\u0646\u0627\u062a \u0637\u0628\u064a\u0639\u064a\u0629 \u062a\u0633\u0627\u0639\u062f \u0639\u0644\u0649 \u062a\u0631\u0637\u064a\u0628 \u0627\u0644\u0628\u0634\u0631\u0629\u060c \u062a\u0648\u062d\u064a\u062f \u0644\u0648\u0646\u0647\u0627\u060c \u0648\u0625\u062e\u0641\u0627\u0621 \u0627\u0644\u0639\u064a\u0648\u0628 \u0627\u0644\u0635\u063a\u064a\u0631\u0629. \u064a\u0645\u0646\u062d \u062a\u063a\u0637\u064a\u0629 \u062e\u0641\u064a\u0641\u0629 \u0625\u0644\u0649 \u0645\u062a\u0648\u0633\u0637\u0629 \u0645\u0639 \u0644\u0645\u0633\u0629 \u0637\u0628\u064a\u0639\u064a\u0629 \u0645\u0634\u0631\u0642\u0629\u060c \u0643\u0645\u0627 \u0623\u0646\u0647 \u0645\u0646\u0627\u0633\u0628 \u0644\u0644\u0628\u0634\u0631\u0629 \u0627\u0644\u062d\u0633\u0627\u0633\u0629 \u0628\u0641\u0636\u0644 \u062a\u0631\u0643\u064a\u0628\u062a\u0647 \u0627\u0644\u062e\u0627\u0644\u064a\u0629 \u0645\u0646 \u0627\u0644\u0628\u0627\u0631\u0627\u0628\u064a\u0646 \u0648\u0627\u0644\u0633\u064a\u0644\u064a\u0643\u0648\u0646. \u0627\u0644\u0645\u0643\u0648\u0646\u0627\u062a \u0648\u0627\u0644\u062e\u0635\u0627\u0626\u0635 \u0627\u0644\u0631\u0626\u064a\u0633\u064a\u0629 [&hellip;]<\/p>\n","protected":false},"featured_media":34280,"template":"","meta":[],"pwb-brand":[245],"product_brand":[],"product_cat":[1171],"product_tag":[],"class_list":{"0":"post-34279","1":"product","2":"type-product","3":"status-publish","4":"has-post-thumbnail","6":"pwb-brand-la-provencale","7":"product_cat-bb-cc-makeup","9":"first","10":"outofstock","11":"shipping-taxable","12":"product-type-variable","13":"has-default-attributes","14":"wvs-archive-product-wrapper"},"brands":[{"id":245,"name":"La Proven\u00e7ale Bio","slug":"la-provencale"}],"_links":{"self":[{"href":"https:\/\/gopinkish.com\/fr\/wp-json\/wp\/v2\/product\/34279","targetHints":{"allow":["GET"]}}],"collection":[{"href":"https:\/\/gopinkish.com\/fr\/wp-json\/wp\/v2\/product"}],"about":[{"href":"https:\/\/gopinkish.com\/fr\/wp-json\/wp\/v2\/types\/product"}],"wp:featuredmedia":[{"embeddable":true,"href":"https:\/\/gopinkish.com\/fr\/wp-json\/wp\/v2\/media\/34280"}],"wp:attachment":[{"href":"https:\/\/gopinkish.com\/fr\/wp-json\/wp\/v2\/media?parent=34279"}],"wp:term":[{"taxonomy":"pwb-brand","embeddable":true,"href":"https:\/\/gopinkish.com\/fr\/wp-json\/wp\/v2\/pwb-brand?post=34279"},{"taxonomy":"product_brand","embeddable":true,"href":"https:\/\/gopinkish.com\/fr\/wp-json\/wp\/v2\/product_brand?post=34279"},{"taxonomy":"product_cat","embeddable":true,"href":"https:\/\/gopinkish.com\/fr\/wp-json\/wp\/v2\/product_cat?post=34279"},{"taxonomy":"product_tag","embeddable":true,"href":"https:\/\/gopinkish.com\/fr\/wp-json\/wp\/v2\/product_tag?post=34279"}],"curies":[{"name":"wp","href":"https:\/\/api.w.org\/{rel}","templated":true}]}}