{"id":34232,"date":"2025-12-17T17:08:47","date_gmt":"2025-12-17T16:08:47","guid":{"rendered":"https:\/\/gopinkish.com\/?post_type=product&#038;p=34232"},"modified":"2026-01-14T14:59:09","modified_gmt":"2026-01-14T13:59:09","slug":"4005800192883","status":"publish","type":"product","link":"https:\/\/gopinkish.com\/fr\/produit\/4005800192883\/","title":{"rendered":"Un gel nettoyant doux qui purifie les pores, maintient l'\u00e9quilibre et \u00e9limine les boutons et les imperfections."},"content":{"rendered":"<p style=\"text-align: justify;\">Sp\u00e9cialement con\u00e7u pour les peaux grasses et sujettes \u00e0 l'acn\u00e9. Il contient de l'acide salicylique (BHA) pour affiner les pores et minimiser les \u00e9ruptions cutan\u00e9es, ainsi que la technologie pH Balance System qui maintient l'\u00e9quilibre naturel de la peau et pr\u00e9vient le dess\u00e8chement ou l'irritation. Il est \u00e9galement sans savon ni parfum, ce qui le rend adapt\u00e9 aux peaux sensibles.<\/p>\n<p><strong>Principaux ingr\u00e9dients et caract\u00e9ristiques :<\/strong><br \/>\n- Acide salicylique (BHA) : Affine les pores et r\u00e9duit les \u00e9ruptions cutan\u00e9es et les imperfections.<br \/>\n- Respect du PH : maintient l'\u00e9quilibre naturel de la peau<br \/>\n- Formule sans savon ni parfum<br \/>\n- Convient aux peaux grasses et acn\u00e9iques<\/p>\n<p><strong>Principales caract\u00e9ristiques et avantages :<\/strong><br \/>\n- Nettoie la peau en profondeur et \u00e9limine l'exc\u00e8s de s\u00e9bum<br \/>\n- R\u00e9duit les boutons et les imperfections gr\u00e2ce \u00e0 l'acide salicylique<br \/>\n- Maintient l'\u00e9quilibre naturel de la peau en respectant le pH<br \/>\n- Apaise la peau et r\u00e9duit les irritations<br \/>\n- Convient \u00e0 une utilisation quotidienne pour les peaux sensibles et grasses<\/p>\n<p dir=\"ltr\" style=\"text-align: center;\">\ud83c\uddec\ud83c\udde7 Eucerin Dermopure Clinical Purifying Cleanser - Acide salicylique + respect du pH, soin quotidien doux<br \/>\n\ud83c\uddeb\ud83c\uddf7 Eucerin Dermopure Clinical Nettoyant Purifiant - Acide Salicylique + Respect du pH, Soin Quotidien Doux<\/p>","protected":false},"excerpt":{"rendered":"<p>\u0635\u064f\u0645\u0645 \u062e\u0635\u064a\u0635\u064b\u0627 \u0644\u0644\u0628\u0634\u0631\u0629 \u0627\u0644\u062f\u0647\u0646\u064a\u0629 \u0648\u0627\u0644\u0645\u0639\u0631\u0636\u0629 \u0644\u062d\u0628 \u0627\u0644\u0634\u0628\u0627\u0628. \u062a\u0631\u0643\u064a\u0628\u062a\u0647 \u062a\u062d\u062a\u0648\u064a \u0639\u0644\u0649 \u062d\u0645\u0636 \u0627\u0644\u0633\u0627\u0644\u064a\u0633\u064a\u0644\u064a\u0643 (BHA) \u0627\u0644\u0630\u064a \u064a\u0646\u0642\u064a \u0627\u0644\u0645\u0633\u0627\u0645 \u0648\u064a\u0642\u0644\u0644 \u0645\u0646 \u0627\u0644\u0628\u062b\u0648\u0631\u060c \u0645\u0639 \u062a\u0642\u0646\u064a\u0629 pH Balance System \u0627\u0644\u062a\u064a \u062a\u062d\u0627\u0641\u0638 \u0639\u0644\u0649 \u0627\u0644\u062a\u0648\u0627\u0632\u0646 \u0627\u0644\u0637\u0628\u064a\u0639\u064a \u0644\u0644\u0628\u0634\u0631\u0629 \u0648\u062a\u0645\u0646\u0639 \u0627\u0644\u062c\u0641\u0627\u0641 \u0623\u0648 \u0627\u0644\u062a\u0647\u064a\u062c. \u0643\u0645\u0627 \u0623\u0646\u0647 \u062e\u0627\u0644\u064d \u0645\u0646 \u0627\u0644\u0635\u0627\u0628\u0648\u0646 \u0648\u0627\u0644\u0639\u0637\u0648\u0631\u060c \u0645\u0645\u0627 \u064a\u062c\u0639\u0644\u0647 \u0645\u0646\u0627\u0633\u0628\u064b\u0627 \u0644\u0644\u0628\u0634\u0631\u0629 \u0627\u0644\u062d\u0633\u0627\u0633\u0629. \u0627\u0644\u0645\u0643\u0648\u0646\u0627\u062a \u0648\u0627\u0644\u062e\u0635\u0627\u0626\u0635 \u0627\u0644\u0631\u0626\u064a\u0633\u064a\u0629: \u2022 \u062d\u0645\u0636 \u0627\u0644\u0633\u0627\u0644\u064a\u0633\u064a\u0644\u064a\u0643 (BHA): \u064a\u0646\u0642\u064a \u0627\u0644\u0645\u0633\u0627\u0645 \u0648\u064a\u0642\u0644\u0644 [&hellip;]<\/p>\n","protected":false},"featured_media":34242,"template":"","meta":[],"pwb-brand":[439],"product_brand":[],"product_cat":[1119],"product_tag":[673,693,683,687],"class_list":{"0":"post-34232","1":"product","2":"type-product","3":"status-publish","4":"has-post-thumbnail","6":"pwb-brand-eucerin","7":"product_cat-face-wash","8":"product_tag-pores","9":"product_tag-cleansing","10":"product_tag-acne","11":"product_tag-antipickel","13":"first","14":"instock","15":"shipping-taxable","16":"purchasable","17":"product-type-variable","18":"has-default-attributes","19":"wvs-archive-product-wrapper"},"brands":[{"id":439,"name":"Eucerin","slug":"eucerin"}],"_links":{"self":[{"href":"https:\/\/gopinkish.com\/fr\/wp-json\/wp\/v2\/product\/34232","targetHints":{"allow":["GET"]}}],"collection":[{"href":"https:\/\/gopinkish.com\/fr\/wp-json\/wp\/v2\/product"}],"about":[{"href":"https:\/\/gopinkish.com\/fr\/wp-json\/wp\/v2\/types\/product"}],"wp:featuredmedia":[{"embeddable":true,"href":"https:\/\/gopinkish.com\/fr\/wp-json\/wp\/v2\/media\/34242"}],"wp:attachment":[{"href":"https:\/\/gopinkish.com\/fr\/wp-json\/wp\/v2\/media?parent=34232"}],"wp:term":[{"taxonomy":"pwb-brand","embeddable":true,"href":"https:\/\/gopinkish.com\/fr\/wp-json\/wp\/v2\/pwb-brand?post=34232"},{"taxonomy":"product_brand","embeddable":true,"href":"https:\/\/gopinkish.com\/fr\/wp-json\/wp\/v2\/product_brand?post=34232"},{"taxonomy":"product_cat","embeddable":true,"href":"https:\/\/gopinkish.com\/fr\/wp-json\/wp\/v2\/product_cat?post=34232"},{"taxonomy":"product_tag","embeddable":true,"href":"https:\/\/gopinkish.com\/fr\/wp-json\/wp\/v2\/product_tag?post=34232"}],"curies":[{"name":"wp","href":"https:\/\/api.w.org\/{rel}","templated":true}]}}