{"id":34129,"date":"2025-12-16T17:28:28","date_gmt":"2025-12-16T16:28:28","guid":{"rendered":"https:\/\/gopinkish.com\/?post_type=product&#038;p=34129"},"modified":"2025-12-28T21:40:18","modified_gmt":"2025-12-28T20:40:18","slug":"810912032200","status":"publish","type":"product","link":"https:\/\/gopinkish.com\/fr\/produit\/810912032200\/","title":{"rendered":"Cr\u00e8me hydratante pour le corps qui renforce l'\u00e9lasticit\u00e9 et unifie la couleur"},"content":{"rendered":"<p style=\"text-align: justify;\">\u0643\u0631\u064a\u0645 \u0641\u0627\u062e\u0631 \u0644\u0644\u0639\u0646\u0627\u064a\u0629 \u0628\u0627\u0644\u0628\u0634\u0631\u0629 \u0645\u0635\u0645\u0645 \u0644\u062a\u0639\u0632\u064a\u0632 \u0627\u0644\u0645\u0631\u0648\u0646\u0629 \u0648\u0627\u0644\u0646\u0639\u0648\u0645\u0629. \u062a\u0631\u0643\u064a\u0628\u062a\u0647 \u062a\u062d\u062a\u0648\u064a \u0639\u0644\u0649 \u0646\u064a\u0627\u0633\u064a\u0646\u0627\u0645\u064a\u062f \u0644\u062a\u0648\u062d\u064a\u062f \u0644\u0648\u0646 \u0627\u0644\u0628\u0634\u0631\u0629 \u0648\u062a\u0642\u0644\u064a\u0644 \u0627\u0644\u0628\u0647\u062a\u0627\u0646\u060c \u0643\u0648\u0644\u0627\u062c\u064a\u0646 \u0646\u0628\u0627\u062a\u064a \u0644\u062a\u062d\u0633\u064a\u0646 \u0645\u0631\u0648\u0646\u0629 \u0627\u0644\u0628\u0634\u0631\u0629\u060c \u0648\u062d\u0645\u0636 \u0627\u0644\u0647\u064a\u0627\u0644\u0648\u0631\u0648\u0646\u064a\u0643 \u0644\u062a\u0631\u0637\u064a\u0628 \u0639\u0645\u064a\u0642. \u0643\u0645\u0627 \u064a\u062d\u062a\u0648\u064a \u0639\u0644\u0649 \u0632\u0628\u062f\u0629 \u0627\u0644\u0634\u064a\u0627 \u0648\u0632\u064a\u062a \u0646\u0628\u0627\u062a\u064a \u0645\u063a\u0630\u064a \u064a\u0645\u0646\u062d \u0627\u0644\u0628\u0634\u0631\u0629 \u0646\u0639\u0648\u0645\u0629 \u0648\u0627\u0645\u062a\u0644\u0627\u0621 \u0635\u062d\u064a. \u064a\u062a\u0645\u064a\u0632 \u0628\u0639\u0637\u0631 \u0632\u0647\u0631\u064a\u2011\u0641\u0627\u0643\u0647\u064a \u063a\u0646\u064a \u0628\u0645\u0632\u064a\u062c \u0645\u0646 \u0627\u0644\u0641\u0627\u0646\u064a\u0644\u064a\u0627 \u0648\u0627\u0644\u0641\u0648\u0627\u0643\u0647 \u0627\u0644\u0627\u0633\u062a\u0648\u0627\u0626\u064a\u0629\u060c \u0645\u0645\u0627 \u064a\u0645\u0646\u062d \u062a\u062c\u0631\u0628\u0629 \u062d\u0633\u064a\u0629 \u0641\u0631\u064a\u062f\u0629.<\/p>\n<p><strong>Principaux ingr\u00e9dients et caract\u00e9ristiques :<\/strong><br \/>\n- Niacinamide : unifie le teint et r\u00e9duit l'aspect terne de la peau<br \/>\n\u2022 \u0643\u0648\u0644\u0627\u062c\u064a\u0646 \u0646\u0628\u0627\u062a\u064a: \u064a\u0639\u0632\u0632 \u0645\u0631\u0648\u0646\u0629 \u0627\u0644\u0628\u0634\u0631\u0629 \u0648\u064a\u0645\u0646\u062d\u0647\u0627 \u0645\u0638\u0647\u0631\u064b\u0627 \u0645\u0634\u062f\u0648\u062f\u064b\u0627<br \/>\n\u2022 \u062d\u0645\u0636 \u0627\u0644\u0647\u064a\u0627\u0644\u0648\u0631\u0648\u0646\u064a\u0643: \u064a\u0631\u0637\u0628 \u0627\u0644\u0628\u0634\u0631\u0629 \u0628\u0639\u0645\u0642 \u0648\u064a\u0645\u0646\u062d\u0647\u0627 \u0627\u0645\u062a\u0644\u0627\u0621 \u0635\u062d\u064a<br \/>\n- Beurre de karit\u00e9 : Nourrit et adoucit la peau<br \/>\n\u2022 \u0639\u0637\u0631 \u0632\u0647\u0631\u064a\u2011\u0641\u0627\u0643\u0647\u064a \u0645\u0645\u064a\u0632 (\u0627\u0644\u0641\u0627\u0646\u064a\u0644\u064a\u0627 \u0648\u0627\u0644\u0641\u0648\u0627\u0643\u0647 \u0627\u0644\u0627\u0633\u062a\u0648\u0627\u0626\u064a\u0629)<\/p>\n<p><strong>Principales caract\u00e9ristiques et avantages :<\/strong><br \/>\n\u2022 \u064a\u0639\u0632\u0632 \u0645\u0631\u0648\u0646\u0629 \u0627\u0644\u0628\u0634\u0631\u0629 \u0648\u064a\u0645\u0646\u062d\u0647\u0627 \u0645\u0638\u0647\u0631\u064b\u0627 \u0645\u0634\u062f\u0648\u062f\u064b\u0627<br \/>\n- Unifie le teint et att\u00e9nue l'aspect terne de la peau.<br \/>\n- Hydratation profonde et durable<br \/>\n- Laisse la peau douce et soyeuse au toucher<br \/>\n\u2022 \u064a\u0645\u0646\u062d \u0639\u0637\u0631\u064b\u0627 \u0641\u0627\u062e\u0631\u064b\u0627 \u064a\u062f\u0648\u0645 \u0637\u0648\u0627\u0644 \u0627\u0644\u064a\u0648\u0645<\/p>\n<p dir=\"ltr\" style=\"text-align: center;\">\n\u200e\ud83c\uddec\ud83c\udde7 Sol de Janeiro Beija Flor Elasti Cream \u2013 Elasticity Boost, Deep Hydration &amp; Radiant Skin<br \/>\n\u200e\ud83c\uddeb\ud83c\uddf7 Sol de Janeiro Cr\u00e8me Corps Beija Flor Elasti \u2013 \u00c9lasticit\u00e9, Hydratation Intense &amp; Peau \u00c9clatante<\/p>","protected":false},"excerpt":{"rendered":"<p>\u0643\u0631\u064a\u0645 \u0641\u0627\u062e\u0631 \u0644\u0644\u0639\u0646\u0627\u064a\u0629 \u0628\u0627\u0644\u0628\u0634\u0631\u0629 \u0645\u0635\u0645\u0645 \u0644\u062a\u0639\u0632\u064a\u0632 \u0627\u0644\u0645\u0631\u0648\u0646\u0629 \u0648\u0627\u0644\u0646\u0639\u0648\u0645\u0629. \u062a\u0631\u0643\u064a\u0628\u062a\u0647 \u062a\u062d\u062a\u0648\u064a \u0639\u0644\u0649 \u0646\u064a\u0627\u0633\u064a\u0646\u0627\u0645\u064a\u062f \u0644\u062a\u0648\u062d\u064a\u062f \u0644\u0648\u0646 \u0627\u0644\u0628\u0634\u0631\u0629 \u0648\u062a\u0642\u0644\u064a\u0644 \u0627\u0644\u0628\u0647\u062a\u0627\u0646\u060c \u0643\u0648\u0644\u0627\u062c\u064a\u0646 \u0646\u0628\u0627\u062a\u064a \u0644\u062a\u062d\u0633\u064a\u0646 \u0645\u0631\u0648\u0646\u0629 \u0627\u0644\u0628\u0634\u0631\u0629\u060c \u0648\u062d\u0645\u0636 \u0627\u0644\u0647\u064a\u0627\u0644\u0648\u0631\u0648\u0646\u064a\u0643 \u0644\u062a\u0631\u0637\u064a\u0628 \u0639\u0645\u064a\u0642. \u0643\u0645\u0627 \u064a\u062d\u062a\u0648\u064a \u0639\u0644\u0649 \u0632\u0628\u062f\u0629 \u0627\u0644\u0634\u064a\u0627 \u0648\u0632\u064a\u062a \u0646\u0628\u0627\u062a\u064a \u0645\u063a\u0630\u064a \u064a\u0645\u0646\u062d \u0627\u0644\u0628\u0634\u0631\u0629 \u0646\u0639\u0648\u0645\u0629 \u0648\u0627\u0645\u062a\u0644\u0627\u0621 \u0635\u062d\u064a. \u064a\u062a\u0645\u064a\u0632 \u0628\u0639\u0637\u0631 \u0632\u0647\u0631\u064a\u2011\u0641\u0627\u0643\u0647\u064a \u063a\u0646\u064a \u0628\u0645\u0632\u064a\u062c \u0645\u0646 \u0627\u0644\u0641\u0627\u0646\u064a\u0644\u064a\u0627 \u0648\u0627\u0644\u0641\u0648\u0627\u0643\u0647 \u0627\u0644\u0627\u0633\u062a\u0648\u0627\u0626\u064a\u0629\u060c \u0645\u0645\u0627 \u064a\u0645\u0646\u062d \u062a\u062c\u0631\u0628\u0629 \u062d\u0633\u064a\u0629 \u0641\u0631\u064a\u062f\u0629. \u0627\u0644\u0645\u0643\u0648\u0646\u0627\u062a \u0648\u0627\u0644\u062e\u0635\u0627\u0626\u0635 [&hellip;]<\/p>\n","protected":false},"featured_media":34144,"template":"","meta":[],"pwb-brand":[1456],"product_brand":[],"product_cat":[1137],"product_tag":[697],"class_list":{"0":"post-34129","1":"product","2":"type-product","3":"status-publish","4":"has-post-thumbnail","6":"pwb-brand-sol-de-janeiro","7":"product_cat-body-moist","8":"product_tag-moisturizing","10":"first","11":"outofstock","12":"shipping-taxable","13":"product-type-variable","14":"wvs-archive-product-wrapper"},"brands":[{"id":1456,"name":"Sol de Janeiro","slug":"sol-de-janeiro"}],"_links":{"self":[{"href":"https:\/\/gopinkish.com\/fr\/wp-json\/wp\/v2\/product\/34129","targetHints":{"allow":["GET"]}}],"collection":[{"href":"https:\/\/gopinkish.com\/fr\/wp-json\/wp\/v2\/product"}],"about":[{"href":"https:\/\/gopinkish.com\/fr\/wp-json\/wp\/v2\/types\/product"}],"wp:featuredmedia":[{"embeddable":true,"href":"https:\/\/gopinkish.com\/fr\/wp-json\/wp\/v2\/media\/34144"}],"wp:attachment":[{"href":"https:\/\/gopinkish.com\/fr\/wp-json\/wp\/v2\/media?parent=34129"}],"wp:term":[{"taxonomy":"pwb-brand","embeddable":true,"href":"https:\/\/gopinkish.com\/fr\/wp-json\/wp\/v2\/pwb-brand?post=34129"},{"taxonomy":"product_brand","embeddable":true,"href":"https:\/\/gopinkish.com\/fr\/wp-json\/wp\/v2\/product_brand?post=34129"},{"taxonomy":"product_cat","embeddable":true,"href":"https:\/\/gopinkish.com\/fr\/wp-json\/wp\/v2\/product_cat?post=34129"},{"taxonomy":"product_tag","embeddable":true,"href":"https:\/\/gopinkish.com\/fr\/wp-json\/wp\/v2\/product_tag?post=34129"}],"curies":[{"name":"wp","href":"https:\/\/api.w.org\/{rel}","templated":true}]}}