{"id":34115,"date":"2025-12-16T17:09:48","date_gmt":"2025-12-16T16:09:48","guid":{"rendered":"https:\/\/gopinkish.com\/?post_type=product&#038;p=34115"},"modified":"2026-03-31T22:55:39","modified_gmt":"2026-03-31T21:55:39","slug":"810912032019","status":"publish","type":"product","link":"https:\/\/gopinkish.com\/fr\/produit\/810912032019\/","title":{"rendered":"Une cr\u00e8me raffermissante pour le corps qui hydrate et offre un parfum tropical."},"content":{"rendered":"<p style=\"text-align: justify;\">Une cr\u00e8me l\u00e9gendaire pour le corps inspir\u00e9e des secrets de beaut\u00e9 br\u00e9siliens. Formul\u00e9e \u00e0 base de guarana, riche en caf\u00e9ine, qui stimule la circulation et raffermit la peau, ainsi que de beurre de cabuacu, d'huile de noix de coco et d'huile d'a\u00e7a\u00ef qui hydratent et nourrissent la peau en profondeur. Son parfum tropical signature, Cheirosa \u201962, est un m\u00e9lange de vanille, de pistache et de caramel sal\u00e9 qui dure toute la journ\u00e9e.<\/p>\n<p><strong>Principaux ingr\u00e9dients et caract\u00e9ristiques :<\/strong><br \/>\n- Guarana (caf\u00e9ine naturelle) : Raffermit la peau et stimule la circulation<br \/>\n- Beurre de Capuacu : Hydrate et augmente l'\u00e9lasticit\u00e9 de la peau<br \/>\n- Huile de coco : Nourrit la peau et lui donne une douceur naturelle.<br \/>\n- Huile d'a\u00e7a\u00ef : Riche en antioxydants pour prot\u00e9ger la peau<br \/>\n- Cheirosa \u201962 : M\u00e9lange de vanille, de pistache et de caramel sal\u00e9<\/p>\n<p><strong>Principales caract\u00e9ristiques et avantages :<\/strong><br \/>\n- Raffermit la peau et lui donne un aspect plus lisse<br \/>\n- Hydratation profonde et durable<br \/>\n- Nourrit et prot\u00e8ge la peau du dess\u00e8chement<br \/>\n- Procure un luxueux parfum tropical qui dure toute la journ\u00e9e<br \/>\n- Convient \u00e0 tous les types de peau<\/p>\n<p dir=\"ltr\" style=\"text-align: center;\">\n\ud83c\uddec\ud83c\udde7 Sol de Janeiro Brazilian Bum Bum Cream - Cr\u00e8me raffermissante pour le corps, hydratation en profondeur et parfum tropical<br \/>\n\ud83c\uddeb\ud83c\uddf7 Sol de Janeiro Cr\u00e8me Corps Brazilian Bum Bum - Soin Raffermissant, Hydratation Intense &amp; Parfum Tropical<\/p>","protected":false},"excerpt":{"rendered":"<p>\u0643\u0631\u064a\u0645 \u0623\u0633\u0637\u0648\u0631\u064a \u0644\u0644\u062c\u0633\u0645 \u0645\u0633\u062a\u0648\u062d\u0649 \u0645\u0646 \u0623\u0633\u0631\u0627\u0631 \u0627\u0644\u062c\u0645\u0627\u0644 \u0627\u0644\u0628\u0631\u0627\u0632\u064a\u0644\u064a\u0629. \u062a\u0631\u0643\u064a\u0628\u062a\u0647 \u062a\u062d\u062a\u0648\u064a \u0639\u0644\u0649 \u063a\u0648\u0627\u0631\u0627\u0646\u0627 \u0627\u0644\u063a\u0646\u064a \u0628\u0627\u0644\u0643\u0627\u0641\u064a\u064a\u0646 \u0627\u0644\u0630\u064a \u064a\u0633\u0627\u0639\u062f \u0639\u0644\u0649 \u062a\u0646\u0634\u064a\u0637 \u0627\u0644\u062f\u0648\u0631\u0629 \u0627\u0644\u062f\u0645\u0648\u064a\u0629 \u0648\u0634\u062f \u0627\u0644\u0628\u0634\u0631\u0629\u060c \u0625\u0644\u0649 \u062c\u0627\u0646\u0628 \u0632\u0628\u062f\u0629 \u0627\u0644\u0643\u0627\u0628\u0648\u0627\u0643\u0648 \u0648\u0632\u064a\u062a \u062c\u0648\u0632 \u0627\u0644\u0647\u0646\u062f \u0648\u0632\u064a\u062a \u0627\u0644\u0623\u0633\u0627\u064a \u0627\u0644\u062a\u064a \u062a\u0645\u0646\u062d \u062a\u0631\u0637\u064a\u0628\u064b\u0627 \u0639\u0645\u064a\u0642\u064b\u0627 \u0648\u062a\u063a\u0630\u064a\u0629 \u0644\u0644\u0628\u0634\u0631\u0629. \u064a\u062a\u0645\u064a\u0632 \u0628\u0639\u0637\u0631\u0647 \u0627\u0644\u0627\u0633\u062a\u0648\u0627\u0626\u064a \u0627\u0644\u0645\u0645\u064a\u0632 \u0627\u0644\u0645\u0639\u0631\u0648\u0641 \u0628\u0627\u0633\u0645 Cheirosa \u201962\u060c \u0628\u0645\u0632\u064a\u062c \u0645\u0646 \u0627\u0644\u0641\u0627\u0646\u064a\u0644\u064a\u0627\u060c \u0627\u0644\u0641\u0633\u062a\u0642\u060c \u0648\u0627\u0644\u0643\u0627\u0631\u0627\u0645\u064a\u0644 \u0627\u0644\u0645\u0645\u0644\u062d\u060c \u0627\u0644\u0630\u064a \u064a\u062f\u0648\u0645 \u0637\u0648\u0627\u0644 \u0627\u0644\u064a\u0648\u0645. [&hellip;]<\/p>\n","protected":false},"featured_media":34127,"template":"","meta":[],"pwb-brand":[1456],"product_brand":[],"product_cat":[1137],"product_tag":[697],"class_list":{"0":"post-34115","1":"product","2":"type-product","3":"status-publish","4":"has-post-thumbnail","6":"pwb-brand-sol-de-janeiro","7":"product_cat-body-moist","8":"product_tag-moisturizing","10":"first","11":"instock","12":"shipping-taxable","13":"purchasable","14":"product-type-variable","15":"has-default-attributes","16":"wvs-archive-product-wrapper"},"brands":[{"id":1456,"name":"Sol de Janeiro","slug":"sol-de-janeiro"}],"_links":{"self":[{"href":"https:\/\/gopinkish.com\/fr\/wp-json\/wp\/v2\/product\/34115","targetHints":{"allow":["GET"]}}],"collection":[{"href":"https:\/\/gopinkish.com\/fr\/wp-json\/wp\/v2\/product"}],"about":[{"href":"https:\/\/gopinkish.com\/fr\/wp-json\/wp\/v2\/types\/product"}],"wp:featuredmedia":[{"embeddable":true,"href":"https:\/\/gopinkish.com\/fr\/wp-json\/wp\/v2\/media\/34127"}],"wp:attachment":[{"href":"https:\/\/gopinkish.com\/fr\/wp-json\/wp\/v2\/media?parent=34115"}],"wp:term":[{"taxonomy":"pwb-brand","embeddable":true,"href":"https:\/\/gopinkish.com\/fr\/wp-json\/wp\/v2\/pwb-brand?post=34115"},{"taxonomy":"product_brand","embeddable":true,"href":"https:\/\/gopinkish.com\/fr\/wp-json\/wp\/v2\/product_brand?post=34115"},{"taxonomy":"product_cat","embeddable":true,"href":"https:\/\/gopinkish.com\/fr\/wp-json\/wp\/v2\/product_cat?post=34115"},{"taxonomy":"product_tag","embeddable":true,"href":"https:\/\/gopinkish.com\/fr\/wp-json\/wp\/v2\/product_tag?post=34115"}],"curies":[{"name":"wp","href":"https:\/\/api.w.org\/{rel}","templated":true}]}}