{"id":33920,"date":"2025-11-01T00:27:11","date_gmt":"2025-10-31T23:27:11","guid":{"rendered":"https:\/\/gopinkish.com\/?post_type=product&#038;p=33920"},"modified":"2026-03-23T14:06:23","modified_gmt":"2026-03-23T13:06:23","slug":"4006000057385","status":"publish","type":"product","link":"https:\/\/gopinkish.com\/fr\/produit\/4006000057385\/","title":{"rendered":"Cr\u00e8me de jour anti-rides pour peaux matures"},"content":{"rendered":"<p><!--StartFragment --><\/p>\n<p style=\"text-align: justify;\">La Cr\u00e8me de Jour Antirides 55+ de NIVEA est sp\u00e9cialement formul\u00e9e pour r\u00e9pondre aux besoins des peaux matures. Sa formule associe l'huile d'argan, connue pour ses propri\u00e9t\u00e9s nourrissantes et r\u00e9g\u00e9n\u00e9rantes, au calcium, qui renforce la structure de la peau et am\u00e9liore son \u00e9lasticit\u00e9. Elle contient \u00e9galement des filtres UV SPF 15 qui prot\u00e8gent la peau du vieillissement pr\u00e9matur\u00e9 caus\u00e9 par le soleil. Utilis\u00e9e r\u00e9guli\u00e8rement, la cr\u00e8me contribue \u00e0 r\u00e9duire visiblement les rides, \u00e0 am\u00e9liorer la fermet\u00e9 de la peau et \u00e0 lui donner un \u00e9clat sain.<\/p>\n<p style=\"text-align: justify;\"><strong>Principaux ingr\u00e9dients et caract\u00e9ristiques :<\/strong><br \/>\n- Huile d'argan : Nourrit et r\u00e9g\u00e9n\u00e8re la peau en profondeur.<br \/>\n- Calcium : Renforce la structure de la peau et am\u00e9liore son \u00e9lasticit\u00e9<br \/>\n- Filtres UV avec SPF 15 : prot\u00e8ge contre le vieillissement pr\u00e9matur\u00e9 caus\u00e9 par le soleil<br \/>\n- Une formule riche pour les peaux matures<\/p>\n<p style=\"text-align: justify;\"><strong>Principales caract\u00e9ristiques et avantages :<\/strong><br \/>\n- R\u00e9duit visiblement l'apparence des rides<br \/>\n- Am\u00e9liore l'\u00e9lasticit\u00e9 et la fermet\u00e9 de la peau<br \/>\n- \u00c9claircit et dynamise les peaux matures<br \/>\n- Apporte une protection solaire quotidienne<br \/>\n- Formule nourrissante pour tous les types de peau<\/p>\n<p dir=\"ltr\" style=\"text-align: center;\">\ud83c\uddec\ud83c\udde7 NIVEA Anti-Wrinkle Revitalising Day Cream 55+ - Argan Oil, Calcium &amp; SPF 15<br \/>\n\ud83c\uddeb\ud83c\uddf7 NIVEA Cr\u00e8me de Jour Revitalisante Anti-Rides 55+ - Huile d'Argan, Calcium &amp; SPF 15<\/p>\n<p><!--EndFragment --><\/p>","protected":false},"excerpt":{"rendered":"<p>\u0643\u0631\u064a\u0645 \u0627\u0644\u0646\u0647\u0627\u0631 \u0627\u0644\u0645\u0636\u0627\u062f \u0644\u0644\u062a\u062c\u0627\u0639\u064a\u062f 55+\u00a0\u0645\u0646 NIVEA \u0635\u064f\u0645\u0645 \u062e\u0635\u064a\u0635\u064b\u0627 \u0644\u062a\u0644\u0628\u064a\u0629 \u0627\u062d\u062a\u064a\u0627\u062c\u0627\u062a \u0627\u0644\u0628\u0634\u0631\u0629 \u0627\u0644\u0646\u0627\u0636\u062c\u0629. \u062a\u0631\u0643\u064a\u0628\u062a\u0647 \u062a\u062c\u0645\u0639 \u0628\u064a\u0646 \u0632\u064a\u062a \u0627\u0644\u0623\u0631\u063a\u0627\u0646 \u0627\u0644\u0645\u0639\u0631\u0648\u0641 \u0628\u062e\u0635\u0627\u0626\u0635\u0647 \u0627\u0644\u0645\u063a\u0630\u064a\u0629 \u0648\u0627\u0644\u0645\u062c\u062f\u062f\u0629\u060c \u0648\u0627\u0644\u0643\u0627\u0644\u0633\u064a\u0648\u0645 \u0627\u0644\u0630\u064a \u064a\u0642\u0648\u064a \u0628\u0646\u064a\u0629 \u0627\u0644\u0628\u0634\u0631\u0629 \u0648\u064a\u062d\u0633\u0646 \u0645\u0631\u0648\u0646\u062a\u0647\u0627. \u0643\u0645\u0627 \u064a\u062d\u062a\u0648\u064a \u0639\u0644\u0649 \u0641\u0644\u0627\u062a\u0631 \u0627\u0644\u0623\u0634\u0639\u0629 \u0641\u0648\u0642 \u0627\u0644\u0628\u0646\u0641\u0633\u062c\u064a\u0629 SPF 15 \u0627\u0644\u062a\u064a \u062a\u062d\u0645\u064a \u0627\u0644\u0628\u0634\u0631\u0629 \u0645\u0646 \u0627\u0644\u0634\u064a\u062e\u0648\u062e\u0629 \u0627\u0644\u0645\u0628\u0643\u0631\u0629 \u0627\u0644\u0646\u0627\u062a\u062c\u0629 \u0639\u0646 \u0627\u0644\u0634\u0645\u0633. \u0645\u0639 \u0627\u0644\u0627\u0633\u062a\u062e\u062f\u0627\u0645 \u0627\u0644\u0645\u0646\u062a\u0638\u0645\u060c \u064a\u0633\u0627\u0639\u062f \u0627\u0644\u0643\u0631\u064a\u0645 \u0639\u0644\u0649 \u062a\u0642\u0644\u064a\u0644 \u0627\u0644\u062a\u062c\u0627\u0639\u064a\u062f \u0628\u0634\u0643\u0644 [&hellip;]<\/p>\n","protected":false},"featured_media":33921,"template":"","meta":[],"pwb-brand":[236],"product_brand":[],"product_cat":[1231],"product_tag":[672,1013],"class_list":{"0":"post-33920","1":"product","2":"type-product","3":"status-publish","4":"has-post-thumbnail","6":"pwb-brand-nivea","7":"product_cat-daily-face-care","8":"product_tag-wrinkles","9":"product_tag-1013","11":"first","12":"instock","13":"shipping-taxable","14":"purchasable","15":"product-type-variable","16":"has-default-attributes","17":"wvs-archive-product-wrapper"},"brands":[{"id":236,"name":"Nivea","slug":"nivea"}],"_links":{"self":[{"href":"https:\/\/gopinkish.com\/fr\/wp-json\/wp\/v2\/product\/33920","targetHints":{"allow":["GET"]}}],"collection":[{"href":"https:\/\/gopinkish.com\/fr\/wp-json\/wp\/v2\/product"}],"about":[{"href":"https:\/\/gopinkish.com\/fr\/wp-json\/wp\/v2\/types\/product"}],"wp:featuredmedia":[{"embeddable":true,"href":"https:\/\/gopinkish.com\/fr\/wp-json\/wp\/v2\/media\/33921"}],"wp:attachment":[{"href":"https:\/\/gopinkish.com\/fr\/wp-json\/wp\/v2\/media?parent=33920"}],"wp:term":[{"taxonomy":"pwb-brand","embeddable":true,"href":"https:\/\/gopinkish.com\/fr\/wp-json\/wp\/v2\/pwb-brand?post=33920"},{"taxonomy":"product_brand","embeddable":true,"href":"https:\/\/gopinkish.com\/fr\/wp-json\/wp\/v2\/product_brand?post=33920"},{"taxonomy":"product_cat","embeddable":true,"href":"https:\/\/gopinkish.com\/fr\/wp-json\/wp\/v2\/product_cat?post=33920"},{"taxonomy":"product_tag","embeddable":true,"href":"https:\/\/gopinkish.com\/fr\/wp-json\/wp\/v2\/product_tag?post=33920"}],"curies":[{"name":"wp","href":"https:\/\/api.w.org\/{rel}","templated":true}]}}