{"id":33904,"date":"2025-11-21T00:25:23","date_gmt":"2025-11-20T23:25:23","guid":{"rendered":"https:\/\/gopinkish.com\/?post_type=product&#038;p=33904"},"modified":"2026-04-12T10:01:27","modified_gmt":"2026-04-12T09:01:27","slug":"6977382914345","status":"publish","type":"product","link":"https:\/\/gopinkish.com\/fr\/produit\/6977382914345\/","title":{"rendered":"Une base lumineuse qui donne un \u00e9clat naturel et fixe le maquillage."},"content":{"rendered":"<p><!--StartFragment --><\/p>\n<p><!--StartFragment --><\/p>\n<p style=\"text-align: justify;\">Un primer innovant qui associe le puissant effet fixant du maquillage \u00e0 l'\u00e9clat naturel de la peau. Sa formule l\u00e9g\u00e8re, qui p\u00e9n\u00e8tre rapidement, offre une base lumineuse et non grasse, permettant au maquillage de rester frais plus longtemps. Enrichi d'ingr\u00e9dients actifs tels que l'extrait d'or pour un \u00e9clat instantan\u00e9, le niacinamide pour unifier le teint, le complexe de prot\u00e9ines pour nourrir la peau et l'acide hyaluronique pour une hydratation en profondeur.<\/p>\n<p style=\"text-align: justify;\"><strong>Principaux ingr\u00e9dients et caract\u00e9ristiques :<\/strong><br \/>\n- Extrait d'or : \u00e9claircit instantan\u00e9ment la peau<br \/>\n- Niacinamide : unifie le teint et r\u00e9duit l'aspect terne de la peau<br \/>\n- Complexe de prot\u00e9ines : Nourrit et am\u00e9liore l'\u00e9lasticit\u00e9 de la peau<br \/>\n- Acide hyaluronique : Hydrate en profondeur et procure une sensation de pl\u00e9nitude saine.<br \/>\n- Formule gel l\u00e9g\u00e8re : Absorption rapide et non grasse<\/p>\n<p style=\"text-align: justify;\"><strong>Principales caract\u00e9ristiques et avantages :<\/strong><br \/>\n- Procure un \u00e9clat naturel et non gras<br \/>\n- Minimise l'apparence des pores et fixe le maquillage pour longtemps<br \/>\n- Hydrate et nourrit la peau gr\u00e2ce \u00e0 l'acide hyaluronique et aux prot\u00e9ines.<br \/>\n- Uniformise le teint et donne un aspect sain \u00e0 la peau.<br \/>\n- Convient \u00e0 tous les types de peau, y compris les peaux sensibles et s\u00e8ches<\/p>\n<p dir=\"ltr\" style=\"text-align: center;\">\ud83c\uddec\ud83c\udde7 SHEGLAM Good Grip Glow Illuminating Primer - Base radieuse, r\u00e9duction des pores et tenue longue dur\u00e9e du maquillage<br \/>\n\ud83c\uddeb\ud83c\uddf7 SHEGLAM Primer \u00c9clat Good Grip - Base Lumineuse, R\u00e9duction des Pores &amp; Tenue Longue du Maquillage<!--EndFragment --><\/p>\n<p><!--EndFragment --><\/p>","protected":false},"excerpt":{"rendered":"<p>\u0628\u0631\u0627\u064a\u0645\u0631 \u0645\u0628\u062a\u0643\u0631 \u064a\u062c\u0645\u0639 \u0628\u064a\u0646 \u062a\u0623\u062b\u064a\u0631 \u0627\u0644\u062a\u062b\u0628\u064a\u062a \u0627\u0644\u0642\u0648\u064a \u0644\u0644\u0645\u0643\u064a\u0627\u062c \u0648\u062a\u0623\u062b\u064a\u0631 \u0627\u0644\u0625\u0634\u0631\u0627\u0642\u0629 \u0627\u0644\u0637\u0628\u064a\u0639\u064a\u0629 \u0644\u0644\u0628\u0634\u0631\u0629. \u062a\u0631\u0643\u064a\u0628\u062a\u0647 \u062e\u0641\u064a\u0641\u0629 \u0627\u0644\u0648\u0632\u0646 \u0648\u0633\u0631\u064a\u0639\u0629 \u0627\u0644\u0627\u0645\u062a\u0635\u0627\u0635\u060c \u062a\u0645\u0646\u062d \u0642\u0627\u0639\u062f\u0629 \u0645\u0634\u0631\u0642\u0629 \u063a\u064a\u0631 \u062f\u0647\u0646\u064a\u0629\u060c \u0645\u0645\u0627 \u064a\u0633\u0627\u0639\u062f \u0639\u0644\u0649 \u0627\u0644\u062d\u0641\u0627\u0638 \u0639\u0644\u0649 \u0627\u0644\u0645\u0643\u064a\u0627\u062c \u0645\u0646\u062a\u0639\u0634\u064b\u0627 \u0644\u0641\u062a\u0631\u0629 \u0623\u0637\u0648\u0644. \u063a\u0646\u064a \u0628\u0645\u0643\u0648\u0646\u0627\u062a \u0641\u0639\u0627\u0644\u0629 \u0645\u062b\u0644 \u0645\u0633\u062a\u062e\u0644\u0635 \u0630\u0647\u0628\u064a \u0644\u0625\u0634\u0631\u0627\u0642\u0629 \u0641\u0648\u0631\u064a\u0629\u060c \u0646\u064a\u0627\u0633\u064a\u0646\u0627\u0645\u064a\u062f \u0644\u062a\u0648\u062d\u064a\u062f \u0644\u0648\u0646 \u0627\u0644\u0628\u0634\u0631\u0629\u060c \u0645\u0631\u0643\u0628 \u0628\u0631\u0648\u062a\u064a\u0646 \u0644\u062a\u063a\u0630\u064a\u0629 \u0627\u0644\u0628\u0634\u0631\u0629\u060c \u0648\u062d\u0645\u0636 \u0627\u0644\u0647\u064a\u0627\u0644\u0648\u0631\u0648\u0646\u064a\u0643 \u0644\u062a\u0631\u0637\u064a\u0628 \u0639\u0645\u064a\u0642. \u0627\u0644\u0645\u0643\u0648\u0646\u0627\u062a \u0648\u0627\u0644\u062e\u0635\u0627\u0626\u0635 \u0627\u0644\u0631\u0626\u064a\u0633\u064a\u0629: \u2022 [&hellip;]<\/p>\n","protected":false},"featured_media":33906,"template":"","meta":[],"pwb-brand":[709],"product_brand":[],"product_cat":[1174],"product_tag":[],"class_list":{"0":"post-33904","1":"product","2":"type-product","3":"status-publish","4":"has-post-thumbnail","6":"pwb-brand-sheglam","7":"product_cat-base-primer-makeup","9":"first","10":"outofstock","11":"shipping-taxable","12":"product-type-variable","13":"has-default-attributes","14":"wvs-archive-product-wrapper"},"brands":[{"id":709,"name":"Sheglam","slug":"sheglam"}],"_links":{"self":[{"href":"https:\/\/gopinkish.com\/fr\/wp-json\/wp\/v2\/product\/33904","targetHints":{"allow":["GET"]}}],"collection":[{"href":"https:\/\/gopinkish.com\/fr\/wp-json\/wp\/v2\/product"}],"about":[{"href":"https:\/\/gopinkish.com\/fr\/wp-json\/wp\/v2\/types\/product"}],"wp:featuredmedia":[{"embeddable":true,"href":"https:\/\/gopinkish.com\/fr\/wp-json\/wp\/v2\/media\/33906"}],"wp:attachment":[{"href":"https:\/\/gopinkish.com\/fr\/wp-json\/wp\/v2\/media?parent=33904"}],"wp:term":[{"taxonomy":"pwb-brand","embeddable":true,"href":"https:\/\/gopinkish.com\/fr\/wp-json\/wp\/v2\/pwb-brand?post=33904"},{"taxonomy":"product_brand","embeddable":true,"href":"https:\/\/gopinkish.com\/fr\/wp-json\/wp\/v2\/product_brand?post=33904"},{"taxonomy":"product_cat","embeddable":true,"href":"https:\/\/gopinkish.com\/fr\/wp-json\/wp\/v2\/product_cat?post=33904"},{"taxonomy":"product_tag","embeddable":true,"href":"https:\/\/gopinkish.com\/fr\/wp-json\/wp\/v2\/product_tag?post=33904"}],"curies":[{"name":"wp","href":"https:\/\/api.w.org\/{rel}","templated":true}]}}