{"id":33870,"date":"2025-11-20T19:16:03","date_gmt":"2025-11-20T18:16:03","guid":{"rendered":"https:\/\/gopinkish.com\/?post_type=product&#038;p=33870"},"modified":"2026-01-14T15:38:39","modified_gmt":"2026-01-14T14:38:39","slug":"602004155702","status":"publish","type":"product","link":"https:\/\/gopinkish.com\/fr\/produit\/602004155702\/","title":{"rendered":"Un primer mat qui minimise les pores et pr\u00e9serve le maquillage."},"content":{"rendered":"<p style=\"text-align: justify;\">Un primer innovant sp\u00e9cialement con\u00e7u pour contr\u00f4ler la brillance et minimiser l'apparence des pores. Sa formule l\u00e9g\u00e8re et non com\u00e9dog\u00e8ne fixe le maquillage plus longtemps avec un fini mat naturel. Elle contient des ingr\u00e9dients qui absorbent instantan\u00e9ment les huiles et emp\u00eachent le maquillage de s'effriter au cours de la journ\u00e9e, ce qui la rend id\u00e9ale pour les peaux grasses ou mixtes.<\/p>\n<p><strong>Principaux ingr\u00e9dients et caract\u00e9ristiques :<\/strong><br \/>\n- Poudres absorbant l'huile : Absorbent l'exc\u00e8s de s\u00e9bum et donnent un fini mat.<br \/>\n- Agents anti-pores : R\u00e9duisent visiblement l'apparence des pores.<br \/>\n- Texture gel l\u00e9g\u00e8re : Une formule l\u00e9g\u00e8re qui s'estompe facilement avec le maquillage.<br \/>\n- Non com\u00e9dog\u00e8ne : Non com\u00e9dog\u00e8ne, convient aux peaux sensibles.<br \/>\n- Finition translucide : ne modifie pas le teint de la peau ou la base de maquillage.<\/p>\n<p><strong>Principales caract\u00e9ristiques et avantages :<\/strong><br \/>\n- R\u00e9duit instantan\u00e9ment l'apparence des pores.<br \/>\n- Absorbe l'exc\u00e8s de s\u00e9bum et pr\u00e9vient la brillance.<br \/>\n- Aide le maquillage \u00e0 rester en place plus longtemps.<br \/>\n- Procure un fini mat naturel.<br \/>\n- Convient aux peaux grasses et mixtes.<\/p>\n<p dir=\"ltr\" style=\"text-align: center;\">\ud83c\uddec\ud83c\udde7 Benefit The POREfessional Matte Primer - Base de maquillage anti-poils, minimisant les pores et longue dur\u00e9e<br \/>\n\ud83c\uddeb\ud83c\uddf7 Benefit The POREfessional Primer Mat - Contr\u00f4le du S\u00e9bum, R\u00e9duction des Pores &amp; Base Maquillage Longue Tenue<\/p>","protected":false},"excerpt":{"rendered":"<p>\u0628\u0631\u0627\u064a\u0645\u0631 \u0645\u0628\u062a\u0643\u0631 \u0645\u0635\u0645\u0645 \u062e\u0635\u064a\u0635\u064b\u0627 \u0644\u0644\u062a\u062d\u0643\u0645 \u0641\u064a \u0627\u0644\u0644\u0645\u0639\u0627\u0646 \u0648\u062a\u0642\u0644\u064a\u0644 \u0645\u0638\u0647\u0631 \u0627\u0644\u0645\u0633\u0627\u0645. \u062a\u0631\u0643\u064a\u0628\u062a\u0647 \u062e\u0641\u064a\u0641\u0629 \u0627\u0644\u0648\u0632\u0646\u060c \u063a\u064a\u0631 \u0643\u0648\u0645\u064a\u062f\u0648\u062c\u064a\u0646\u064a\u0643\u060c \u0648\u062a\u0639\u0645\u0644 \u0639\u0644\u0649 \u062a\u062b\u0628\u064a\u062a \u0627\u0644\u0645\u0643\u064a\u0627\u062c \u0644\u0641\u062a\u0631\u0629 \u0623\u0637\u0648\u0644 \u0645\u0639 \u0644\u0645\u0633\u0629 \u0646\u0647\u0627\u0626\u064a\u0629 \u0637\u0628\u064a\u0639\u064a\u0629\u2011\u0645\u0627\u062a. \u064a\u062d\u062a\u0648\u064a \u0639\u0644\u0649 \u0645\u0643\u0648\u0646\u0627\u062a \u062a\u0645\u062a\u0635 \u0627\u0644\u0632\u064a\u0648\u062a \u0641\u0648\u0631\u064b\u0627 \u0648\u062a\u0633\u0627\u0639\u062f \u0639\u0644\u0649 \u0645\u0646\u0639 \u0627\u0646\u0647\u064a\u0627\u0631 \u0627\u0644\u0645\u0643\u064a\u0627\u062c \u062e\u0644\u0627\u0644 \u0627\u0644\u064a\u0648\u0645\u060c \u0645\u0645\u0627 \u064a\u062c\u0639\u0644\u0647 \u0645\u062b\u0627\u0644\u064a\u064b\u0627 \u0644\u0644\u0628\u0634\u0631\u0629 \u0627\u0644\u062f\u0647\u0646\u064a\u0629 \u0623\u0648 \u0627\u0644\u0645\u062e\u062a\u0644\u0637\u0629. \u0627\u0644\u0645\u0643\u0648\u0646\u0627\u062a \u0648\u0627\u0644\u062e\u0635\u0627\u0626\u0635 \u0627\u0644\u0631\u0626\u064a\u0633\u064a\u0629: \u2022 Oil\u2011Absorbing Powders: \u062a\u0645\u062a\u0635 \u0627\u0644\u0632\u064a\u0648\u062a \u0627\u0644\u0632\u0627\u0626\u062f\u0629 \u0648\u062a\u0645\u0646\u062d [&hellip;]<\/p>\n","protected":false},"featured_media":33886,"template":"","meta":[],"pwb-brand":[1461],"product_brand":[],"product_cat":[1174],"product_tag":[],"class_list":{"0":"post-33870","1":"product","2":"type-product","3":"status-publish","4":"has-post-thumbnail","6":"pwb-brand-benefit","7":"product_cat-base-primer-makeup","9":"first","10":"instock","11":"shipping-taxable","12":"purchasable","13":"product-type-variable","14":"has-default-attributes","15":"wvs-archive-product-wrapper"},"brands":[{"id":1461,"name":"Benefit","slug":"avantage"}],"_links":{"self":[{"href":"https:\/\/gopinkish.com\/fr\/wp-json\/wp\/v2\/product\/33870","targetHints":{"allow":["GET"]}}],"collection":[{"href":"https:\/\/gopinkish.com\/fr\/wp-json\/wp\/v2\/product"}],"about":[{"href":"https:\/\/gopinkish.com\/fr\/wp-json\/wp\/v2\/types\/product"}],"wp:featuredmedia":[{"embeddable":true,"href":"https:\/\/gopinkish.com\/fr\/wp-json\/wp\/v2\/media\/33886"}],"wp:attachment":[{"href":"https:\/\/gopinkish.com\/fr\/wp-json\/wp\/v2\/media?parent=33870"}],"wp:term":[{"taxonomy":"pwb-brand","embeddable":true,"href":"https:\/\/gopinkish.com\/fr\/wp-json\/wp\/v2\/pwb-brand?post=33870"},{"taxonomy":"product_brand","embeddable":true,"href":"https:\/\/gopinkish.com\/fr\/wp-json\/wp\/v2\/product_brand?post=33870"},{"taxonomy":"product_cat","embeddable":true,"href":"https:\/\/gopinkish.com\/fr\/wp-json\/wp\/v2\/product_cat?post=33870"},{"taxonomy":"product_tag","embeddable":true,"href":"https:\/\/gopinkish.com\/fr\/wp-json\/wp\/v2\/product_tag?post=33870"}],"curies":[{"name":"wp","href":"https:\/\/api.w.org\/{rel}","templated":true}]}}