{"id":33860,"date":"2025-11-20T18:32:16","date_gmt":"2025-11-20T17:32:16","guid":{"rendered":"https:\/\/gopinkish.com\/?post_type=product&#038;p=33860"},"modified":"2026-02-17T16:14:19","modified_gmt":"2026-02-17T15:14:19","slug":"3600522248996","status":"publish","type":"product","link":"https:\/\/gopinkish.com\/fr\/produit\/3600522248996\/","title":{"rendered":"Une cr\u00e8me anti-rides quotidienne qui restaure la densit\u00e9 de la peau"},"content":{"rendered":"<p><!--StartFragment --><\/p>\n<p style=\"text-align: justify;\">Une cr\u00e8me quotidienne innovante con\u00e7ue pour les femmes \u00e0 partir de 40 ans. Elle associe trois ingr\u00e9dients puissants : L'acide hyaluronique fractionn\u00e9 pour une hydratation profonde et une r\u00e9duction des rides, le Pro-R\u00e9tinol pour stimuler le renouvellement cellulaire, et la vitamine C pour combattre le teint terne et l'uniformiser. La formule agit \u00e0 trois niveaux : R\u00e9duction des rides, resurfa\u00e7age de la peau et remodelage du visage.<\/p>\n<p style=\"text-align: justify;\"><strong>Principaux ingr\u00e9dients et caract\u00e9ristiques :<\/strong><br \/>\n- Acide hyaluronique fragment\u00e9 : hydrate en profondeur et r\u00e9duit les rides.<br \/>\n- Pro-R\u00e9tinol : stimule le renouvellement cellulaire et am\u00e9liore la texture de la peau.<br \/>\n- Vitamine C : unifie le teint de la peau et lui donne un \u00e9clat sain.<br \/>\n- Pro-Xylane\u2122 (3%) : Augmente le volume de la peau et remod\u00e8le les contours du visage.<br \/>\n- Convient \u00e0 tous les types de peau.<\/p>\n<p style=\"text-align: justify;\"><strong>Principales caract\u00e9ristiques et avantages :<\/strong><br \/>\n- R\u00e9duit visiblement les rides.<br \/>\n- Restaure le volume et donne \u00e0 la peau un aspect sain et rebondi.<br \/>\n- Remod\u00e8le le visage gr\u00e2ce au Pro-Xylane\u2122.<br \/>\n- Donne un \u00e9clat naturel et att\u00e9nue l'aspect terne de la peau.<br \/>\n- Convient pour un usage quotidien \u00e0 partir de 40 ans.<\/p>\n<p dir=\"ltr\" style=\"text-align: center;\">\ud83c\uddec\ud83c\udde7 Revitalift Laser X3 Day Cream - Anti-rides, re-densit\u00e9 et remodelage du visage<br \/>\n\ud83c\uddeb\ud83c\uddf7 Revitalift Laser X3 Cr\u00e8me de Jour - Anti-Rides, Redensifie &amp; Remod\u00e8le le Visage<\/p>\n<p><!--EndFragment --><\/p>","protected":false},"excerpt":{"rendered":"<p>\u0643\u0631\u064a\u0645 \u064a\u0648\u0645\u064a \u0645\u0628\u062a\u0643\u0631 \u0645\u0635\u0645\u0645 \u0644\u0644\u0646\u0633\u0627\u0621 \u0627\u0628\u062a\u062f\u0627\u0621\u064b \u0645\u0646 \u0639\u0645\u0631 40 \u0639\u0627\u0645\u064b\u0627. \u064a\u062c\u0645\u0639 \u0628\u064a\u0646 \u062b\u0644\u0627\u062b\u0629 \u0645\u0643\u0648\u0646\u0627\u062a \u0641\u0639\u0627\u0644\u0629: \u062d\u0645\u0636 \u0627\u0644\u0647\u064a\u0627\u0644\u0648\u0631\u0648\u0646\u064a\u0643 \u0627\u0644\u0645\u062c\u0632\u0623 \u0644\u062a\u0631\u0637\u064a\u0628 \u0639\u0645\u064a\u0642 \u0648\u062a\u0642\u0644\u064a\u0644 \u0627\u0644\u062a\u062c\u0627\u0639\u064a\u062f\u060c Pro\u2011Retinol \u0644\u062a\u062d\u0641\u064a\u0632 \u062a\u062c\u062f\u064a\u062f \u0627\u0644\u062e\u0644\u0627\u064a\u0627\u060c \u0648\u0641\u064a\u062a\u0627\u0645\u064a\u0646 C \u0644\u0645\u0643\u0627\u0641\u062d\u0629 \u0627\u0644\u0628\u0647\u062a\u0627\u0646 \u0648\u062a\u0648\u062d\u064a\u062f \u0644\u0648\u0646 \u0627\u0644\u0628\u0634\u0631\u0629. \u0627\u0644\u062a\u0631\u0643\u064a\u0628\u0629 \u062a\u0639\u0645\u0644 \u0639\u0644\u0649 \u062b\u0644\u0627\u062b \u0645\u0633\u062a\u0648\u064a\u0627\u062a: \u062a\u0642\u0644\u064a\u0644 \u0627\u0644\u062a\u062c\u0627\u0639\u064a\u062f\u060c \u0625\u0639\u0627\u062f\u0629 \u0643\u062b\u0627\u0641\u0629 \u0627\u0644\u0628\u0634\u0631\u0629\u060c \u0648\u0625\u0639\u0627\u062f\u0629 \u062a\u0634\u0643\u064a\u0644 \u0645\u0644\u0627\u0645\u062d \u0627\u0644\u0648\u062c\u0647. \u0627\u0644\u0645\u0643\u0648\u0646\u0627\u062a \u0648\u0627\u0644\u062e\u0635\u0627\u0626\u0635 \u0627\u0644\u0631\u0626\u064a\u0633\u064a\u0629: \u2022 Fragmented Hyaluronic Acid: \u064a\u0631\u0637\u0628 [&hellip;]<\/p>\n","protected":false},"featured_media":33868,"template":"","meta":[],"pwb-brand":[239],"product_brand":[],"product_cat":[1231,1121],"product_tag":[672,697,1013],"class_list":{"0":"post-33860","1":"product","2":"type-product","3":"status-publish","4":"has-post-thumbnail","6":"pwb-brand-loreal","7":"product_cat-daily-face-care","8":"product_cat-face-moist","9":"product_tag-wrinkles","10":"product_tag-moisturizing","11":"product_tag-1013","13":"first","14":"instock","15":"shipping-taxable","16":"purchasable","17":"product-type-variable","18":"has-default-attributes","19":"wvs-archive-product-wrapper"},"brands":[{"id":239,"name":"L'Or\u00e9al Paris","slug":"loreal"}],"_links":{"self":[{"href":"https:\/\/gopinkish.com\/fr\/wp-json\/wp\/v2\/product\/33860","targetHints":{"allow":["GET"]}}],"collection":[{"href":"https:\/\/gopinkish.com\/fr\/wp-json\/wp\/v2\/product"}],"about":[{"href":"https:\/\/gopinkish.com\/fr\/wp-json\/wp\/v2\/types\/product"}],"wp:featuredmedia":[{"embeddable":true,"href":"https:\/\/gopinkish.com\/fr\/wp-json\/wp\/v2\/media\/33868"}],"wp:attachment":[{"href":"https:\/\/gopinkish.com\/fr\/wp-json\/wp\/v2\/media?parent=33860"}],"wp:term":[{"taxonomy":"pwb-brand","embeddable":true,"href":"https:\/\/gopinkish.com\/fr\/wp-json\/wp\/v2\/pwb-brand?post=33860"},{"taxonomy":"product_brand","embeddable":true,"href":"https:\/\/gopinkish.com\/fr\/wp-json\/wp\/v2\/product_brand?post=33860"},{"taxonomy":"product_cat","embeddable":true,"href":"https:\/\/gopinkish.com\/fr\/wp-json\/wp\/v2\/product_cat?post=33860"},{"taxonomy":"product_tag","embeddable":true,"href":"https:\/\/gopinkish.com\/fr\/wp-json\/wp\/v2\/product_tag?post=33860"}],"curies":[{"name":"wp","href":"https:\/\/api.w.org\/{rel}","templated":true}]}}