{"id":33844,"date":"2025-11-20T18:17:19","date_gmt":"2025-11-20T17:17:19","guid":{"rendered":"https:\/\/gopinkish.com\/?post_type=product&#038;p=33844"},"modified":"2026-01-17T10:02:23","modified_gmt":"2026-01-17T09:02:23","slug":"8800256114283","status":"publish","type":"product","link":"https:\/\/gopinkish.com\/fr\/produit\/8800256114283\/","title":{"rendered":"Un s\u00e9rum l\u00e9ger qui r\u00e9duit les pores et purifie la peau grasse."},"content":{"rendered":"<p style=\"text-align: justify;\">Un s\u00e9rum quotidien pour les peaux grasses et mixtes sujettes aux pores dilat\u00e9s et \u00e0 la brillance. Il contient des AHA + BHA pour exfolier en douceur et affiner les pores, du niacinamide pour unifier le teint et att\u00e9nuer les taches, et de l'hamam\u00e9lis + de la centella asiatica pour apaiser et r\u00e9guler la production de s\u00e9bum. La formule est l\u00e9g\u00e8re, non com\u00e9dog\u00e8ne et convient \u00e0 un usage quotidien.<\/p>\n<p><strong>Principaux ingr\u00e9dients et caract\u00e9ristiques :<\/strong><br \/>\n- AHA + BHA : Exfoliation douce et affinement des pores.<br \/>\n- Niacinamide : unifie le teint de la peau et r\u00e9duit les imperfections.<br \/>\n- Hamam\u00e9lis : R\u00e9duit la brillance et r\u00e9gule la s\u00e9cr\u00e9tion de s\u00e9bum.<br \/>\n- Centella Asiatica : calme la peau et r\u00e9duit l'inflammation.<br \/>\n- Formule l\u00e9g\u00e8re, non grasse et \u00e0 absorption rapide.<\/p>\n<p><strong>Principales caract\u00e9ristiques et avantages :<\/strong><br \/>\n- R\u00e9duit visiblement la taille des pores.<br \/>\n- Purifie la peau et lui donne une texture lisse.<br \/>\n- R\u00e9duit la brillance et r\u00e9gule la s\u00e9cr\u00e9tion de s\u00e9bum.<br \/>\n- Am\u00e9liore l'\u00e9clat de la peau et unifie le teint.<br \/>\n- Convient aux peaux grasses et mixtes, m\u00eame sensibles.<\/p>\n<p dir=\"ltr\" style=\"text-align: center;\">\ud83c\uddec\ud83c\udde7 Medicube Zero Pore Serum - resserrement des pores, contr\u00f4le du s\u00e9bum et lissage de la peau<br \/>\n\ud83c\uddeb\ud83c\uddf7 Medicube S\u00e9rum Z\u00e9ro Pore - R\u00e9duction des Pores, Contr\u00f4le du S\u00e9bum &amp; Lissage de la Peau<\/p>","protected":false},"excerpt":{"rendered":"<p>\u0633\u064a\u0631\u0648\u0645 \u064a\u0648\u0645\u064a \u0645\u062e\u0635\u0635 \u0644\u0644\u0628\u0634\u0631\u0629 \u0627\u0644\u062f\u0647\u0646\u064a\u0629 \u0648\u0627\u0644\u0645\u062e\u062a\u0644\u0637\u0629 \u0627\u0644\u0645\u0639\u0631\u0636\u0629 \u0644\u0644\u0645\u0633\u0627\u0645 \u0627\u0644\u0648\u0627\u0633\u0639\u0629 \u0648\u0627\u0644\u0644\u0645\u0639\u0627\u0646. \u064a\u062d\u062a\u0648\u064a \u0639\u0644\u0649 AHA + BHA \u0644\u062a\u0642\u0634\u064a\u0631 \u0644\u0637\u064a\u0641 \u0648\u062a\u0646\u0642\u064a\u0629 \u0627\u0644\u0645\u0633\u0627\u0645\u060c \u0625\u0644\u0649 \u062c\u0627\u0646\u0628 Niacinamide \u0644\u062a\u0648\u062d\u064a\u062f \u0644\u0648\u0646 \u0627\u0644\u0628\u0634\u0631\u0629 \u0648\u062a\u0642\u0644\u064a\u0644 \u0627\u0644\u0628\u0642\u0639\u060c \u0648Witch Hazel + Centella Asiatica \u0644\u062a\u0647\u062f\u0626\u0629 \u0627\u0644\u0628\u0634\u0631\u0629 \u0648\u062a\u0646\u0638\u064a\u0645 \u0625\u0641\u0631\u0627\u0632 \u0627\u0644\u062f\u0647\u0648\u0646. \u0627\u0644\u062a\u0631\u0643\u064a\u0628\u0629 \u062e\u0641\u064a\u0641\u0629 \u0627\u0644\u0648\u0632\u0646\u060c \u063a\u064a\u0631 \u0643\u0648\u0645\u064a\u062f\u0648\u062c\u064a\u0646\u064a\u0643\u060c \u0648\u0645\u0646\u0627\u0633\u0628\u0629 \u0644\u0644\u0627\u0633\u062a\u062e\u062f\u0627\u0645 \u0627\u0644\u064a\u0648\u0645\u064a. \u0627\u0644\u0645\u0643\u0648\u0646\u0627\u062a \u0648\u0627\u0644\u062e\u0635\u0627\u0626\u0635 \u0627\u0644\u0631\u0626\u064a\u0633\u064a\u0629: \u2022 AHA + BHA: \u062a\u0642\u0634\u064a\u0631 \u0644\u0637\u064a\u0641 \u0648\u062a\u0646\u0642\u064a\u0629 [&hellip;]<\/p>\n","protected":false},"featured_media":33845,"template":"","meta":[],"pwb-brand":[1393],"product_brand":[],"product_cat":[1230,1123,1120],"product_tag":[689,695,675,685,671],"class_list":{"0":"post-33844","1":"product","2":"type-product","3":"status-publish","4":"has-post-thumbnail","6":"pwb-brand-medicube","7":"product_cat-face-serum","8":"product_cat-face-bright","9":"product_cat-face-exfo","10":"product_tag-oily","11":"product_tag-mixedskin","12":"product_tag-spots","13":"product_tag-brightening","14":"product_tag-pigmentation","16":"first","17":"instock","18":"shipping-taxable","19":"purchasable","20":"product-type-variable","21":"has-default-attributes","22":"wvs-archive-product-wrapper"},"brands":[{"id":1393,"name":"MediCube","slug":"medicube"}],"_links":{"self":[{"href":"https:\/\/gopinkish.com\/fr\/wp-json\/wp\/v2\/product\/33844","targetHints":{"allow":["GET"]}}],"collection":[{"href":"https:\/\/gopinkish.com\/fr\/wp-json\/wp\/v2\/product"}],"about":[{"href":"https:\/\/gopinkish.com\/fr\/wp-json\/wp\/v2\/types\/product"}],"wp:featuredmedia":[{"embeddable":true,"href":"https:\/\/gopinkish.com\/fr\/wp-json\/wp\/v2\/media\/33845"}],"wp:attachment":[{"href":"https:\/\/gopinkish.com\/fr\/wp-json\/wp\/v2\/media?parent=33844"}],"wp:term":[{"taxonomy":"pwb-brand","embeddable":true,"href":"https:\/\/gopinkish.com\/fr\/wp-json\/wp\/v2\/pwb-brand?post=33844"},{"taxonomy":"product_brand","embeddable":true,"href":"https:\/\/gopinkish.com\/fr\/wp-json\/wp\/v2\/product_brand?post=33844"},{"taxonomy":"product_cat","embeddable":true,"href":"https:\/\/gopinkish.com\/fr\/wp-json\/wp\/v2\/product_cat?post=33844"},{"taxonomy":"product_tag","embeddable":true,"href":"https:\/\/gopinkish.com\/fr\/wp-json\/wp\/v2\/product_tag?post=33844"}],"curies":[{"name":"wp","href":"https:\/\/api.w.org\/{rel}","templated":true}]}}