{"id":33780,"date":"2025-11-20T01:18:43","date_gmt":"2025-11-20T00:18:43","guid":{"rendered":"https:\/\/gopinkish.com\/?post_type=product&#038;p=33780"},"modified":"2025-11-20T01:18:50","modified_gmt":"2025-11-20T00:18:50","slug":"8809875456019","status":"publish","type":"product","link":"https:\/\/gopinkish.com\/fr\/produit\/8809875456019\/","title":{"rendered":"Masque \u00e0 l'argile nettoyant et clarifiant pour les pores"},"content":{"rendered":"<p><!--StartFragment --><\/p>\n<p style=\"text-align: justify;\">EQQUAL BERRY Purple Rice Pore Purifying Pack Cleanser d'EQQUAL BERRY est un nettoyant \u00e0 double usage qui fonctionne comme nettoyant quotidien ou comme masque de boue en 3 minutes. Il est formul\u00e9 \u00e0 partir du complexe de riz violet riche en antioxydants et de 6 argiles, dont l'argile marine, pour absorber le s\u00e9bum et les impuret\u00e9s. Il contient \u00e9galement une combinaison d'AHA + BHA + PHA pour une exfoliation en douceur et l'\u00e9limination des cellules mortes, laissant la peau douce et nette.<\/p>\n<p style=\"text-align: justify;\"><strong>Principaux ingr\u00e9dients et caract\u00e9ristiques :<\/strong><br \/>\n- Complexe de riz violet : Un antioxydant naturel qui renforce l'\u00e9clat de la peau.<br \/>\n- Argile marine + 5 autres types d'argile : Absorbe efficacement les graisses et les impuret\u00e9s.<br \/>\n- AHA + BHA + PHA : Exfoliation chimique douce pour r\u00e9g\u00e9n\u00e9rer la peau.<br \/>\n- Enzymes naturelles : Aide \u00e0 purifier la peau en douceur.<br \/>\n- Formul\u00e9 sans parfum, sans parab\u00e8ne et sans huile min\u00e9rale.<\/p>\n<p style=\"text-align: justify;\"><strong>Principales caract\u00e9ristiques et avantages :<\/strong><br \/>\n- Purifie les pores en profondeur et \u00e9limine l'exc\u00e8s de s\u00e9bum.<br \/>\n- Utiliser comme nettoyant quotidien ou comme masque de boue en 3 minutes.<br \/>\n- R\u00e9duit les points noirs et am\u00e9liore la texture de la peau.<br \/>\n- Permet d'obtenir une peau lisse et claire avec un \u00e9clat sain.<br \/>\n- Convient \u00e0 tous les types de peau, y compris les peaux sensibles.<\/p>\n<p dir=\"ltr\" style=\"text-align: center;\">\ud83c\uddec\ud83c\udde7 EQQUAL BERRY Purple Rice Pore Purifying Pack Cleanser - Masque d'argile et mousse nettoyante \u00e0 double usage, soin des pores en profondeur<br \/>\n\ud83c\uddeb\ud83c\uddf7 EQUAL BERRY Purple Rice Pore Purifying Pack Cleanser - Masque &amp; Nettoyant \u00e0 l'Argile Double Usage, Soin Profond des Pores<\/p>\n<p><!--EndFragment --><\/p>","protected":false},"excerpt":{"rendered":"<p>\u0645\u0646\u062a\u062c EQQUAL BERRY Purple Rice Pore Purifying Pack Cleanser \u0645\u0646 EQQUAL BERRY \u0647\u0648 \u0645\u0646\u0638\u0641 \u062b\u0646\u0627\u0626\u064a \u0627\u0644\u0627\u0633\u062a\u062e\u062f\u0627\u0645 \u064a\u0639\u0645\u0644 \u0643\u063a\u0633\u0648\u0644 \u064a\u0648\u0645\u064a \u0623\u0648 \u0645\u0627\u0633\u0643 \u0637\u064a\u0646 \u0644\u0645\u062f\u0629 3 \u062f\u0642\u0627\u0626\u0642. \u062a\u0631\u0643\u064a\u0628\u062a\u0647 \u062a\u062d\u062a\u0648\u064a \u0639\u0644\u0649 Purple Rice Complex \u0627\u0644\u063a\u0646\u064a \u0628\u0645\u0636\u0627\u062f\u0627\u062a \u0627\u0644\u0623\u0643\u0633\u062f\u0629\u060c \u0625\u0644\u0649 \u062c\u0627\u0646\u0628 6 \u0623\u0646\u0648\u0627\u0639 \u0645\u0646 \u0627\u0644\u0637\u064a\u0646 \u0628\u0645\u0627 \u0641\u064a\u0647\u0627 Sea\u2011Silt Clay \u0644\u0627\u0645\u062a\u0635\u0627\u0635 \u0627\u0644\u062f\u0647\u0648\u0646 \u0648\u0627\u0644\u0634\u0648\u0627\u0626\u0628. \u0643\u0645\u0627 \u064a\u0636\u0645 \u0645\u0632\u064a\u062c\u064b\u0627 \u0645\u0646 AHA + BHA + [&hellip;]<\/p>\n","protected":false},"featured_media":33789,"template":"","meta":[],"pwb-brand":[1447],"product_brand":[],"product_cat":[1119],"product_tag":[698,673,688,763],"class_list":{"0":"post-33780","1":"product","2":"type-product","3":"status-publish","4":"has-post-thumbnail","6":"pwb-brand-eqqual-berry","7":"product_cat-face-wash","8":"product_tag-blackheads","9":"product_tag-pores","10":"product_tag-sensitive","11":"product_tag-korean-product-2","13":"first","14":"instock","15":"shipping-taxable","16":"purchasable","17":"product-type-variable","18":"has-default-attributes","19":"wvs-archive-product-wrapper"},"brands":[{"id":1447,"name":"EqualBerry","slug":"eqqual-berry"}],"_links":{"self":[{"href":"https:\/\/gopinkish.com\/fr\/wp-json\/wp\/v2\/product\/33780","targetHints":{"allow":["GET"]}}],"collection":[{"href":"https:\/\/gopinkish.com\/fr\/wp-json\/wp\/v2\/product"}],"about":[{"href":"https:\/\/gopinkish.com\/fr\/wp-json\/wp\/v2\/types\/product"}],"wp:featuredmedia":[{"embeddable":true,"href":"https:\/\/gopinkish.com\/fr\/wp-json\/wp\/v2\/media\/33789"}],"wp:attachment":[{"href":"https:\/\/gopinkish.com\/fr\/wp-json\/wp\/v2\/media?parent=33780"}],"wp:term":[{"taxonomy":"pwb-brand","embeddable":true,"href":"https:\/\/gopinkish.com\/fr\/wp-json\/wp\/v2\/pwb-brand?post=33780"},{"taxonomy":"product_brand","embeddable":true,"href":"https:\/\/gopinkish.com\/fr\/wp-json\/wp\/v2\/product_brand?post=33780"},{"taxonomy":"product_cat","embeddable":true,"href":"https:\/\/gopinkish.com\/fr\/wp-json\/wp\/v2\/product_cat?post=33780"},{"taxonomy":"product_tag","embeddable":true,"href":"https:\/\/gopinkish.com\/fr\/wp-json\/wp\/v2\/product_tag?post=33780"}],"curies":[{"name":"wp","href":"https:\/\/api.w.org\/{rel}","templated":true}]}}