{"id":33744,"date":"2025-11-20T00:40:35","date_gmt":"2025-11-19T23:40:35","guid":{"rendered":"https:\/\/gopinkish.com\/?post_type=product&#038;p=33744"},"modified":"2025-11-20T02:14:33","modified_gmt":"2025-11-20T01:14:33","slug":"8809875457788","status":"publish","type":"product","link":"https:\/\/gopinkish.com\/fr\/produit\/8809875457788\/","title":{"rendered":"Le s\u00e9rum apaisant \u00e0 l'aloe vera renforce l'hydratation et la barri\u00e8re cutan\u00e9e"},"content":{"rendered":"<p style=\"text-align: justify;\">Ce s\u00e9rum associe le pouvoir de l'aloe vera naturel et du PDRN d\u00e9riv\u00e9 du saumon \u00e0 des ingr\u00e9dients apaisants tels que le 5-CICA et l'Artemisia, pour apaiser instantan\u00e9ment les peaux sensibles ou sujettes \u00e0 l'acn\u00e9. La formule l\u00e9g\u00e8re, \u00e0 absorption rapide, r\u00e9g\u00e9n\u00e8re les cellules de la peau et renforce la barri\u00e8re cutan\u00e9e pour prot\u00e9ger la peau de la s\u00e9cheresse et des polluants.<\/p>\n<p><strong>Principaux ingr\u00e9dients et caract\u00e9ristiques :<\/strong><br \/>\n- Aloe Vera + PDRN : Apaise et r\u00e9g\u00e9n\u00e8re instantan\u00e9ment les cellules de la peau.<br \/>\n- Complexe 5-CICA : Soulage l'inflammation et favorise le confort de la peau.<br \/>\n- Artemisia : Un ingr\u00e9dient v\u00e9g\u00e9tal calmant et antioxydant.<br \/>\n- 5 types de c\u00e9ramides : Renforce la barri\u00e8re cutan\u00e9e et retient l'hydratation.<br \/>\n- Acide hyaluronique : Fournit une hydratation suppl\u00e9mentaire aux peaux s\u00e8ches.<br \/>\n- Formule non com\u00e9dog\u00e8ne, sans danger pour les peaux sensibles et sujettes \u00e0 l'acn\u00e9.<\/p>\n<p><strong>Principales caract\u00e9ristiques et avantages :<\/strong><br \/>\n- Calme instantan\u00e9ment les rougeurs et les irritations.<br \/>\n- Favorise une hydratation profonde et durable.<br \/>\n- Renforce la barri\u00e8re cutan\u00e9e contre la s\u00e9cheresse et les facteurs externes.<br \/>\n- Aide \u00e0 r\u00e9g\u00e9n\u00e9rer la peau pour la rendre plus r\u00e9sistante et plus saine.<br \/>\n- Convient \u00e0 une utilisation quotidienne sur les peaux sensibles ou sujettes \u00e0 l'acn\u00e9.<\/p>\n<p dir=\"ltr\" style=\"text-align: center;\">\ud83c\uddec\ud83c\udde7 EQQUAL BERRY Green Aid Aloe Calming Serum - Apaisement instantan\u00e9, hydratation et renforcement de la barri\u00e8re cutan\u00e9e<br \/>\n\ud83c\uddeb\ud83c\uddf7 EQUAL BERRY Green Aid Aloe Calming Serum - Apaisant Imm\u00e9diat, Hydratant &amp; Renforce la Barri\u00e8re<\/p>","protected":false},"excerpt":{"rendered":"<p>\u0633\u064a\u0631\u0648\u0645 \u064a\u062c\u0645\u0639 \u0628\u064a\u0646 \u0642\u0648\u0629 \u0627\u0644\u0623\u0644\u0648\u0641\u064a\u0631\u0627 \u0627\u0644\u0637\u0628\u064a\u0639\u064a\u0629 \u0648PDRN \u0627\u0644\u0645\u0633\u062a\u062e\u0644\u0635 \u0645\u0646 \u0627\u0644\u0633\u0644\u0645\u0648\u0646\u060c \u0625\u0644\u0649 \u062c\u0627\u0646\u0628 \u0645\u0643\u0648\u0646\u0627\u062a \u0645\u0647\u062f\u0626\u0629 \u0645\u062b\u0644 5\u2011CICA \u0648Artemisia\u060c \u0645\u0645\u0627 \u064a\u0648\u0641\u0631 \u062a\u0647\u062f\u0626\u0629 \u0641\u0648\u0631\u064a\u0629 \u0644\u0644\u0628\u0634\u0631\u0629 \u0627\u0644\u062d\u0633\u0627\u0633\u0629 \u0623\u0648 \u0627\u0644\u0645\u0639\u0631\u0636\u0629 \u0644\u062d\u0628 \u0627\u0644\u0634\u0628\u0627\u0628. \u0627\u0644\u062a\u0631\u0643\u064a\u0628\u0629 \u062e\u0641\u064a\u0641\u0629 \u0627\u0644\u0648\u0632\u0646 \u0648\u0633\u0631\u064a\u0639\u0629 \u0627\u0644\u0627\u0645\u062a\u0635\u0627\u0635\u060c \u0648\u062a\u0639\u0645\u0644 \u0639\u0644\u0649 \u062a\u062c\u062f\u064a\u062f \u062e\u0644\u0627\u064a\u0627 \u0627\u0644\u062c\u0644\u062f \u0648\u062a\u0642\u0648\u064a\u0629 \u0627\u0644\u062d\u0627\u062c\u0632 \u0627\u0644\u062c\u0644\u062f\u064a \u0644\u062d\u0645\u0627\u064a\u0629 \u0627\u0644\u0628\u0634\u0631\u0629 \u0645\u0646 \u0627\u0644\u062c\u0641\u0627\u0641 \u0648\u0627\u0644\u0645\u0644\u0648\u062b\u0627\u062a. \u0627\u0644\u0645\u0643\u0648\u0646\u0627\u062a \u0648\u0627\u0644\u062e\u0635\u0627\u0626\u0635 \u0627\u0644\u0631\u0626\u064a\u0633\u064a\u0629: \u2022 Aloe Vera + PDRN: \u062a\u0647\u062f\u0626\u0629 \u0641\u0648\u0631\u064a\u0629 [&hellip;]<\/p>\n","protected":false},"featured_media":33745,"template":"","meta":[],"pwb-brand":[1447],"product_brand":[],"product_cat":[1230,1121],"product_tag":[688,697,683,763],"class_list":{"0":"post-33744","1":"product","2":"type-product","3":"status-publish","4":"has-post-thumbnail","6":"pwb-brand-eqqual-berry","7":"product_cat-face-serum","8":"product_cat-face-moist","9":"product_tag-sensitive","10":"product_tag-moisturizing","11":"product_tag-acne","12":"product_tag-korean-product-2","14":"first","15":"instock","16":"shipping-taxable","17":"purchasable","18":"product-type-variable","19":"has-default-attributes","20":"wvs-archive-product-wrapper"},"brands":[{"id":1447,"name":"EqualBerry","slug":"eqqual-berry"}],"_links":{"self":[{"href":"https:\/\/gopinkish.com\/fr\/wp-json\/wp\/v2\/product\/33744","targetHints":{"allow":["GET"]}}],"collection":[{"href":"https:\/\/gopinkish.com\/fr\/wp-json\/wp\/v2\/product"}],"about":[{"href":"https:\/\/gopinkish.com\/fr\/wp-json\/wp\/v2\/types\/product"}],"wp:featuredmedia":[{"embeddable":true,"href":"https:\/\/gopinkish.com\/fr\/wp-json\/wp\/v2\/media\/33745"}],"wp:attachment":[{"href":"https:\/\/gopinkish.com\/fr\/wp-json\/wp\/v2\/media?parent=33744"}],"wp:term":[{"taxonomy":"pwb-brand","embeddable":true,"href":"https:\/\/gopinkish.com\/fr\/wp-json\/wp\/v2\/pwb-brand?post=33744"},{"taxonomy":"product_brand","embeddable":true,"href":"https:\/\/gopinkish.com\/fr\/wp-json\/wp\/v2\/product_brand?post=33744"},{"taxonomy":"product_cat","embeddable":true,"href":"https:\/\/gopinkish.com\/fr\/wp-json\/wp\/v2\/product_cat?post=33744"},{"taxonomy":"product_tag","embeddable":true,"href":"https:\/\/gopinkish.com\/fr\/wp-json\/wp\/v2\/product_tag?post=33744"}],"curies":[{"name":"wp","href":"https:\/\/api.w.org\/{rel}","templated":true}]}}