{"id":33734,"date":"2025-11-20T00:30:20","date_gmt":"2025-11-19T23:30:20","guid":{"rendered":"https:\/\/gopinkish.com\/?post_type=product&#038;p=33734"},"modified":"2025-11-20T02:14:44","modified_gmt":"2025-11-20T01:14:44","slug":"8809875457795","status":"publish","type":"product","link":"https:\/\/gopinkish.com\/fr\/produit\/8809875457795\/","title":{"rendered":"Un s\u00e9rum hydratant immersif qui renforce la barri\u00e8re cutan\u00e9e d\u00e9licate."},"content":{"rendered":"<p style=\"text-align: justify;\">Ce s\u00e9rum contient une forte concentration de Hyaltoin (50 000 ppm), une combinaison d'acide hyaluronique et d'ecto\u00efne, ainsi que de l'eau de glacier (100 000 ppm) et 5 types de c\u00e9ramides. Cette formule hydrate en profondeur, apaise les peaux sensibles et renforce la barri\u00e8re cutan\u00e9e.<\/p>\n<p style=\"text-align: justify;\">Principaux ingr\u00e9dients et caract\u00e9ristiques :<br \/>\n- Hyaltoin (50 000 ppm) : Hydrate en profondeur et prot\u00e8ge contre les irritants.<br \/>\n- Eau de glacier (100 000 ppm) : Rafra\u00eechissante et tr\u00e8s hydratante.<br \/>\n- 5 types de c\u00e9ramides : Renforcent la barri\u00e8re cutan\u00e9e.<br \/>\n- Acide hyaluronique : Apporte \u00e0 la peau un aspect sain et rebondi.<br \/>\n- Formule l\u00e9g\u00e8re et \u00e0 absorption rapide.<\/p>\n<p style=\"text-align: justify;\">Principales caract\u00e9ristiques et avantages :<br \/>\n- Procure une hydratation instantan\u00e9e et intense \u00e0 la peau assoiff\u00e9e.<br \/>\n- Apaise les peaux sensibles et irrit\u00e9es.<br \/>\n- Renforce la barri\u00e8re cutan\u00e9e et prot\u00e8ge contre la d\u00e9shydratation.<br \/>\n- Favorise un \u00e9clat naturel et sain.<br \/>\n- Convient \u00e0 tous les types de peau, y compris les peaux sensibles.<\/p>\n<p dir=\"ltr\" style=\"text-align: center;\">\ud83c\uddec\ud83c\udde7 EQUAL BERRY Blue Blow Hyaltoin Flooding Serum - Hydratation profonde, apaisement et renforcement de la barri\u00e8re cutan\u00e9e<br \/>\n\ud83c\uddeb\ud83c\uddf7 EQUAL BERRY Blue Blow Hyaltoin Flooding Serum - Hydratation Intense, Apaisant &amp; Renforce la Barri\u00e8re<\/p>\n<p><!--EndFragment --><\/p>","protected":false},"excerpt":{"rendered":"<p>\u0633\u064a\u0631\u0648\u0645 \u064a\u062d\u062a\u0648\u064a \u0639\u0644\u0649 \u062a\u0631\u0643\u064a\u0632 \u0639\u0627\u0644\u064d \u0645\u0646 Hyaltoin (50,000ppm)\u060c \u0648\u0647\u0648 \u0645\u0632\u064a\u062c \u0645\u0646 \u062d\u0645\u0636 \u0627\u0644\u0647\u064a\u0627\u0644\u0648\u0631\u0648\u0646\u064a\u0643 \u0648\u0625\u0643\u062a\u0648\u064a\u0646\u060c \u0625\u0644\u0649 \u062c\u0627\u0646\u0628 Glacier Water (100,000ppm) \u06485 \u0623\u0646\u0648\u0627\u0639 \u0645\u0646 \u0627\u0644\u0633\u064a\u0631\u0627\u0645\u064a\u062f\u0627\u062a. \u0647\u0630\u0647 \u0627\u0644\u062a\u0631\u0643\u064a\u0628\u0629 \u062a\u0645\u0646\u062d \u062a\u0631\u0637\u064a\u0628\u064b\u0627 \u0639\u0645\u064a\u0642\u064b\u0627\u060c \u062a\u0647\u062f\u0626\u0629 \u0644\u0644\u0628\u0634\u0631\u0629 \u0627\u0644\u062d\u0633\u0627\u0633\u0629\u060c \u0648\u062a\u0642\u0648\u064a\u0629 \u0644\u0644\u062d\u0627\u062c\u0632 \u0627\u0644\u062c\u0644\u062f\u064a. \u0627\u0644\u0645\u0643\u0648\u0646\u0627\u062a \u0648\u0627\u0644\u062e\u0635\u0627\u0626\u0635 \u0627\u0644\u0631\u0626\u064a\u0633\u064a\u0629: \u2022 Hyaltoin (50,000ppm): \u062a\u0631\u0637\u064a\u0628 \u0639\u0645\u064a\u0642 \u0648\u062d\u0645\u0627\u064a\u0629 \u0645\u0646 \u0627\u0644\u0645\u0647\u064a\u062c\u0627\u062a. \u2022 Glacier Water (100,000ppm): \u0627\u0646\u062a\u0639\u0627\u0634 \u0648\u062a\u0631\u0637\u064a\u0628 \u0625\u0636\u0627\u0641\u064a. \u2022 5 \u0623\u0646\u0648\u0627\u0639 [&hellip;]<\/p>\n","protected":false},"featured_media":33735,"template":"","meta":[],"pwb-brand":[1447],"product_brand":[],"product_cat":[1230,1121],"product_tag":[697,763],"class_list":{"0":"post-33734","1":"product","2":"type-product","3":"status-publish","4":"has-post-thumbnail","6":"pwb-brand-eqqual-berry","7":"product_cat-face-serum","8":"product_cat-face-moist","9":"product_tag-moisturizing","10":"product_tag-korean-product-2","12":"first","13":"instock","14":"shipping-taxable","15":"purchasable","16":"product-type-variable","17":"has-default-attributes","18":"wvs-archive-product-wrapper"},"brands":[{"id":1447,"name":"EqualBerry","slug":"eqqual-berry"}],"_links":{"self":[{"href":"https:\/\/gopinkish.com\/fr\/wp-json\/wp\/v2\/product\/33734","targetHints":{"allow":["GET"]}}],"collection":[{"href":"https:\/\/gopinkish.com\/fr\/wp-json\/wp\/v2\/product"}],"about":[{"href":"https:\/\/gopinkish.com\/fr\/wp-json\/wp\/v2\/types\/product"}],"wp:featuredmedia":[{"embeddable":true,"href":"https:\/\/gopinkish.com\/fr\/wp-json\/wp\/v2\/media\/33735"}],"wp:attachment":[{"href":"https:\/\/gopinkish.com\/fr\/wp-json\/wp\/v2\/media?parent=33734"}],"wp:term":[{"taxonomy":"pwb-brand","embeddable":true,"href":"https:\/\/gopinkish.com\/fr\/wp-json\/wp\/v2\/pwb-brand?post=33734"},{"taxonomy":"product_brand","embeddable":true,"href":"https:\/\/gopinkish.com\/fr\/wp-json\/wp\/v2\/product_brand?post=33734"},{"taxonomy":"product_cat","embeddable":true,"href":"https:\/\/gopinkish.com\/fr\/wp-json\/wp\/v2\/product_cat?post=33734"},{"taxonomy":"product_tag","embeddable":true,"href":"https:\/\/gopinkish.com\/fr\/wp-json\/wp\/v2\/product_tag?post=33734"}],"curies":[{"name":"wp","href":"https:\/\/api.w.org\/{rel}","templated":true}]}}