{"id":33699,"date":"2026-04-22T19:01:09","date_gmt":"2026-04-22T18:01:09","guid":{"rendered":"https:\/\/gopinkish.com\/?post_type=product&#038;p=33699"},"modified":"2026-04-26T18:17:55","modified_gmt":"2026-04-26T17:17:55","slug":"303160264047","status":"publish","type":"product","link":"https:\/\/gopinkish.com\/fr\/produit\/303160264047\/","title":{"rendered":"Un savon th\u00e9rapeutique pour le traitement de l'acn\u00e9 avec une puissance maximale"},"content":{"rendered":"<p><!--StartFragment --><\/p>\n<p style=\"text-align: justify;\">PanOxyl Acne Treatment Bar de PanOxyl est un nettoyant th\u00e9rapeutique pour le visage et le corps, avec une formule sans savon, sp\u00e9cialement con\u00e7u pour traiter l'acn\u00e9 s\u00e9v\u00e8re. Il contient 10% de peroxyde de benzoyle, la concentration la plus \u00e9lev\u00e9e disponible en vente libre, ce qui le rend efficace pour tuer les bact\u00e9ries responsables de l'acn\u00e9 et d\u00e9gager les pores obstru\u00e9s.<\/p>\n<p style=\"text-align: justify;\"><strong>Principaux ingr\u00e9dients et caract\u00e9ristiques :<\/strong><br \/>\n- Peroxyde de benzoyle 10% : Tue les bact\u00e9ries responsables de l'acn\u00e9 et emp\u00eache leur d\u00e9veloppement.<br \/>\n- Formule sans savon, au pH \u00e9quilibr\u00e9.<br \/>\n- Un nettoyant profond pour le visage, la poitrine et le dos.<br \/>\n- Convient \u00e0 une utilisation quotidienne sur les peaux \u00e0 tendance acn\u00e9ique.<\/p>\n<p style=\"text-align: justify;\"><strong>Principales caract\u00e9ristiques et avantages :<\/strong><br \/>\n- Traite les boutons, les points noirs et les points blancs.<br \/>\n- Pr\u00e9vient l'apparition de nouvelles acn\u00e9s gr\u00e2ce \u00e0 ses propri\u00e9t\u00e9s antibact\u00e9riennes.<br \/>\n- Nettoie la peau en profondeur sans provoquer de s\u00e9cheresse excessive.<br \/>\n- Recommand\u00e9 par les dermatologues pour les peaux \u00e0 tendance acn\u00e9ique.<br \/>\n- Convient au visage et au corps pour une peau plus claire.<\/p>\n<p dir=\"ltr\" style=\"text-align: center;\">\ud83c\uddec\ud83c\udde7 PanOxyl Acne Treatment Bar - Maximum Strength 10% Benzoyl Peroxide, Clears &amp; Prevents Breakouts (en anglais)<br \/>\n\ud83c\uddeb\ud83c\uddf7 PanOxyl Barre de Traitement de l'Acn\u00e9 - Force Maximale 10% Peroxyde de Benzoyle, Nettoie &amp; Pr\u00e9vient<\/p>\n<p><!--EndFragment --><\/p>","protected":false},"excerpt":{"rendered":"<p>\u0645\u0646\u062a\u062c PanOxyl Acne Treatment Bar \u0645\u0646 PanOxyl \u0647\u0648 \u0645\u0646\u0638\u0641 \u0639\u0644\u0627\u062c\u064a \u0644\u0644\u0648\u062c\u0647 \u0648\u0627\u0644\u062c\u0633\u0645 \u0628\u062a\u0631\u0643\u064a\u0628\u0629 \u062e\u0627\u0644\u064a\u0629 \u0645\u0646 \u0627\u0644\u0635\u0627\u0628\u0648\u0646\u060c \u0645\u0635\u0645\u0645 \u062e\u0635\u064a\u0635\u064b\u0627 \u0644\u0639\u0644\u0627\u062c \u062d\u0628 \u0627\u0644\u0634\u0628\u0627\u0628 \u0627\u0644\u0634\u062f\u064a\u062f. \u064a\u062d\u062a\u0648\u064a \u0639\u0644\u0649 10% Benzoyl Peroxide\u060c \u0648\u0647\u0648 \u0623\u0639\u0644\u0649 \u062a\u0631\u0643\u064a\u0632 \u0645\u062a\u0627\u062d \u0628\u062f\u0648\u0646 \u0648\u0635\u0641\u0629 \u0637\u0628\u064a\u0629\u060c \u0645\u0645\u0627 \u064a\u062c\u0639\u0644\u0647 \u0641\u0639\u0627\u0644\u064b\u0627 \u0641\u064a \u0627\u0644\u0642\u0636\u0627\u0621 \u0639\u0644\u0649 \u0627\u0644\u0628\u0643\u062a\u064a\u0631\u064a\u0627 \u0627\u0644\u0645\u0633\u0628\u0628\u0629 \u0644\u062d\u0628 \u0627\u0644\u0634\u0628\u0627\u0628 \u0648\u062a\u0646\u0638\u064a\u0641 \u0627\u0644\u0645\u0633\u0627\u0645 \u0627\u0644\u0645\u0633\u062f\u0648\u062f\u0629. \u0627\u0644\u0645\u0643\u0648\u0646\u0627\u062a \u0648\u0627\u0644\u062e\u0635\u0627\u0626\u0635 \u0627\u0644\u0631\u0626\u064a\u0633\u064a\u0629: \u2022 Benzoyl Peroxide 10%: \u064a\u0642\u062a\u0644 [&hellip;]<\/p>\n","protected":false},"featured_media":33706,"template":"","meta":[],"pwb-brand":[731],"product_brand":[],"product_cat":[1119],"product_tag":[683],"class_list":{"0":"post-33699","1":"product","2":"type-product","3":"status-publish","4":"has-post-thumbnail","6":"pwb-brand-panoxyl","7":"product_cat-face-wash","8":"product_tag-acne","10":"first","11":"instock","12":"shipping-taxable","13":"purchasable","14":"product-type-variable","15":"has-default-attributes","16":"wvs-archive-product-wrapper"},"brands":[{"id":731,"name":"Panoxyl","slug":"panoxyl"}],"_links":{"self":[{"href":"https:\/\/gopinkish.com\/fr\/wp-json\/wp\/v2\/product\/33699","targetHints":{"allow":["GET"]}}],"collection":[{"href":"https:\/\/gopinkish.com\/fr\/wp-json\/wp\/v2\/product"}],"about":[{"href":"https:\/\/gopinkish.com\/fr\/wp-json\/wp\/v2\/types\/product"}],"wp:featuredmedia":[{"embeddable":true,"href":"https:\/\/gopinkish.com\/fr\/wp-json\/wp\/v2\/media\/33706"}],"wp:attachment":[{"href":"https:\/\/gopinkish.com\/fr\/wp-json\/wp\/v2\/media?parent=33699"}],"wp:term":[{"taxonomy":"pwb-brand","embeddable":true,"href":"https:\/\/gopinkish.com\/fr\/wp-json\/wp\/v2\/pwb-brand?post=33699"},{"taxonomy":"product_brand","embeddable":true,"href":"https:\/\/gopinkish.com\/fr\/wp-json\/wp\/v2\/product_brand?post=33699"},{"taxonomy":"product_cat","embeddable":true,"href":"https:\/\/gopinkish.com\/fr\/wp-json\/wp\/v2\/product_cat?post=33699"},{"taxonomy":"product_tag","embeddable":true,"href":"https:\/\/gopinkish.com\/fr\/wp-json\/wp\/v2\/product_tag?post=33699"}],"curies":[{"name":"wp","href":"https:\/\/api.w.org\/{rel}","templated":true}]}}