{"id":33696,"date":"2025-11-19T18:47:58","date_gmt":"2025-11-19T17:47:58","guid":{"rendered":"https:\/\/gopinkish.com\/?post_type=product&#038;p=33696"},"modified":"2026-03-02T18:28:20","modified_gmt":"2026-03-02T17:28:20","slug":"8700216785396","status":"publish","type":"product","link":"https:\/\/gopinkish.com\/fr\/produit\/8700216785396\/","title":{"rendered":"\u00c9pilateur \u00e9lectrique pour une douceur durable"},"content":{"rendered":"<p><!--StartFragment --><\/p>\n<p style=\"text-align: justify;\">Gillette Venus Silk-\u00e9pil 3 de Gillette en collaboration avec Braun est un \u00e9pilateur \u00e9lectrique qui offre une alternative pratique \u00e0 l'\u00e9pilation \u00e0 la cire. Il \u00e9limine les poils \u00e0 la racine gr\u00e2ce \u00e0 son syst\u00e8me de micro-pincettes, pour une peau lisse qui dure jusqu'\u00e0 4 semaines. L'appareil est \u00e9quip\u00e9 d'embouts SoftLift\u00ae qui soul\u00e8vent m\u00eame les poils courts pour faciliter l'\u00e9pilation, ainsi que d'une lampe SmartLight qui permet de voir les poils les plus fins pendant l'utilisation.<\/p>\n<p style=\"text-align: justify;\"><strong>Principaux ingr\u00e9dients et caract\u00e9ristiques :<\/strong><br \/>\n- La technologie Braun pour une \u00e9pilation efficace \u00e0 la racine.<br \/>\n- SoftLift Tips\u00ae pour soulever les cheveux courts et fins.<br \/>\n- SmartLight pour une meilleure visibilit\u00e9 pendant l'utilisation.<br \/>\n- Aliment\u00e9 par l'\u00e9lectricit\u00e9 (filaire) pour fournir une performance continue sans avoir besoin d'\u00eatre recharg\u00e9.<br \/>\n- T\u00eate d'\u00e9pilation \u00e0 20 pinces pour une \u00e9pilation rapide et efficace.<br \/>\n- Conception ergonomique et conviviale.<br \/>\n- Convient aux jambes, aux bras et \u00e0 d'autres zones.<\/p>\n<p style=\"text-align: justify;\"><strong>Principales caract\u00e9ristiques et avantages :<\/strong><br \/>\n- Procure une peau lisse qui dure jusqu'\u00e0 4 semaines.<br \/>\n- Une alternative pratique \u00e0 l'\u00e9pilation \u00e0 la cire, sans d\u00e9sordre ni douleur suppl\u00e9mentaire.<br \/>\n- Enl\u00e8ve m\u00eame les poils courts que les cires ne peuvent pas ramasser.<br \/>\n- L'utilisation filaire garantit des performances constantes et ininterrompues.<br \/>\n- Conception ergonomique pour une utilisation facile \u00e0 domicile.<\/p>\n<p dir=\"ltr\" style=\"text-align: center;\">\ud83c\uddec\ud83c\udde7 Gillette Venus Silk-\u00e9pil 3 - \u00c9pilateur \u00e9lectrique, peau lisse longue dur\u00e9e, technologie Braun<br \/>\n\ud83c\uddeb\ud83c\uddf7 Gillette Venus Silk-\u00e9pil 3 - \u00c9pilateur \u00c9lectrique, Peau Douce Longue Dur\u00e9e, Technologie Braun<\/p>\n<p><!--EndFragment --><\/p>","protected":false},"excerpt":{"rendered":"<p>\u0645\u0646\u062a\u062c Gillette Venus Silk\u2011\u00e9pil 3 \u0645\u0646 Gillette \u0628\u0627\u0644\u062a\u0639\u0627\u0648\u0646 \u0645\u0639 Braun \u0647\u0648 \u062c\u0647\u0627\u0632 \u0625\u0632\u0627\u0644\u0629 \u0627\u0644\u0634\u0639\u0631 \u0627\u0644\u0643\u0647\u0631\u0628\u0627\u0626\u064a \u0627\u0644\u0630\u064a \u064a\u0648\u0641\u0631 \u0628\u062f\u064a\u0644\u0627\u064b \u0639\u0645\u0644\u064a\u064b\u0627 \u0639\u0646 \u0627\u0644\u0634\u0645\u0639. \u064a\u0639\u0645\u0644 \u0639\u0644\u0649 \u0625\u0632\u0627\u0644\u0629 \u0627\u0644\u0634\u0639\u0631 \u0645\u0646 \u0627\u0644\u062c\u0630\u0648\u0631 \u0628\u0641\u0636\u0644 \u0646\u0638\u0627\u0645 \u0627\u0644\u0645\u0644\u0627\u0642\u0637 \u0627\u0644\u062f\u0642\u064a\u0642\u0629\u060c \u0645\u0645\u0627 \u064a\u0645\u0646\u062d \u0628\u0634\u0631\u0629 \u0646\u0627\u0639\u0645\u0629 \u062a\u062f\u0648\u0645 \u062d\u062a\u0649 4 \u0623\u0633\u0627\u0628\u064a\u0639. \u0627\u0644\u062c\u0647\u0627\u0632 \u0645\u0632\u0648\u062f \u0628\u0645\u064a\u0632\u0629 SoftLift Tips\u00ae \u0627\u0644\u062a\u064a \u062a\u0631\u0641\u0639 \u062d\u062a\u0649 \u0627\u0644\u0634\u0639\u0631 \u0627\u0644\u0642\u0635\u064a\u0631 \u0644\u062a\u0633\u0647\u064a\u0644 \u0625\u0632\u0627\u0644\u062a\u0647\u060c \u0628\u0627\u0644\u0625\u0636\u0627\u0641\u0629 \u0625\u0644\u0649 \u0645\u0635\u0628\u0627\u062d SmartLight [&hellip;]<\/p>\n","protected":false},"featured_media":33697,"template":"","meta":[],"pwb-brand":[457],"product_brand":[],"product_cat":[1232],"product_tag":[],"class_list":{"0":"post-33696","1":"product","2":"type-product","3":"status-publish","4":"has-post-thumbnail","6":"pwb-brand-gillette","7":"product_cat-epilation","9":"first","10":"instock","11":"shipping-taxable","12":"purchasable","13":"product-type-simple"},"brands":[{"id":457,"name":"Gillette","slug":"gillette"}],"_links":{"self":[{"href":"https:\/\/gopinkish.com\/fr\/wp-json\/wp\/v2\/product\/33696","targetHints":{"allow":["GET"]}}],"collection":[{"href":"https:\/\/gopinkish.com\/fr\/wp-json\/wp\/v2\/product"}],"about":[{"href":"https:\/\/gopinkish.com\/fr\/wp-json\/wp\/v2\/types\/product"}],"wp:featuredmedia":[{"embeddable":true,"href":"https:\/\/gopinkish.com\/fr\/wp-json\/wp\/v2\/media\/33697"}],"wp:attachment":[{"href":"https:\/\/gopinkish.com\/fr\/wp-json\/wp\/v2\/media?parent=33696"}],"wp:term":[{"taxonomy":"pwb-brand","embeddable":true,"href":"https:\/\/gopinkish.com\/fr\/wp-json\/wp\/v2\/pwb-brand?post=33696"},{"taxonomy":"product_brand","embeddable":true,"href":"https:\/\/gopinkish.com\/fr\/wp-json\/wp\/v2\/product_brand?post=33696"},{"taxonomy":"product_cat","embeddable":true,"href":"https:\/\/gopinkish.com\/fr\/wp-json\/wp\/v2\/product_cat?post=33696"},{"taxonomy":"product_tag","embeddable":true,"href":"https:\/\/gopinkish.com\/fr\/wp-json\/wp\/v2\/product_tag?post=33696"}],"curies":[{"name":"wp","href":"https:\/\/api.w.org\/{rel}","templated":true}]}}