{"id":33687,"date":"2025-11-19T18:11:09","date_gmt":"2025-11-19T17:11:09","guid":{"rendered":"https:\/\/gopinkish.com\/?post_type=product&#038;p=33687"},"modified":"2026-05-09T16:12:27","modified_gmt":"2026-05-09T15:12:27","slug":"8809686388172","status":"publish","type":"product","link":"https:\/\/gopinkish.com\/fr\/produit\/8809686388172\/","title":{"rendered":"\u00c9cran solaire min\u00e9ral hydratant pour les peaux sensibles et s\u00e8ches"},"content":{"rendered":"<p style=\"text-align: justify;\">\u00c9cran solaire min\u00e9ral \u00e0 base d'oxyde de zinc non nanom\u00e9trique pour une protection \u00e0 large spectre contre les rayons UVA et UVB. Sp\u00e9cialement formul\u00e9e pour les peaux sensibles et s\u00e8ches, elle contient 5 types de c\u00e9ramides et l'ingr\u00e9dient exclusif Aquatide pour stimuler l'hydratation et renforcer la barri\u00e8re cutan\u00e9e. Sa formule l\u00e9g\u00e8re \u00e0 base d'eau offre un fini doux et \u00e9clatant, sans traces blanches ni sensation de gras.<\/p>\n<p><strong>Principaux ingr\u00e9dients et caract\u00e9ristiques :<\/strong><br \/>\n- Oxyde de zinc non nanom\u00e9trique : Protection min\u00e9rale SPF 50+ PA \u00e0 large spectre++++.<br \/>\n- 5 types de c\u00e9ramides : Renforce la barri\u00e8re cutan\u00e9e et retient l'hydratation.<br \/>\n- Aquatide (ingr\u00e9dient brevet\u00e9) : Assure une hydratation en profondeur et prot\u00e8ge contre l'oxydation.<br \/>\n- Acide hyaluronique : Fournit une hydratation suppl\u00e9mentaire aux peaux s\u00e8ches.<br \/>\n- Huile de romarin : Ajoute des propri\u00e9t\u00e9s calmantes et antioxydantes.<br \/>\n- Formule sans parfum ni parab\u00e8ne, adapt\u00e9e aux peaux sensibles.<\/p>\n<p><strong>Principales caract\u00e9ristiques et avantages :<\/strong><br \/>\n- Protection solaire puissante SPF 50+ PA++++.<br \/>\n- Une formule min\u00e9rale douce qui n'irrite pas les peaux sensibles.<br \/>\n- Hydratation longue dur\u00e9e gr\u00e2ce aux c\u00e9ramides et \u00e0 l'Aquatide.<br \/>\n- Une texture l\u00e9g\u00e8re et aqueuse qui laisse la peau douce et \u00e9clatante.<br \/>\n- Ne laisse aucun r\u00e9sidu blanc ou gras sur la peau.<br \/>\n- Convient \u00e0 un usage quotidien pour les peaux s\u00e8ches et sensibles.<\/p>\n<p dir=\"ltr\" style=\"text-align: center;\">\ud83c\uddec\ud83c\udde7 Celimax Dual Barrier Watery Sun Cream - Mineral Sunscreen, Hydrating &amp; Gentle, SPF 50+ PA++++<br \/>\n\ud83c\uddeb\ud83c\uddf7 Celimax Cr\u00e8me solaire aqueuse double barri\u00e8re - \u00c9cran Solaire Min\u00e9ral, Hydratant &amp; Doux, SPF 50+ PA++++<\/p>","protected":false},"excerpt":{"rendered":"<p>\u0648\u0627\u0642\u064a \u0634\u0645\u0633 \u0641\u064a\u0632\u064a\u0627\u0626\u064a (Mineral Sunscreen) \u064a\u0639\u062a\u0645\u062f \u0639\u0644\u0649 Non\u2011Nano Zinc Oxide \u0644\u062a\u0648\u0641\u064a\u0631 \u062d\u0645\u0627\u064a\u0629 \u0648\u0627\u0633\u0639\u0629 \u0627\u0644\u0637\u064a\u0641 \u0636\u062f \u0627\u0644\u0623\u0634\u0639\u0629 UVA \u0648UVB. \u0635\u064f\u0645\u0645 \u062e\u0635\u064a\u0635\u064b\u0627 \u0644\u0644\u0628\u0634\u0631\u0629 \u0627\u0644\u062d\u0633\u0627\u0633\u0629 \u0648\u0627\u0644\u062c\u0627\u0641\u0629\u060c \u062d\u064a\u062b \u064a\u062d\u062a\u0648\u064a \u0639\u0644\u0649 5 \u0623\u0646\u0648\u0627\u0639 \u0645\u0646 \u0627\u0644\u0633\u064a\u0631\u0627\u0645\u064a\u062f\u0627\u062a \u0645\u0639 \u0627\u0644\u0645\u0643\u0648\u0651\u0646 \u0627\u0644\u062d\u0635\u0631\u064a Aquatide \u0644\u062a\u0639\u0632\u064a\u0632 \u0627\u0644\u062a\u0631\u0637\u064a\u0628 \u0648\u062a\u0642\u0648\u064a\u0629 \u062d\u0627\u062c\u0632 \u0627\u0644\u0628\u0634\u0631\u0629. \u062a\u0631\u0643\u064a\u0628\u062a\u0647 \u062e\u0641\u064a\u0641\u0629 \u0645\u0627\u0626\u064a\u0629 \u062a\u0645\u0646\u062d \u0644\u0645\u0633\u0629 \u0646\u0627\u0639\u0645\u0629 \u0648\u0645\u062a\u0648\u0647\u062c\u0629 \u062f\u0648\u0646 \u0623\u064a \u0623\u062b\u0631 \u0623\u0628\u064a\u0636 \u0623\u0648 \u0645\u0644\u0645\u0633 \u062f\u0647\u0646\u064a. \u0627\u0644\u0645\u0643\u0648\u0646\u0627\u062a \u0648\u0627\u0644\u062e\u0635\u0627\u0626\u0635 [&hellip;]<\/p>\n","protected":false},"featured_media":33688,"template":"","meta":[],"pwb-brand":[1450],"product_brand":[],"product_cat":[1144],"product_tag":[697,763,717],"class_list":{"0":"post-33687","1":"product","2":"type-product","3":"status-publish","4":"has-post-thumbnail","6":"pwb-brand-celimax","7":"product_cat-face-sunscreen","8":"product_tag-moisturizing","9":"product_tag-korean-product-2","10":"product_tag-717","12":"first","13":"instock","14":"shipping-taxable","15":"purchasable","16":"product-type-variable","17":"has-default-attributes","18":"wvs-archive-product-wrapper"},"brands":[{"id":1450,"name":"Celimax","slug":"celimax"}],"_links":{"self":[{"href":"https:\/\/gopinkish.com\/fr\/wp-json\/wp\/v2\/product\/33687","targetHints":{"allow":["GET"]}}],"collection":[{"href":"https:\/\/gopinkish.com\/fr\/wp-json\/wp\/v2\/product"}],"about":[{"href":"https:\/\/gopinkish.com\/fr\/wp-json\/wp\/v2\/types\/product"}],"wp:featuredmedia":[{"embeddable":true,"href":"https:\/\/gopinkish.com\/fr\/wp-json\/wp\/v2\/media\/33688"}],"wp:attachment":[{"href":"https:\/\/gopinkish.com\/fr\/wp-json\/wp\/v2\/media?parent=33687"}],"wp:term":[{"taxonomy":"pwb-brand","embeddable":true,"href":"https:\/\/gopinkish.com\/fr\/wp-json\/wp\/v2\/pwb-brand?post=33687"},{"taxonomy":"product_brand","embeddable":true,"href":"https:\/\/gopinkish.com\/fr\/wp-json\/wp\/v2\/product_brand?post=33687"},{"taxonomy":"product_cat","embeddable":true,"href":"https:\/\/gopinkish.com\/fr\/wp-json\/wp\/v2\/product_cat?post=33687"},{"taxonomy":"product_tag","embeddable":true,"href":"https:\/\/gopinkish.com\/fr\/wp-json\/wp\/v2\/product_tag?post=33687"}],"curies":[{"name":"wp","href":"https:\/\/api.w.org\/{rel}","templated":true}]}}