{"id":33679,"date":"2025-11-19T17:51:08","date_gmt":"2025-11-19T16:51:08","guid":{"rendered":"https:\/\/gopinkish.com\/?post_type=product&#038;p=33679"},"modified":"2025-12-13T15:37:48","modified_gmt":"2025-12-13T14:37:48","slug":"3499320008129","status":"publish","type":"product","link":"https:\/\/gopinkish.com\/fr\/produit\/3499320008129\/","title":{"rendered":"Hydratation th\u00e9rapeutique pour les peaux tr\u00e8s s\u00e8ches et sujettes \u00e0 l'ecz\u00e9ma"},"content":{"rendered":"<p><!--StartFragment --><\/p>\n<p style=\"text-align: justify;\">La cr\u00e8me hydratante r\u00e9paratrice Cetaphil Pro Eczema-Prone Skin de Cetaphil fait partie de la gamme Pro pour les peaux sensibles et sujettes \u00e0 l'ecz\u00e9ma. Elle contient de la Ceramide Technology\u2122 et de la Filaggrin Technology\u2122 qui aident \u00e0 restaurer la barri\u00e8re naturelle de la peau et \u00e0 am\u00e9liorer sa capacit\u00e9 \u00e0 retenir l'humidit\u00e9. La formule est enrichie de glyc\u00e9rine, de beurre de karit\u00e9, de panth\u00e9nol et de niacinamide pour offrir une hydratation intense et un apaisement efficace aux peaux tr\u00e8s s\u00e8ches.<\/p>\n<p style=\"text-align: justify;\"><strong>Principaux ingr\u00e9dients et caract\u00e9ristiques :<\/strong><br \/>\n- C\u00e9ramides : Reconstruit la barri\u00e8re naturelle de la peau.<br \/>\n- Filaggrin Technology\u2122 : Maintient la peau hydrat\u00e9e.<br \/>\n- Glyc\u00e9rine et beurre de karit\u00e9 : Hydratation intense et confort de la peau.<br \/>\n- Panth\u00e9nol et niacinamide : Calment la peau et favorisent sa r\u00e9g\u00e9n\u00e9ration.<br \/>\n- Sans parfum, sans parab\u00e8ne et sans huile min\u00e9rale.<\/p>\n<p style=\"text-align: justify;\"><strong>Principales caract\u00e9ristiques et avantages :<\/strong><br \/>\n- Soulage les d\u00e9mangeaisons et les irritations associ\u00e9es \u00e0 l'ecz\u00e9ma.<br \/>\n- Procure une hydratation en profondeur qui dure jusqu'\u00e0 24 heures.<br \/>\n- Reconstruit la barri\u00e8re cutan\u00e9e et prot\u00e8ge contre la perte d'hydratation.<br \/>\n- Convient aux adultes et aux enfants \u00e0 partir de 3 mois.<br \/>\n- Texture douce \u00e0 absorption rapide qui ne laisse pas de r\u00e9sidu gras.<\/p>\n<p dir=\"ltr\" style=\"text-align: center;\">\ud83c\uddec\ud83c\udde7 Cetaphil Pro Eczema-Prone Skin Restoring Moisturiser - Apaise les d\u00e9mangeaisons, restaure la barri\u00e8re cutan\u00e9e, hydratation 24h<br \/>\n\ud83c\uddeb\ud83c\uddf7 Cetaphil Pro Peau Sujette \u00e0 l'Ecz\u00e9ma - Cr\u00e8me Hydratante R\u00e9paratrice, Apaise &amp; Prot\u00e8ge, Hydratation 24h<\/p>\n<p><!--EndFragment --><\/p>","protected":false},"excerpt":{"rendered":"<p>\u0645\u0646\u062a\u062c Cetaphil Pro Eczema\u2011Prone Skin Restoring Moisturizer \u0645\u0646 Cetaphil \u0647\u0648 \u062c\u0632\u0621 \u0645\u0646 \u0645\u062c\u0645\u0648\u0639\u0629 Pro \u0627\u0644\u0645\u062e\u0635\u0635\u0629 \u0644\u0644\u0628\u0634\u0631\u0629 \u0627\u0644\u062d\u0633\u0627\u0633\u0629 \u0648\u0627\u0644\u0645\u0639\u0631\u0636\u0629 \u0644\u0644\u0625\u0643\u0632\u064a\u0645\u0627. \u064a\u062d\u062a\u0648\u064a \u0639\u0644\u0649 Ceramide Technology\u2122 \u0648Filaggrin Technology\u2122 \u0627\u0644\u062a\u064a \u062a\u0633\u0627\u0639\u062f \u0639\u0644\u0649 \u0627\u0633\u062a\u0639\u0627\u062f\u0629 \u062d\u0627\u062c\u0632 \u0627\u0644\u0628\u0634\u0631\u0629 \u0627\u0644\u0637\u0628\u064a\u0639\u064a \u0648\u062a\u0639\u0632\u064a\u0632 \u0642\u062f\u0631\u062a\u0647\u0627 \u0639\u0644\u0649 \u0627\u0644\u0627\u062d\u062a\u0641\u0627\u0638 \u0628\u0627\u0644\u0631\u0637\u0648\u0628\u0629. \u0627\u0644\u062a\u0631\u0643\u064a\u0628\u0629 \u063a\u0646\u064a\u0629 \u0628\u0640 \u0627\u0644\u062c\u0644\u0633\u0631\u064a\u0646\u060c \u0632\u0628\u062f\u0629 \u0627\u0644\u0634\u064a\u0627\u060c \u0627\u0644\u0628\u0627\u0646\u062b\u064a\u0646\u0648\u0644\u060c \u0648\u0627\u0644\u0646\u064a\u0627\u0633\u064a\u0646\u0627\u0645\u064a\u062f \u0644\u062a\u0648\u0641\u064a\u0631 \u062a\u0631\u0637\u064a\u0628 \u0645\u0643\u062b\u0641 \u0648\u062a\u0647\u062f\u0626\u0629 \u0641\u0639\u0627\u0644\u0629 \u0644\u0644\u0628\u0634\u0631\u0629 \u0627\u0644\u062c\u0627\u0641\u0629 \u062c\u062f\u064b\u0627. \u0627\u0644\u0645\u0643\u0648\u0646\u0627\u062a \u0648\u0627\u0644\u062e\u0635\u0627\u0626\u0635 [&hellip;]<\/p>\n","protected":false},"featured_media":33680,"template":"","meta":[],"pwb-brand":[736],"product_brand":[],"product_cat":[1121,1137],"product_tag":[1034,697],"class_list":{"0":"post-33679","1":"product","2":"type-product","3":"status-publish","4":"has-post-thumbnail","6":"pwb-brand-cetaphil","7":"product_cat-face-moist","8":"product_cat-body-moist","9":"product_tag-1034","10":"product_tag-moisturizing","12":"first","13":"instock","14":"shipping-taxable","15":"purchasable","16":"product-type-variable","17":"has-default-attributes","18":"wvs-archive-product-wrapper"},"brands":[{"id":736,"name":"Cetaphil","slug":"cetaphil"}],"_links":{"self":[{"href":"https:\/\/gopinkish.com\/fr\/wp-json\/wp\/v2\/product\/33679","targetHints":{"allow":["GET"]}}],"collection":[{"href":"https:\/\/gopinkish.com\/fr\/wp-json\/wp\/v2\/product"}],"about":[{"href":"https:\/\/gopinkish.com\/fr\/wp-json\/wp\/v2\/types\/product"}],"wp:featuredmedia":[{"embeddable":true,"href":"https:\/\/gopinkish.com\/fr\/wp-json\/wp\/v2\/media\/33680"}],"wp:attachment":[{"href":"https:\/\/gopinkish.com\/fr\/wp-json\/wp\/v2\/media?parent=33679"}],"wp:term":[{"taxonomy":"pwb-brand","embeddable":true,"href":"https:\/\/gopinkish.com\/fr\/wp-json\/wp\/v2\/pwb-brand?post=33679"},{"taxonomy":"product_brand","embeddable":true,"href":"https:\/\/gopinkish.com\/fr\/wp-json\/wp\/v2\/product_brand?post=33679"},{"taxonomy":"product_cat","embeddable":true,"href":"https:\/\/gopinkish.com\/fr\/wp-json\/wp\/v2\/product_cat?post=33679"},{"taxonomy":"product_tag","embeddable":true,"href":"https:\/\/gopinkish.com\/fr\/wp-json\/wp\/v2\/product_tag?post=33679"}],"curies":[{"name":"wp","href":"https:\/\/api.w.org\/{rel}","templated":true}]}}