{"id":33607,"date":"2025-11-19T16:10:53","date_gmt":"2025-11-19T15:10:53","guid":{"rendered":"https:\/\/gopinkish.com\/?post_type=product&#038;p=33607"},"modified":"2026-04-20T19:45:16","modified_gmt":"2026-04-20T18:45:16","slug":"6942929502958","status":"publish","type":"product","link":"https:\/\/gopinkish.com\/fr\/produit\/6942929502958\/","title":{"rendered":"Shampoing solide \u00e0 base de plantes pour purifier et fortifier les cheveux"},"content":{"rendered":"<p><!--StartFragment --><\/p>\n<p style=\"text-align: justify;\">Un shampooing solide qui associe la sagesse traditionnelle des plantes \u00e0 la science moderne du soin des cheveux. Il contient du Cacumen Biotae (feuille de gen\u00e9vrier oriental) et de l'Isatis Indigotica (Nilg\/nilg), deux ingr\u00e9dients connus dans la m\u00e9decine traditionnelle chinoise pour leurs propri\u00e9t\u00e9s purifiantes et \u00e9quilibrantes pour le cuir chevelu. D'autres plantes telles que le ginseng et le polygonum multiflorum sont \u00e9galement incluses pour nourrir et renforcer les cheveux.<\/p>\n<p style=\"text-align: justify;\"><strong>Principaux ingr\u00e9dients et caract\u00e9ristiques :<\/strong><br \/>\n- Cacumen Biotae : Aide \u00e0 purifier le cuir chevelu et \u00e0 r\u00e9duire les s\u00e9cr\u00e9tions grasses.<br \/>\n- Isatis Indigotica : Connu pour ses propri\u00e9t\u00e9s calmantes et \u00e9quilibrantes.<br \/>\n- Ginseng : Renforce et stimule la croissance des cheveux.<br \/>\n- Polygonum Multiflorum : Nourrit et favorise la densit\u00e9 des cheveux.<br \/>\n- Formule naturelle concentr\u00e9e sous forme solide (120g).<br \/>\n- Convient \u00e0 tous les types de cheveux.<br \/>\n- Sans silicones ni produits chimiques agressifs.<\/p>\n<p style=\"text-align: justify;\"><strong>Principales caract\u00e9ristiques et avantages :<\/strong><br \/>\n- Nettoie en profondeur les cheveux et le cuir chevelu de mani\u00e8re naturelle.<br \/>\n- Renforce la force des cheveux et minimise leur chute.<br \/>\n- Formule solide respectueuse de l'environnement qui minimise l'utilisation de plastiques.<br \/>\n- Dure plus longtemps que les shampooings liquides.<br \/>\n- Id\u00e9al pour un usage quotidien gr\u00e2ce \u00e0 sa formule douce.<\/p>\n<p dir=\"ltr\" style=\"text-align: center;\">\ud83c\uddec\ud83c\udde7 Nature Cacumen Biotae Isatis Indigotica Shampooing en barre - Nettoyant solide \u00e0 base de plantes, purifiant et fortifiant, 120g<br \/>\n\ud83c\uddeb\ud83c\uddf7 Shampooing Solide Nature Cacumen Biotae Isatis Indigotica - Purifiant &amp; Fortifiant, 120g<\/p>\n<p><!--EndFragment --><\/p>","protected":false},"excerpt":{"rendered":"<p>\u0634\u0627\u0645\u0628\u0648 \u0635\u0644\u0628 \u064a\u062c\u0645\u0639 \u0628\u064a\u0646 \u0627\u0644\u062d\u0643\u0645\u0629 \u0627\u0644\u0639\u0634\u0628\u064a\u0629 \u0627\u0644\u062a\u0642\u0644\u064a\u062f\u064a\u0629 \u0648\u0627\u0644\u0639\u0644\u0648\u0645 \u0627\u0644\u062d\u062f\u064a\u062b\u0629 \u0644\u0644\u0639\u0646\u0627\u064a\u0629 \u0628\u0627\u0644\u0634\u0639\u0631. \u064a\u062d\u062a\u0648\u064a \u0639\u0644\u0649 Cacumen Biotae (\u0623\u0648\u0631\u0627\u0642 \u0627\u0644\u0639\u0631\u0639\u0631 \u0627\u0644\u0634\u0631\u0642\u064a) \u0648Isatis Indigotica (\u0646\u0628\u0627\u062a \u0627\u0644\u0648\u064e\u0633\u0645\u0629\/\u0627\u0644\u0646\u064a\u0644\u062c)\u060c \u0648\u0647\u0645\u0627 \u0645\u0643\u0648\u0646\u0627\u0646 \u0645\u0639\u0631\u0648\u0641\u0627\u0646 \u0641\u064a \u0627\u0644\u0637\u0628 \u0627\u0644\u0635\u064a\u0646\u064a \u0627\u0644\u062a\u0642\u0644\u064a\u062f\u064a \u0628\u062e\u0635\u0627\u0626\u0635\u0647\u0645\u0627 \u0627\u0644\u0645\u0646\u0642\u064a\u0629 \u0648\u0627\u0644\u0645\u0648\u0627\u0632\u0646\u0629 \u0644\u0641\u0631\u0648\u0629 \u0627\u0644\u0631\u0623\u0633. \u0643\u0645\u0627 \u064a\u0636\u0645 \u062a\u0631\u0643\u064a\u0628\u0629 \u0645\u0646 \u0623\u0639\u0634\u0627\u0628 \u0623\u062e\u0631\u0649 \u0645\u062b\u0644 \u0627\u0644\u062c\u064a\u0646\u0633\u0646\u063a \u0648Polygonum Multiflorum \u0644\u062a\u063a\u0630\u064a\u0629 \u0627\u0644\u0634\u0639\u0631 \u0648\u062a\u0639\u0632\u064a\u0632 \u0642\u0648\u062a\u0647. \u0627\u0644\u0645\u0643\u0648\u0646\u0627\u062a \u0648\u0627\u0644\u062e\u0635\u0627\u0626\u0635 \u0627\u0644\u0631\u0626\u064a\u0633\u064a\u0629: \u2022 Cacumen Biotae: \u064a\u0633\u0627\u0639\u062f [&hellip;]<\/p>\n","protected":false},"featured_media":33611,"template":"","meta":[],"pwb-brand":[],"product_brand":[],"product_cat":[1148],"product_tag":[],"class_list":{"0":"post-33607","1":"product","2":"type-product","3":"status-publish","4":"has-post-thumbnail","6":"product_cat-hair-shampoo","8":"first","9":"instock","10":"shipping-taxable","11":"purchasable","12":"product-type-variable","13":"has-default-attributes","14":"wvs-archive-product-wrapper"},"brands":[],"_links":{"self":[{"href":"https:\/\/gopinkish.com\/fr\/wp-json\/wp\/v2\/product\/33607","targetHints":{"allow":["GET"]}}],"collection":[{"href":"https:\/\/gopinkish.com\/fr\/wp-json\/wp\/v2\/product"}],"about":[{"href":"https:\/\/gopinkish.com\/fr\/wp-json\/wp\/v2\/types\/product"}],"wp:featuredmedia":[{"embeddable":true,"href":"https:\/\/gopinkish.com\/fr\/wp-json\/wp\/v2\/media\/33611"}],"wp:attachment":[{"href":"https:\/\/gopinkish.com\/fr\/wp-json\/wp\/v2\/media?parent=33607"}],"wp:term":[{"taxonomy":"pwb-brand","embeddable":true,"href":"https:\/\/gopinkish.com\/fr\/wp-json\/wp\/v2\/pwb-brand?post=33607"},{"taxonomy":"product_brand","embeddable":true,"href":"https:\/\/gopinkish.com\/fr\/wp-json\/wp\/v2\/product_brand?post=33607"},{"taxonomy":"product_cat","embeddable":true,"href":"https:\/\/gopinkish.com\/fr\/wp-json\/wp\/v2\/product_cat?post=33607"},{"taxonomy":"product_tag","embeddable":true,"href":"https:\/\/gopinkish.com\/fr\/wp-json\/wp\/v2\/product_tag?post=33607"}],"curies":[{"name":"wp","href":"https:\/\/api.w.org\/{rel}","templated":true}]}}