{"id":33573,"date":"2025-11-15T16:08:22","date_gmt":"2025-11-15T15:08:22","guid":{"rendered":"https:\/\/gopinkish.com\/?post_type=product&#038;p=33573"},"modified":"2026-01-14T16:26:54","modified_gmt":"2026-01-14T15:26:54","slug":"3274872395503","status":"publish","type":"product","link":"https:\/\/gopinkish.com\/fr\/produit\/3274872395503\/","title":{"rendered":"Givenchy Pi"},"content":{"rendered":"<p style=\"text-align: justify;\">Givenchy Pi Eau de Toilette de Givenchy a \u00e9t\u00e9 lanc\u00e9 en 1998 et con\u00e7u par Alberto Morillas. Cette composition orientale aromatique et bois\u00e9e s'ouvre sur la mandarine, le romarin, le galbanum et le pin, se d\u00e9veloppe en un c\u0153ur riche de fleur d'oranger, de basilic, d'estragon, de cabocin et de bois de ga\u00efac, et se termine par une base chaude de benjoin et de vanille. Le design du flacon s'inspire du symbole math\u00e9matique \u201c\u03c0\u201d, qui refl\u00e8te l'innovation et l'audace.<\/p>\n<p><strong>Principaux ingr\u00e9dients et caract\u00e9ristiques :<\/strong><br \/>\n- Notes de t\u00eate : Mandarine, romarin, galbanum, pin.<br \/>\n- Notes de c\u0153ur : Fleur d'oranger, basilic, estragon, cabocin, bois de ga\u00efac.<br \/>\n- Notes de fond : Benjoin, Vanille.<br \/>\n- Combinaison orientale aromatique et bois\u00e9e.<br \/>\n- Eau de Toilette focus.<\/p>\n<p><strong>Principales caract\u00e9ristiques et avantages :<\/strong><br \/>\n- Donne une pr\u00e9sence masculine audacieuse et sensuelle.<br \/>\n- Combine la fra\u00eecheur des herbes avec la chaleur du bois.<br \/>\n- Une base de vanille et de benjoin offre une finale douce et persistante.<br \/>\n- Un design de bouteille g\u00e9om\u00e9trique innovant qui fait une d\u00e9claration audacieuse.<br \/>\n- Parfait pour l'homme moderne et s\u00fbr de lui.<\/p>\n<p dir=\"ltr\" style=\"text-align: center;\">\ud83c\uddec\ud83c\udde7 Givenchy Pi Eau de Toilette - Aromatique Bois\u00e9 Oriental, Audacieux et Durable<br \/>\n\ud83c\uddeb\ud83c\uddf7 Givenchy Pi Eau de Toilette - Aromatique Bois\u00e9 Oriental, Audacieux &amp; Durable<\/p>","protected":false},"excerpt":{"rendered":"<p>Eau de Toilette<\/p>","protected":false},"featured_media":33574,"template":"","meta":[],"pwb-brand":[263],"product_brand":[],"product_cat":[1422],"product_tag":[],"class_list":{"0":"post-33573","1":"product","2":"type-product","3":"status-publish","4":"has-post-thumbnail","6":"pwb-brand-givenchy","7":"product_cat-edt-women","9":"first","10":"instock","11":"shipping-taxable","12":"purchasable","13":"product-type-variable","14":"has-default-attributes","15":"wvs-archive-product-wrapper"},"brands":[{"id":263,"name":"Givenchy","slug":"givenchy"}],"_links":{"self":[{"href":"https:\/\/gopinkish.com\/fr\/wp-json\/wp\/v2\/product\/33573","targetHints":{"allow":["GET"]}}],"collection":[{"href":"https:\/\/gopinkish.com\/fr\/wp-json\/wp\/v2\/product"}],"about":[{"href":"https:\/\/gopinkish.com\/fr\/wp-json\/wp\/v2\/types\/product"}],"wp:featuredmedia":[{"embeddable":true,"href":"https:\/\/gopinkish.com\/fr\/wp-json\/wp\/v2\/media\/33574"}],"wp:attachment":[{"href":"https:\/\/gopinkish.com\/fr\/wp-json\/wp\/v2\/media?parent=33573"}],"wp:term":[{"taxonomy":"pwb-brand","embeddable":true,"href":"https:\/\/gopinkish.com\/fr\/wp-json\/wp\/v2\/pwb-brand?post=33573"},{"taxonomy":"product_brand","embeddable":true,"href":"https:\/\/gopinkish.com\/fr\/wp-json\/wp\/v2\/product_brand?post=33573"},{"taxonomy":"product_cat","embeddable":true,"href":"https:\/\/gopinkish.com\/fr\/wp-json\/wp\/v2\/product_cat?post=33573"},{"taxonomy":"product_tag","embeddable":true,"href":"https:\/\/gopinkish.com\/fr\/wp-json\/wp\/v2\/product_tag?post=33573"}],"curies":[{"name":"wp","href":"https:\/\/api.w.org\/{rel}","templated":true}]}}