{"id":33530,"date":"2025-11-03T01:32:57","date_gmt":"2025-11-03T00:32:57","guid":{"rendered":"https:\/\/gopinkish.com\/?post_type=product&#038;p=33530"},"modified":"2026-03-11T20:59:28","modified_gmt":"2026-03-11T19:59:28","slug":"3600542236874","status":"publish","type":"product","link":"https:\/\/gopinkish.com\/fr\/produit\/3600542236874\/","title":{"rendered":"Masque au lait et au miel pour r\u00e9parer les cheveux secs"},"content":{"rendered":"<p><!--StartFragment --><\/p>\n<p style=\"text-align: justify;\">Garnier Ultra Doux Le Masque Lait Miel R\u00e9parateur est une nouvelle innovation qui allie la puissance d'un masque \u00e0 la texture l\u00e9g\u00e8re d'un lait. Il est formul\u00e9 \u00e0 partir de lait bio v\u00e9g\u00e9talien d'amandes d'Espagne, reconnu pour ses propri\u00e9t\u00e9s nourrissantes, et de miel de Hongrie, connu pour ses propri\u00e9t\u00e9s hydratantes et r\u00e9g\u00e9n\u00e9rantes. Cette combinaison permet de nourrir intens\u00e9ment les cheveux et de leur redonner force et brillance, avec une texture l\u00e9g\u00e8re qui n'alourdit pas les cheveux. Convient aux cheveux cassants et ab\u00eem\u00e9s, les laissant doux et soyeux.<\/p>\n<p style=\"text-align: justify;\">Principaux ingr\u00e9dients et caract\u00e9ristiques :<br \/>\n- Lait v\u00e9g\u00e9tal biologique : Nourrit les cheveux et leur donne une douceur naturelle.<br \/>\n- Miel naturel : Hydrate et revitalise les cheveux.<br \/>\n- Formul\u00e9 avec 98% d'ingr\u00e9dients naturels.<br \/>\n- Une texture laiti\u00e8re l\u00e9g\u00e8re qui p\u00e9n\u00e8tre rapidement et n'alourdit pas les cheveux.<br \/>\n- Sans silicone pour une sensation naturelle.<\/p>\n<p style=\"text-align: justify;\">Principales caract\u00e9ristiques et avantages :<br \/>\n- Nourrit en profondeur les cheveux secs et cass\u00e9s.<br \/>\n- Il lui donne de la douceur et un toucher soyeux.<br \/>\n- Restaure la force et la brillance naturelles des cheveux.<br \/>\n- Une formule l\u00e9g\u00e8re id\u00e9ale pour les cheveux cassants.<br \/>\n- Convient \u00e0 un usage r\u00e9gulier sans alourdir les cheveux.<\/p>\n<p dir=\"ltr\" style=\"text-align: center;\">\ud83c\uddec\ud83c\udde7 Garnier Ultra Doux Milk &amp; Honey Repairing Hair Mask - Nourriture l\u00e9g\u00e8re pour les cheveux fragiles et secs<br \/>\n\ud83c\uddeb\ud83c\uddf7 Garnier Ultra Doux Masque Lait Miel R\u00e9parateur - Nutrition L\u00e9g\u00e8re pour Cheveux Cassants et Fragiles<\/p>\n<p><!--EndFragment --><\/p>","protected":false},"excerpt":{"rendered":"<p>\u0645\u0627\u0633\u0643 Garnier Ultra Doux Le Masque Lait Miel R\u00e9parateur \u0645\u0646 Garnier \u0647\u0648 \u0627\u0628\u062a\u0643\u0627\u0631 \u062c\u062f\u064a\u062f \u064a\u062c\u0645\u0639 \u0628\u064a\u0646 \u0642\u0648\u0629 \u0627\u0644\u0645\u0627\u0633\u0643 \u0648\u0645\u0644\u0645\u0633 \u0627\u0644\u062d\u0644\u064a\u0628 \u0627\u0644\u062e\u0641\u064a\u0641. \u062a\u0631\u0643\u064a\u0628\u062a\u0647 \u062a\u062d\u062a\u0648\u064a \u0639\u0644\u0649 \u062d\u0644\u064a\u0628 \u0646\u0628\u0627\u062a\u064a \u0639\u0636\u0648\u064a \u0645\u0646 \u0627\u0644\u0644\u0648\u0632 \u0627\u0644\u0625\u0633\u0628\u0627\u0646\u064a \u0627\u0644\u0645\u0639\u0631\u0648\u0641 \u0628\u062e\u0635\u0627\u0626\u0635\u0647 \u0627\u0644\u0645\u063a\u0630\u064a\u0629\u060c \u0648\u0639\u0633\u0644 \u0645\u0646 \u0627\u0644\u0645\u062c\u0631 \u0627\u0644\u0645\u0634\u0647\u0648\u0631 \u0628\u062e\u0635\u0627\u0626\u0635\u0647 \u0627\u0644\u0645\u0631\u0637\u0628\u0629 \u0648\u0627\u0644\u0645\u062c\u062f\u062f\u0629. \u0647\u0630\u0627 \u0627\u0644\u0645\u0632\u064a\u062c \u064a\u0645\u0646\u062d \u0627\u0644\u0634\u0639\u0631 \u062a\u063a\u0630\u064a\u0629 \u0645\u0643\u062b\u0641\u0629 \u0648\u064a\u0639\u064a\u062f \u0644\u0647 \u0627\u0644\u0642\u0648\u0629 \u0648\u0627\u0644\u0644\u0645\u0639\u0627\u0646\u060c \u0645\u0639 \u0642\u0648\u0627\u0645 \u062e\u0641\u064a\u0641 \u0644\u0627 \u064a\u062b\u0642\u0644 [&hellip;]<\/p>\n","protected":false},"featured_media":33531,"template":"","meta":[],"pwb-brand":[218],"product_brand":[],"product_cat":[1151],"product_tag":[],"class_list":{"0":"post-33530","1":"product","2":"type-product","3":"status-publish","4":"has-post-thumbnail","6":"pwb-brand-garnier","7":"product_cat-hair-mask","9":"first","10":"outofstock","11":"shipping-taxable","12":"product-type-variable","13":"has-default-attributes","14":"wvs-archive-product-wrapper"},"brands":[{"id":218,"name":"Garnier","slug":"garnier"}],"_links":{"self":[{"href":"https:\/\/gopinkish.com\/fr\/wp-json\/wp\/v2\/product\/33530","targetHints":{"allow":["GET"]}}],"collection":[{"href":"https:\/\/gopinkish.com\/fr\/wp-json\/wp\/v2\/product"}],"about":[{"href":"https:\/\/gopinkish.com\/fr\/wp-json\/wp\/v2\/types\/product"}],"wp:featuredmedia":[{"embeddable":true,"href":"https:\/\/gopinkish.com\/fr\/wp-json\/wp\/v2\/media\/33531"}],"wp:attachment":[{"href":"https:\/\/gopinkish.com\/fr\/wp-json\/wp\/v2\/media?parent=33530"}],"wp:term":[{"taxonomy":"pwb-brand","embeddable":true,"href":"https:\/\/gopinkish.com\/fr\/wp-json\/wp\/v2\/pwb-brand?post=33530"},{"taxonomy":"product_brand","embeddable":true,"href":"https:\/\/gopinkish.com\/fr\/wp-json\/wp\/v2\/product_brand?post=33530"},{"taxonomy":"product_cat","embeddable":true,"href":"https:\/\/gopinkish.com\/fr\/wp-json\/wp\/v2\/product_cat?post=33530"},{"taxonomy":"product_tag","embeddable":true,"href":"https:\/\/gopinkish.com\/fr\/wp-json\/wp\/v2\/product_tag?post=33530"}],"curies":[{"name":"wp","href":"https:\/\/api.w.org\/{rel}","templated":true}]}}