{"id":33520,"date":"2025-11-02T01:14:25","date_gmt":"2025-11-02T00:14:25","guid":{"rendered":"https:\/\/gopinkish.com\/?post_type=product&#038;p=33520"},"modified":"2025-12-23T09:11:45","modified_gmt":"2025-12-23T08:11:45","slug":"8700216155762","status":"publish","type":"product","link":"https:\/\/gopinkish.com\/fr\/produit\/8700216155762\/","title":{"rendered":"Shampooing et apr\u00e8s-shampooing antipelliculaire hydratant quotidien 2-en-1"},"content":{"rendered":"<p style=\"text-align: justify;\">\u0634\u0627\u0645\u0628\u0648 \u0648\u0628\u0644\u0633\u0645 \u0641\u064a \u0622\u0646 \u0648\u0627\u062d\u062f\u060c \u0645\u0635\u0645\u0645 \u0644\u062a\u0648\u0641\u064a\u0631 \u0639\u0646\u0627\u064a\u0629 \u0645\u062a\u0643\u0627\u0645\u0644\u0629 \u0644\u0644\u0634\u0639\u0631 \u0648\u0641\u0631\u0648\u0629 \u0627\u0644\u0631\u0623\u0633. \u062a\u0631\u0643\u064a\u0628\u062a\u0647 \u0645\u0636\u0627\u062f\u0629 \u0644\u0644\u0642\u0634\u0631\u0629 \u0648\u0645\u062e\u062a\u0628\u0631\u0629 \u0625\u0643\u0644\u064a\u0646\u064a\u0643\u064a\u064b\u0627\u060c \u062a\u0645\u0646\u062d \u062d\u0645\u0627\u064a\u0629 \u0641\u0639\u0651\u0627\u0644\u0629 \u062a\u0635\u0644 \u0625\u0644\u0649 100% \u0636\u062f \u0627\u0644\u0642\u0634\u0631\u0629 \u0639\u0646\u062f \u0627\u0644\u0627\u0633\u062a\u062e\u062f\u0627\u0645 \u0627\u0644\u0645\u0646\u062a\u0638\u0645. \u064a\u062d\u062a\u0648\u064a \u0639\u0644\u0649 \u0645\u0643\u0648\u0646\u0627\u062a \u0645\u0647\u062f\u0626\u0629 \u0645\u062b\u0644 \u0627\u0644\u0623\u0644\u0648\u0629\u060c \u0645\u0645\u0627 \u064a\u0633\u0627\u0639\u062f \u0639\u0644\u0649 \u062a\u0647\u062f\u0626\u0629 \u0641\u0631\u0648\u0629 \u0627\u0644\u0631\u0623\u0633 \u0648\u0645\u0646\u062d \u0627\u0644\u0634\u0639\u0631 \u0646\u0639\u0648\u0645\u0629 \u0648\u0644\u0645\u0639\u0627\u0646\u064b\u0627 \u0637\u0628\u064a\u0639\u064a\u064b\u0627. \u0628\u0641\u0636\u0644 \u062a\u0631\u0643\u064a\u0628\u062a\u0647 2\u2011\u0641\u064a\u20111\u060c \u064a\u063a\u0633\u0644 \u0627\u0644\u0634\u0639\u0631 \u0648\u064a\u063a\u0630\u064a\u0647 \u0641\u064a \u062e\u0637\u0648\u0629 \u0648\u0627\u062d\u062f\u0629\u060c \u0645\u0645\u0627 \u064a\u062c\u0639\u0644\u0647 \u0645\u062b\u0627\u0644\u064a\u064b\u0627 \u0644\u0644\u0627\u0633\u062a\u062e\u062f\u0627\u0645 \u0627\u0644\u064a\u0648\u0645\u064a \u0644\u062c\u0645\u064a\u0639 \u0623\u0646\u0648\u0627\u0639 \u0627\u0644\u0634\u0639\u0631.<\/p>\n<p><strong>Principaux ingr\u00e9dients et caract\u00e9ristiques :<\/strong><br \/>\n\u2022 \u062a\u0631\u0643\u064a\u0628\u0629 \u0645\u0636\u0627\u062f\u0629 \u0644\u0644\u0642\u0634\u0631\u0629 \u0645\u062e\u062a\u0628\u0631\u0629 \u0625\u0643\u0644\u064a\u0646\u064a\u0643\u064a\u064b\u0627.<br \/>\n\u2022 \u062d\u0645\u0627\u064a\u0629 \u062a\u0635\u0644 \u0625\u0644\u0649 100% \u0636\u062f \u0627\u0644\u0642\u0634\u0631\u0629.<br \/>\n\u2022 \u064a\u062d\u062a\u0648\u064a \u0639\u0644\u0649 \u0627\u0644\u0623\u0644\u0648\u0629 \u0644\u062a\u0647\u062f\u0626\u0629 \u0641\u0631\u0648\u0629 \u0627\u0644\u0631\u0623\u0633.<br \/>\n\u2022 \u062a\u0631\u0643\u064a\u0628\u0629 2\u2011\u0641\u064a\u20111: \u0634\u0627\u0645\u0628\u0648 + \u0628\u0644\u0633\u0645.<br \/>\n\u2022 \u064a\u0645\u0646\u062d \u0627\u0644\u0634\u0639\u0631 \u0646\u0639\u0648\u0645\u0629 \u0648\u0644\u0645\u0639\u0627\u0646\u064b\u0627 \u0637\u0628\u064a\u0639\u064a\u064b\u0627.<br \/>\n\u2022 \u0645\u0646\u0627\u0633\u0628 \u0644\u0644\u0627\u0633\u062a\u062e\u062f\u0627\u0645 \u0627\u0644\u064a\u0648\u0645\u064a \u0648\u0644\u062c\u0645\u064a\u0639 \u0623\u0646\u0648\u0627\u0639 \u0627\u0644\u0634\u0639\u0631.<\/p>\n<p><strong>Principales caract\u00e9ristiques et avantages :<\/strong><br \/>\n\u2022 \u064a\u063a\u0633\u0644 \u0627\u0644\u0634\u0639\u0631 \u0648\u064a\u0646\u0639\u0645\u0647 \u0641\u064a \u062e\u0637\u0648\u0629 \u0648\u0627\u062d\u062f\u0629.<br \/>\n\u2022 \u064a\u0645\u0646\u062d \u0641\u0631\u0648\u0629 \u0627\u0644\u0631\u0623\u0633 \u0631\u0627\u062d\u0629 \u0648\u064a\u0642\u0644\u0644 \u0645\u0646 \u0627\u0644\u062d\u0643\u0629.<br \/>\n- Laisse les cheveux doux et faciles \u00e0 coiffer.<br \/>\n\u2022 \u064a\u0648\u0641\u0631 \u062d\u0645\u0627\u064a\u0629 \u0641\u0639\u0651\u0627\u0644\u0629 \u0636\u062f \u0627\u0644\u0642\u0634\u0631\u0629 \u0639\u0646\u062f \u0627\u0644\u0627\u0633\u062a\u062e\u062f\u0627\u0645 \u0627\u0644\u0645\u0646\u062a\u0638\u0645.<br \/>\n- Id\u00e9al pour un usage quotidien gr\u00e2ce \u00e0 sa formule douce.<\/p>\n<p dir=\"ltr\" style=\"text-align: center;\">\u200e\ud83c\uddec\ud83c\udde7 Head &amp; Shoulders Classic 2\u2011in\u20111 Anti\u2011Dandruff Shampoo &amp; Conditioner \u2013 Aloe, Daily Use, 100% Flake Protection<br \/>\n\u200e\ud83c\uddeb\ud83c\uddf7 Head &amp; Shoulders Classic 2\u2011en\u20111 Shampooing Antipelliculaire &amp; Apr\u00e8s\u2011Shampoing \u2013 Aloe, Usage Quotidien, Protection 100% Pellicules<\/p>","protected":false},"excerpt":{"rendered":"<p>\u0634\u0627\u0645\u0628\u0648 \u0648\u0628\u0644\u0633\u0645 \u0641\u064a \u0622\u0646 \u0648\u0627\u062d\u062f\u060c \u0645\u0635\u0645\u0645 \u0644\u062a\u0648\u0641\u064a\u0631 \u0639\u0646\u0627\u064a\u0629 \u0645\u062a\u0643\u0627\u0645\u0644\u0629 \u0644\u0644\u0634\u0639\u0631 \u0648\u0641\u0631\u0648\u0629 \u0627\u0644\u0631\u0623\u0633. \u062a\u0631\u0643\u064a\u0628\u062a\u0647 \u0645\u0636\u0627\u062f\u0629 \u0644\u0644\u0642\u0634\u0631\u0629 \u0648\u0645\u062e\u062a\u0628\u0631\u0629 \u0625\u0643\u0644\u064a\u0646\u064a\u0643\u064a\u064b\u0627\u060c \u062a\u0645\u0646\u062d \u062d\u0645\u0627\u064a\u0629 \u0641\u0639\u0651\u0627\u0644\u0629 \u062a\u0635\u0644 \u0625\u0644\u0649 100% \u0636\u062f \u0627\u0644\u0642\u0634\u0631\u0629 \u0639\u0646\u062f \u0627\u0644\u0627\u0633\u062a\u062e\u062f\u0627\u0645 \u0627\u0644\u0645\u0646\u062a\u0638\u0645. \u064a\u062d\u062a\u0648\u064a \u0639\u0644\u0649 \u0645\u0643\u0648\u0646\u0627\u062a \u0645\u0647\u062f\u0626\u0629 \u0645\u062b\u0644 \u0627\u0644\u0623\u0644\u0648\u0629\u060c \u0645\u0645\u0627 \u064a\u0633\u0627\u0639\u062f \u0639\u0644\u0649 \u062a\u0647\u062f\u0626\u0629 \u0641\u0631\u0648\u0629 \u0627\u0644\u0631\u0623\u0633 \u0648\u0645\u0646\u062d \u0627\u0644\u0634\u0639\u0631 \u0646\u0639\u0648\u0645\u0629 \u0648\u0644\u0645\u0639\u0627\u0646\u064b\u0627 \u0637\u0628\u064a\u0639\u064a\u064b\u0627. \u0628\u0641\u0636\u0644 \u062a\u0631\u0643\u064a\u0628\u062a\u0647 2\u2011\u0641\u064a\u20111\u060c \u064a\u063a\u0633\u0644 \u0627\u0644\u0634\u0639\u0631 \u0648\u064a\u063a\u0630\u064a\u0647 \u0641\u064a \u062e\u0637\u0648\u0629 \u0648\u0627\u062d\u062f\u0629\u060c \u0645\u0645\u0627 [&hellip;]<\/p>\n","protected":false},"featured_media":33528,"template":"","meta":[],"pwb-brand":[],"product_brand":[],"product_cat":[1148,1149],"product_tag":[691],"class_list":{"0":"post-33520","1":"product","2":"type-product","3":"status-publish","4":"has-post-thumbnail","6":"product_cat-hair-shampoo","7":"product_cat-hair-cond","8":"product_tag-dandruff","10":"first","11":"outofstock","12":"shipping-taxable","13":"product-type-variable","14":"has-default-attributes","15":"wvs-archive-product-wrapper"},"brands":[],"_links":{"self":[{"href":"https:\/\/gopinkish.com\/fr\/wp-json\/wp\/v2\/product\/33520","targetHints":{"allow":["GET"]}}],"collection":[{"href":"https:\/\/gopinkish.com\/fr\/wp-json\/wp\/v2\/product"}],"about":[{"href":"https:\/\/gopinkish.com\/fr\/wp-json\/wp\/v2\/types\/product"}],"wp:featuredmedia":[{"embeddable":true,"href":"https:\/\/gopinkish.com\/fr\/wp-json\/wp\/v2\/media\/33528"}],"wp:attachment":[{"href":"https:\/\/gopinkish.com\/fr\/wp-json\/wp\/v2\/media?parent=33520"}],"wp:term":[{"taxonomy":"pwb-brand","embeddable":true,"href":"https:\/\/gopinkish.com\/fr\/wp-json\/wp\/v2\/pwb-brand?post=33520"},{"taxonomy":"product_brand","embeddable":true,"href":"https:\/\/gopinkish.com\/fr\/wp-json\/wp\/v2\/product_brand?post=33520"},{"taxonomy":"product_cat","embeddable":true,"href":"https:\/\/gopinkish.com\/fr\/wp-json\/wp\/v2\/product_cat?post=33520"},{"taxonomy":"product_tag","embeddable":true,"href":"https:\/\/gopinkish.com\/fr\/wp-json\/wp\/v2\/product_tag?post=33520"}],"curies":[{"name":"wp","href":"https:\/\/api.w.org\/{rel}","templated":true}]}}