{"id":33498,"date":"2025-11-03T22:27:41","date_gmt":"2025-11-03T21:27:41","guid":{"rendered":"https:\/\/gopinkish.com\/?post_type=product&#038;p=33498"},"modified":"2026-01-14T23:09:16","modified_gmt":"2026-01-14T22:09:16","slug":"100034978327","status":"publish","type":"product","link":"https:\/\/gopinkish.com\/fr\/produit\/100034978327\/","title":{"rendered":"Une collection de s\u00e9rums intensifs pour r\u00e9g\u00e9n\u00e9rer et \u00e9claircir la peau."},"content":{"rendered":"<p style=\"text-align: justify;\">Le coffret 5 pi\u00e8ces Lanc\u00f4me Advanced G\u00e9nifique Youth Activating Concentrate de Lanc\u00f4me Paris est un luxueux coffret qui r\u00e9unit plusieurs formats de la s\u00e9rie embl\u00e9matique Advanced G\u00e9nifique, connue pour sa capacit\u00e9 \u00e0 booster l'\u00e9clat et \u00e0 renforcer la peau de l'int\u00e9rieur. Formule innovante bas\u00e9e sur la science du microbiome, elle contient 7 extraits probiotiques et pr\u00e9biotiques qui soutiennent les d\u00e9fenses naturelles de la peau, acc\u00e9l\u00e8rent la r\u00e9g\u00e9n\u00e9ration et r\u00e9duisent les signes du vieillissement. Il contient \u00e9galement de l'acide hyaluronique pour une hydratation en profondeur et une sensation de pl\u00e9nitude naturelle.<\/p>\n<p><strong>Principaux ingr\u00e9dients et caract\u00e9ristiques :<\/strong><br \/>\n- 7 extraits probiotiques et pr\u00e9biotiques : Soutient le microbiome naturel de la peau et renforce ses d\u00e9fenses.<br \/>\n- Acide hyaluronique : Hydrate intens\u00e9ment et repulpe les ridules.<br \/>\n- Une formule l\u00e9g\u00e8re, \u00e0 absorption rapide, qui convient \u00e0 tous les types de peau.<br \/>\n- R\u00e9sultats visibles en 7 jours : Un \u00e9clat plus fort et une peau plus lisse.<br \/>\n- Le coffret contient 5 produits diff\u00e9rents, parfaits pour les voyages ou l'usage quotidien.<\/p>\n<p><strong>Principales caract\u00e9ristiques et avantages :<\/strong><br \/>\n- Renforce l'\u00e9clat de la peau et att\u00e9nue les signes de fatigue.<br \/>\n- Renforce la barri\u00e8re naturelle de la peau et augmente sa r\u00e9sistance.<br \/>\n- Minimise les ridules et les signes de vieillissement pr\u00e9matur\u00e9.<br \/>\n- Hydrate en profondeur et apporte du confort aux peaux sensibles.<br \/>\n- Parfait comme cadeau de luxe ou comme routine compl\u00e8te de soins de la peau.<\/p>\n<p dir=\"ltr\" style=\"text-align: center;\">\ud83c\uddec\ud83c\udde7 Lanc\u00f4me Advanced G\u00e9nifique Youth Activating Concentrate Set 5 pi\u00e8ces<br \/>\n\ud83c\uddeb\ud83c\uddf7 Lanc\u00f4me Advanced G\u00e9nifique Concentr\u00e9 Activateur de Jeunesse Coffret 5 Pi\u00e8ces<\/p>","protected":false},"excerpt":{"rendered":"<p>\u0645\u062c\u0645\u0648\u0639\u0629 Lanc\u00f4me Advanced G\u00e9nifique Youth Activating Concentrate 5\u2011Piece Set \u0645\u0646 Lanc\u00f4me Paris \u0647\u0648 \u0637\u0642\u0645 \u0641\u0627\u062e\u0631 \u064a\u062c\u0645\u0639 \u0628\u064a\u0646 \u0639\u062f\u0629 \u0623\u062d\u062c\u0627\u0645 \u0645\u0646 \u0627\u0644\u0633\u0644\u0633\u0644\u0629 \u0627\u0644\u0623\u064a\u0642\u0648\u0646\u064a\u0629 Advanced G\u00e9nifique\u060c \u0627\u0644\u0645\u0639\u0631\u0648\u0641\u0629 \u0628\u0642\u062f\u0631\u062a\u0647\u0627 \u0639\u0644\u0649 \u062a\u0639\u0632\u064a\u0632 \u0625\u0634\u0631\u0627\u0642\u0629 \u0627\u0644\u0628\u0634\u0631\u0629 \u0648\u062a\u0642\u0648\u064a\u062a\u0647\u0627 \u0645\u0646 \u0627\u0644\u062f\u0627\u062e\u0644. \u062a\u0631\u0643\u064a\u0628\u0629 \u0645\u0628\u062a\u0643\u0631\u0629 \u062a\u0639\u062a\u0645\u062f \u0639\u0644\u0649 \u0639\u0644\u0645 \u0627\u0644\u0645\u064a\u0643\u0631\u0648\u0628\u064a\u0648\u0645\u060c \u062d\u064a\u062b \u064a\u0636\u0645 7 \u0645\u0633\u062a\u062e\u0644\u0635\u0627\u062a \u0628\u0631\u0648\u0628\u064a\u0648\u062a\u064a\u0643 \u0648\u0628\u0631\u064a\u0628\u0627\u064a\u0648\u062a\u064a\u0643 \u062a\u0639\u0645\u0644 \u0639\u0644\u0649 \u062f\u0639\u0645 \u062f\u0641\u0627\u0639\u0627\u062a \u0627\u0644\u0628\u0634\u0631\u0629 \u0627\u0644\u0637\u0628\u064a\u0639\u064a\u0629\u060c \u062a\u0633\u0631\u064a\u0639 \u062a\u062c\u062f\u062f\u0647\u0627\u060c \u0648\u062a\u0642\u0644\u064a\u0644 \u0639\u0644\u0627\u0645\u0627\u062a [&hellip;]<\/p>\n","protected":false},"featured_media":33503,"template":"","meta":[],"pwb-brand":[240],"product_brand":[],"product_cat":[1231,1241,1227],"product_tag":[],"class_list":{"0":"post-33498","1":"product","2":"type-product","3":"status-publish","4":"has-post-thumbnail","6":"pwb-brand-lancome","7":"product_cat-daily-face-care","8":"product_cat-care-sets","9":"product_cat-face-renew","11":"first","12":"instock","13":"shipping-taxable","14":"purchasable","15":"product-type-simple"},"brands":[{"id":240,"name":"Lancome","slug":"lancome"}],"_links":{"self":[{"href":"https:\/\/gopinkish.com\/fr\/wp-json\/wp\/v2\/product\/33498","targetHints":{"allow":["GET"]}}],"collection":[{"href":"https:\/\/gopinkish.com\/fr\/wp-json\/wp\/v2\/product"}],"about":[{"href":"https:\/\/gopinkish.com\/fr\/wp-json\/wp\/v2\/types\/product"}],"wp:featuredmedia":[{"embeddable":true,"href":"https:\/\/gopinkish.com\/fr\/wp-json\/wp\/v2\/media\/33503"}],"wp:attachment":[{"href":"https:\/\/gopinkish.com\/fr\/wp-json\/wp\/v2\/media?parent=33498"}],"wp:term":[{"taxonomy":"pwb-brand","embeddable":true,"href":"https:\/\/gopinkish.com\/fr\/wp-json\/wp\/v2\/pwb-brand?post=33498"},{"taxonomy":"product_brand","embeddable":true,"href":"https:\/\/gopinkish.com\/fr\/wp-json\/wp\/v2\/product_brand?post=33498"},{"taxonomy":"product_cat","embeddable":true,"href":"https:\/\/gopinkish.com\/fr\/wp-json\/wp\/v2\/product_cat?post=33498"},{"taxonomy":"product_tag","embeddable":true,"href":"https:\/\/gopinkish.com\/fr\/wp-json\/wp\/v2\/product_tag?post=33498"}],"curies":[{"name":"wp","href":"https:\/\/api.w.org\/{rel}","templated":true}]}}