{"id":33491,"date":"2025-11-01T19:47:03","date_gmt":"2025-11-01T18:47:03","guid":{"rendered":"https:\/\/gopinkish.com\/?post_type=product&#038;p=33491"},"modified":"2025-11-13T22:26:46","modified_gmt":"2025-11-13T21:26:46","slug":"3614272030183","status":"publish","type":"product","link":"https:\/\/gopinkish.com\/fr\/produit\/3614272030183\/","title":{"rendered":"Fond de teint liquide couvrant toute la surface de la peau pendant 24 heures"},"content":{"rendered":"<p><!--StartFragment --><\/p>\n<p style=\"text-align: justify;\">Le fond de teint Teint Idole Ultra Wear All-Day Wear Retouch-Free de Lanc\u00f4me Paris est un fond de teint innovant qui offre une couvrance int\u00e9grale modulable avec un fini mat naturel. Sa formule l\u00e9g\u00e8re et respirante donne \u00e0 la peau un fini uniforme et impeccable sans qu'il soit n\u00e9cessaire de faire des retouches tout au long de la journ\u00e9e. Il dure jusqu'\u00e0 24 heures et r\u00e9siste \u00e0 l'humidit\u00e9, \u00e0 la sueur et au transfert, ce qui le rend id\u00e9al pour un usage quotidien et pour les occasions sp\u00e9ciales. Il contient \u00e9galement un SPF38\/PA+++ pour une protection solaire puissante.<\/p>\n<p style=\"text-align: justify;\"><strong>Principaux ingr\u00e9dients et caract\u00e9ristiques :<\/strong><br \/>\n- Couvrance compl\u00e8te avec un fini mat naturel.<br \/>\n- Tient jusqu'\u00e0 24 heures sans qu'il soit n\u00e9cessaire de le retoucher.<br \/>\n- R\u00e9sistant \u00e0 l'humidit\u00e9, \u00e0 la sueur et au transport.<br \/>\n- Contient du SPF38\/PA+++ pour la protection solaire.<br \/>\n- Formule l\u00e9g\u00e8re, respirante et non com\u00e9dog\u00e8ne.<br \/>\n- 30ml.<\/p>\n<p style=\"text-align: justify;\"><strong>Principales caract\u00e9ristiques et avantages :<\/strong><br \/>\n- Donne un aspect uniforme et sans d\u00e9faut.<br \/>\n- Laisse la peau naturellement \u00e9clatante avec un fini mat.<br \/>\n- Offre une protection solaire puissante.<br \/>\n- Convient \u00e0 tous les types de peau, y compris les peaux sensibles.<br \/>\n- Parfait pour un usage quotidien et pour les occasions sp\u00e9ciales.<\/p>\n<p dir=\"ltr\" style=\"text-align: center;\">\ud83c\uddec\ud83c\udde7 Lanc\u00f4me Teint Idole Ultra Wear Fond de teint sans retouche - Couvrance totale, 24h de port, SPF38\/PA+++<br \/>\n\ud83c\uddeb\ud83c\uddf7 Lanc\u00f4me Teint Idole Ultra Wear Fond de Teint Retouch-Free - Couvrance Totale, Tenue 24h, SPF38\/PA+++<\/p>\n<p><!--EndFragment --><\/p>","protected":false},"excerpt":{"rendered":"<p>\u0645\u0646\u062a\u062c Lanc\u00f4me Teint Idole Ultra Wear All\u2011Day Wear Retouch\u2011Free Foundation \u0645\u0646 Lanc\u00f4me Paris \u0647\u0648 \u0643\u0631\u064a\u0645 \u0623\u0633\u0627\u0633 \u0645\u0628\u062a\u0643\u0631 \u064a\u0648\u0641\u0631 \u062a\u063a\u0637\u064a\u0629 \u0643\u0627\u0645\u0644\u0629 \u0642\u0627\u0628\u0644\u0629 \u0644\u0644\u0628\u0646\u0627\u0621 \u0645\u0639 \u0644\u0645\u0633\u0629 \u0646\u0647\u0627\u0626\u064a\u0629 \u0637\u0628\u064a\u0639\u064a\u0629 \u0645\u0637\u0641\u064a\u0629. \u062a\u0631\u0643\u064a\u0628\u062a\u0647 \u062e\u0641\u064a\u0641\u0629 \u0648\u0642\u0627\u0628\u0644\u0629 \u0644\u0644\u062a\u0646\u0641\u0633\u060c \u062a\u0645\u0646\u062d \u0627\u0644\u0628\u0634\u0631\u0629 \u0645\u0638\u0647\u0631\u064b\u0627 \u0645\u0648\u062d\u062f\u064b\u0627 \u062e\u0627\u0644\u064d \u0645\u0646 \u0627\u0644\u0639\u064a\u0648\u0628 \u062f\u0648\u0646 \u0627\u0644\u062d\u0627\u062c\u0629 \u0644\u0625\u0639\u0627\u062f\u0629 \u0627\u0644\u0644\u0645\u0633\u0627\u062a \u0637\u0648\u0627\u0644 \u0627\u0644\u064a\u0648\u0645. \u064a\u062a\u0645\u064a\u0632 \u0628\u0642\u062f\u0631\u062a\u0647 \u0639\u0644\u0649 \u0627\u0644\u062b\u0628\u0627\u062a \u062d\u062a\u0649 24 \u0633\u0627\u0639\u0629\u060c \u0645\u0639 \u0645\u0642\u0627\u0648\u0645\u0629 \u0644\u0644\u0631\u0637\u0648\u0628\u0629\u060c \u0627\u0644\u0639\u0631\u0642\u060c [&hellip;]<\/p>\n","protected":false},"featured_media":33492,"template":"","meta":[],"pwb-brand":[240],"product_brand":[],"product_cat":[1175],"product_tag":[],"class_list":{"0":"post-33491","1":"product","2":"type-product","3":"status-publish","4":"has-post-thumbnail","6":"pwb-brand-lancome","7":"product_cat-foundation-makeup","9":"first","10":"instock","11":"shipping-taxable","12":"purchasable","13":"product-type-variable","14":"has-default-attributes","15":"wvs-archive-product-wrapper"},"brands":[{"id":240,"name":"Lancome","slug":"lancome"}],"_links":{"self":[{"href":"https:\/\/gopinkish.com\/fr\/wp-json\/wp\/v2\/product\/33491","targetHints":{"allow":["GET"]}}],"collection":[{"href":"https:\/\/gopinkish.com\/fr\/wp-json\/wp\/v2\/product"}],"about":[{"href":"https:\/\/gopinkish.com\/fr\/wp-json\/wp\/v2\/types\/product"}],"wp:featuredmedia":[{"embeddable":true,"href":"https:\/\/gopinkish.com\/fr\/wp-json\/wp\/v2\/media\/33492"}],"wp:attachment":[{"href":"https:\/\/gopinkish.com\/fr\/wp-json\/wp\/v2\/media?parent=33491"}],"wp:term":[{"taxonomy":"pwb-brand","embeddable":true,"href":"https:\/\/gopinkish.com\/fr\/wp-json\/wp\/v2\/pwb-brand?post=33491"},{"taxonomy":"product_brand","embeddable":true,"href":"https:\/\/gopinkish.com\/fr\/wp-json\/wp\/v2\/product_brand?post=33491"},{"taxonomy":"product_cat","embeddable":true,"href":"https:\/\/gopinkish.com\/fr\/wp-json\/wp\/v2\/product_cat?post=33491"},{"taxonomy":"product_tag","embeddable":true,"href":"https:\/\/gopinkish.com\/fr\/wp-json\/wp\/v2\/product_tag?post=33491"}],"curies":[{"name":"wp","href":"https:\/\/api.w.org\/{rel}","templated":true}]}}