{"id":33453,"date":"2025-11-13T16:38:05","date_gmt":"2025-11-13T15:38:05","guid":{"rendered":"https:\/\/gopinkish.com\/?post_type=product&#038;p=33453"},"modified":"2026-03-11T10:35:50","modified_gmt":"2026-03-11T09:35:50","slug":"fond-de-teint-mat-et-lumineux-hb","status":"publish","type":"product","link":"https:\/\/gopinkish.com\/fr\/produit\/fond-de-teint-mat-et-lumineux-hb\/","title":{"rendered":"Fond de teint liquide \u00e0 couvrance totale et au fini lumineux"},"content":{"rendered":"<p style=\"text-align: justify;\">HUDA BEAUTY #FauxFilter Luminous Matte Full Coverage Liquid Foundation de Huda Beauty est la nouvelle version du c\u00e9l\u00e8bre fond de teint FauxFilter. Combinant la puissance d'une couverture compl\u00e8te avec le confort d'une formule l\u00e9g\u00e8re, il cr\u00e9e un teint uniforme et parfait avec un fini lumineux semi-mat. La formule sans parfum convient \u00e0 tous les types de peau, y compris les plus sensibles, et offre jusqu'\u00e0 24 heures de r\u00e9sultats durables gr\u00e2ce \u00e0 ses propri\u00e9t\u00e9s r\u00e9sistantes \u00e0 l'eau, \u00e0 la transpiration, au transfert et \u00e0 la d\u00e9coloration.<\/p>\n<p><strong>Principaux ingr\u00e9dients et caract\u00e9ristiques :<\/strong><br \/>\n- Formule optimis\u00e9e sans parfum.<br \/>\n- Couvrance totale avec un fini semi-mat.<br \/>\n- Dur\u00e9e de vie jusqu'\u00e0 24 heures.<br \/>\n- R\u00e9sistant \u00e0 l'eau, \u00e0 la sueur, \u00e0 l'humidit\u00e9, au transfert et \u00e0 la d\u00e9coloration.<br \/>\n- Il unifie le teint et dissimule instantan\u00e9ment les imperfections.<br \/>\n- 35ml.<\/p>\n<p><strong>Principales caract\u00e9ristiques et avantages :<\/strong><br \/>\n- Couvre enti\u00e8rement sans donner l'impression d'\u00eatre lourd ou de faire des grumeaux.<br \/>\n- Laisse la peau naturellement \u00e9clatante avec un fini mat.<br \/>\n- Convient \u00e0 tous les types de peau, y compris les peaux sensibles.<br \/>\n- Parfait pour un usage quotidien ou pour des occasions sp\u00e9ciales.<br \/>\n- Offre une protection durable contre diverses conditions.<\/p>\n<p dir=\"ltr\" style=\"text-align: center;\">\ud83c\uddec\ud83c\udde7 Huda Beauty #FauxFilter Luminous Matte Foundation - Couvrance totale, 24h de port, sans parfum<br \/>\n\ud83c\uddeb\ud83c\uddf7 Huda Beauty #FauxFilter Fond de Teint Luminous Matte - Couvrance Totale, Tenue 24h, Sans Parfum<\/p>","protected":false},"excerpt":{"rendered":"<p>\u0643\u0631\u064a\u0645 \u0623\u0633\u0627\u0633 HUDA BEAUTY #FauxFilter Luminous Matte Full Coverage Liquid Foundation \u0645\u0646 Huda Beauty \u0647\u0648 \u0627\u0644\u0625\u0635\u062f\u0627\u0631 \u0627\u0644\u062c\u062f\u064a\u062f \u0645\u0646 \u0643\u0631\u064a\u0645 \u0627\u0644\u0623\u0633\u0627\u0633 \u0627\u0644\u0634\u0647\u064a\u0631 FauxFilter. \u064a\u062c\u0645\u0639 \u0628\u064a\u0646 \u0642\u0648\u0629 \u0627\u0644\u062a\u063a\u0637\u064a\u0629 \u0627\u0644\u0643\u0627\u0645\u0644\u0629 \u0648\u0631\u0627\u062d\u0629 \u0627\u0644\u062a\u0631\u0643\u064a\u0628\u0629 \u0627\u0644\u062e\u0641\u064a\u0641\u0629\u060c \u0644\u064a\u0645\u0646\u062d \u0627\u0644\u0628\u0634\u0631\u0629 \u0645\u0638\u0647\u0631\u064b\u0627 \u0645\u0648\u062d\u062f\u064b\u0627 \u062e\u0627\u0644\u064d \u0645\u0646 \u0627\u0644\u0639\u064a\u0648\u0628 \u0645\u0639 \u0644\u0645\u0633\u0629 \u0645\u0636\u064a\u0626\u0629 \u0634\u0628\u0647\u2011\u0645\u0637\u0641\u064a. \u064a\u062a\u0645\u064a\u0632 \u0628\u062a\u0631\u0643\u064a\u0628\u0629 \u062e\u0627\u0644\u064a\u0629 \u0645\u0646 \u0627\u0644\u0639\u0637\u0648\u0631\u060c \u0645\u0646\u0627\u0633\u0628\u0629 \u0644\u062c\u0645\u064a\u0639 \u0623\u0646\u0648\u0627\u0639 \u0627\u0644\u0628\u0634\u0631\u0629 \u0628\u0645\u0627 \u0641\u064a\u0647\u0627 \u0627\u0644\u062d\u0633\u0627\u0633\u0629\u060c \u0648\u064a\u0645\u0646\u062d \u0646\u062a\u0627\u0626\u062c [&hellip;]<\/p>\n","protected":false},"featured_media":33454,"template":"","meta":[],"pwb-brand":[1476],"product_brand":[],"product_cat":[1175],"product_tag":[],"class_list":{"0":"post-33453","1":"product","2":"type-product","3":"status-publish","4":"has-post-thumbnail","6":"pwb-brand-huda-beauty","7":"product_cat-foundation-makeup","9":"first","10":"instock","11":"shipping-taxable","12":"purchasable","13":"product-type-variable","14":"has-default-attributes","15":"wvs-archive-product-wrapper"},"brands":[{"id":1476,"name":"Huda Beauty","slug":"beaute-huda"}],"_links":{"self":[{"href":"https:\/\/gopinkish.com\/fr\/wp-json\/wp\/v2\/product\/33453","targetHints":{"allow":["GET"]}}],"collection":[{"href":"https:\/\/gopinkish.com\/fr\/wp-json\/wp\/v2\/product"}],"about":[{"href":"https:\/\/gopinkish.com\/fr\/wp-json\/wp\/v2\/types\/product"}],"wp:featuredmedia":[{"embeddable":true,"href":"https:\/\/gopinkish.com\/fr\/wp-json\/wp\/v2\/media\/33454"}],"wp:attachment":[{"href":"https:\/\/gopinkish.com\/fr\/wp-json\/wp\/v2\/media?parent=33453"}],"wp:term":[{"taxonomy":"pwb-brand","embeddable":true,"href":"https:\/\/gopinkish.com\/fr\/wp-json\/wp\/v2\/pwb-brand?post=33453"},{"taxonomy":"product_brand","embeddable":true,"href":"https:\/\/gopinkish.com\/fr\/wp-json\/wp\/v2\/product_brand?post=33453"},{"taxonomy":"product_cat","embeddable":true,"href":"https:\/\/gopinkish.com\/fr\/wp-json\/wp\/v2\/product_cat?post=33453"},{"taxonomy":"product_tag","embeddable":true,"href":"https:\/\/gopinkish.com\/fr\/wp-json\/wp\/v2\/product_tag?post=33453"}],"curies":[{"name":"wp","href":"https:\/\/api.w.org\/{rel}","templated":true}]}}