{"id":33415,"date":"2025-11-09T13:17:04","date_gmt":"2025-11-09T12:17:04","guid":{"rendered":"https:\/\/gopinkish.com\/?post_type=product&#038;p=33415"},"modified":"2026-03-16T12:02:42","modified_gmt":"2026-03-16T11:02:42","slug":"083078009496","status":"publish","type":"product","link":"https:\/\/gopinkish.com\/fr\/produit\/083078009496\/","title":{"rendered":"Baume \u00e0 l\u00e8vres hydratant aromatis\u00e9 \u00e0 la cerise avec protection SPF15"},"content":{"rendered":"<p><!--StartFragment --><\/p>\n<p style=\"text-align: justify;\">Carmex Daily Care Moisturising Lip Balm SPF15 Cherry est un baume \u00e0 l\u00e8vres quotidien con\u00e7u pour offrir une hydratation durable et une protection solaire. Il est formul\u00e9 avec du camphre et du menthol pour une sensation rafra\u00eechissante et apaisante, ainsi qu'avec des ingr\u00e9dients hydratants pour aider \u00e0 traiter les l\u00e8vres s\u00e8ches et pr\u00e9venir les ger\u00e7ures. La saveur fruit\u00e9e des cerises apporte une touche rafra\u00eechissante, tandis que le SPF15 prot\u00e8ge les l\u00e8vres des dommages caus\u00e9s par les UV.<\/p>\n<p style=\"text-align: justify;\"><strong>Principaux ingr\u00e9dients et caract\u00e9ristiques :<\/strong><br \/>\n- SPF15 : prot\u00e8ge des rayons nocifs du soleil.<br \/>\n- Camphre et menthol : Rafra\u00eechissent et apaisent les l\u00e8vres.<br \/>\n- Formule hydratante pour un confort durable.<br \/>\n- Go\u00fbt fruit\u00e9 et rafra\u00eechissant de cerise.<br \/>\n- Format pratique de 4,25 g (0,15 oz).<br \/>\n- Convient \u00e0 un usage quotidien.<\/p>\n<p style=\"text-align: justify;\"><strong>Principales caract\u00e9ristiques et avantages :<\/strong><br \/>\n- Hydrate durablement les l\u00e8vres s\u00e8ches.<br \/>\n- Prot\u00e8ge contre les craquelures et le dess\u00e8chement.<br \/>\n- Offre une protection solaire SPF15.<br \/>\n- Rafra\u00eechit et apaise les l\u00e8vres gr\u00e2ce au camphre et au menthol.<br \/>\n- La saveur rafra\u00eechissante rend l'utilisation agr\u00e9able.<\/p>\n<p dir=\"ltr\" style=\"text-align: center;\">\ud83c\uddec\ud83c\udde7 Carmex Daily Care Baume \u00e0 l\u00e8vres hydratant SPF15 - Parfum cerise fra\u00eeche<br \/>\n\ud83c\uddeb\ud83c\uddf7 Carmex Baume \u00e0 L\u00e8vres Hydratant Quotidien SPF15 - Saveur Cerise<\/p>\n<p><!--EndFragment --><\/p>","protected":false},"excerpt":{"rendered":"<p>\u0628\u0644\u0633\u0645 Carmex Daily Care Moisturizing Lip Balm SPF15 Cherry \u0645\u0646 Carmex \u0647\u0648 \u0628\u0644\u0633\u0645 \u064a\u0648\u0645\u064a \u0644\u0644\u0634\u0641\u0627\u0647 \u0645\u0635\u0645\u0645 \u0644\u062a\u0648\u0641\u064a\u0631 \u062a\u0631\u0637\u064a\u0628 \u0637\u0648\u064a\u0644 \u0627\u0644\u0623\u0645\u062f \u0648\u062d\u0645\u0627\u064a\u0629 \u0645\u0646 \u0623\u0634\u0639\u0629 \u0627\u0644\u0634\u0645\u0633. \u062a\u0631\u0643\u064a\u0628\u062a\u0647 \u062a\u062d\u062a\u0648\u064a \u0639\u0644\u0649 \u0627\u0644\u0643\u0627\u0641\u0648\u0631 \u0648\u0627\u0644\u0645\u0646\u062b\u0648\u0644 \u0627\u0644\u0644\u0630\u064a\u0646 \u064a\u0645\u0646\u062d\u0627\u0646 \u0625\u062d\u0633\u0627\u0633\u064b\u0627 \u0628\u0627\u0644\u0627\u0646\u062a\u0639\u0627\u0634 \u0648\u0627\u0644\u062a\u0647\u062f\u0626\u0629\u060c \u0625\u0644\u0649 \u062c\u0627\u0646\u0628 \u0645\u0643\u0648\u0646\u0627\u062a \u0645\u0631\u0637\u0628\u0629 \u062a\u0633\u0627\u0639\u062f \u0639\u0644\u0649 \u0639\u0644\u0627\u062c \u062c\u0641\u0627\u0641 \u0627\u0644\u0634\u0641\u0627\u0647 \u0648\u0645\u0646\u0639 \u0627\u0644\u062a\u0634\u0642\u0642. \u0627\u0644\u0646\u0643\u0647\u0629 \u0627\u0644\u0641\u0627\u0643\u0647\u064a\u0629 \u0644\u0644\u0643\u0631\u0632 \u062a\u0636\u064a\u0641 \u0644\u0645\u0633\u0629 \u0645\u0646\u0639\u0634\u0629\u060c \u0628\u064a\u0646\u0645\u0627 \u0639\u0627\u0645\u0644 \u0627\u0644\u062d\u0645\u0627\u064a\u0629 SPF15 [&hellip;]<\/p>\n","protected":false},"featured_media":33417,"template":"","meta":[],"pwb-brand":[1433],"product_brand":[],"product_cat":[1177],"product_tag":[],"class_list":{"0":"post-33415","1":"product","2":"type-product","3":"status-publish","4":"has-post-thumbnail","6":"pwb-brand-carmex","7":"product_cat-lips-balm-makeup","9":"first","10":"instock","11":"shipping-taxable","12":"purchasable","13":"product-type-variable","14":"has-default-attributes","15":"wvs-archive-product-wrapper"},"brands":[{"id":1433,"name":"Carmex","slug":"carmex"}],"_links":{"self":[{"href":"https:\/\/gopinkish.com\/fr\/wp-json\/wp\/v2\/product\/33415","targetHints":{"allow":["GET"]}}],"collection":[{"href":"https:\/\/gopinkish.com\/fr\/wp-json\/wp\/v2\/product"}],"about":[{"href":"https:\/\/gopinkish.com\/fr\/wp-json\/wp\/v2\/types\/product"}],"wp:featuredmedia":[{"embeddable":true,"href":"https:\/\/gopinkish.com\/fr\/wp-json\/wp\/v2\/media\/33417"}],"wp:attachment":[{"href":"https:\/\/gopinkish.com\/fr\/wp-json\/wp\/v2\/media?parent=33415"}],"wp:term":[{"taxonomy":"pwb-brand","embeddable":true,"href":"https:\/\/gopinkish.com\/fr\/wp-json\/wp\/v2\/pwb-brand?post=33415"},{"taxonomy":"product_brand","embeddable":true,"href":"https:\/\/gopinkish.com\/fr\/wp-json\/wp\/v2\/product_brand?post=33415"},{"taxonomy":"product_cat","embeddable":true,"href":"https:\/\/gopinkish.com\/fr\/wp-json\/wp\/v2\/product_cat?post=33415"},{"taxonomy":"product_tag","embeddable":true,"href":"https:\/\/gopinkish.com\/fr\/wp-json\/wp\/v2\/product_tag?post=33415"}],"curies":[{"name":"wp","href":"https:\/\/api.w.org\/{rel}","templated":true}]}}