{"id":33393,"date":"2025-11-07T03:36:51","date_gmt":"2025-11-07T02:36:51","guid":{"rendered":"https:\/\/gopinkish.com\/?post_type=product&#038;p=33393"},"modified":"2025-11-13T03:45:09","modified_gmt":"2025-11-13T02:45:09","slug":"3600524078492","status":"publish","type":"product","link":"https:\/\/gopinkish.com\/fr\/produit\/3600524078492\/","title":{"rendered":"Un masque nourrissant pour les cheveux longs et mous qui augmente le volume."},"content":{"rendered":"<p style=\"text-align: justify;\">L'Or\u00e9al Paris Elvital Dream Lengths XXL Fiber Mask de L'Or\u00e9al Paris est un traitement intensif pour les cheveux longs sujets \u00e0 la casse ou \u00e0 l'amincissement. Sa formule ultra-riche contient un complexe de fibres 19% am\u00e9lior\u00e9 avec du Pro-Collag\u00e8ne, aidant \u00e0 r\u00e9parer les fibres endommag\u00e9es et \u00e0 renforcer les cheveux de la racine \u00e0 la pointe. Elle offre des r\u00e9sultats remarquables, tels qu'une r\u00e9duction de 68% des dommages en surface, une r\u00e9duction de 62% des frisottis, une augmentation de 94% de la brillance et une r\u00e9duction de 64% des pointes fourchues, selon les tests effectu\u00e9s. Il en r\u00e9sulte des cheveux plus \u00e9pais, plus forts et naturellement brillants.<\/p>\n<p><strong>Principaux ingr\u00e9dients et caract\u00e9ristiques :<\/strong><br \/>\n- Complexe de fibres 19% enrichi en Pro-Collag\u00e8ne pour la r\u00e9paration des cheveux.<br \/>\n- Une formule riche qui reconstruit les fibres et donne du volume aux cheveux longs.<br \/>\n- R\u00e9duit consid\u00e9rablement les dommages et la fragilit\u00e9 de la surface.<br \/>\n- Donne une brillance naturelle et minimise les frisottis.<br \/>\n- Une texture cr\u00e9meuse qui s'applique facilement sur les cheveux.<\/p>\n<p><strong>Principales caract\u00e9ristiques et avantages :<\/strong><br \/>\n- Reconstitue les fibres et renforce les cheveux longs.<br \/>\n- R\u00e9duit les dommages et la casse dans une large mesure.<br \/>\n- Donne du volume et une brillance naturelle aux cheveux.<br \/>\n- Minimise les frisottis et facilite le d\u00e9m\u00ealage.<br \/>\n- Id\u00e9al pour les cheveux longs qui ont tendance \u00e0 s'affaiblir ou \u00e0 s'\u00e9claircir.<\/p>\n<p dir=\"ltr\" style=\"text-align: center;\">\n\ud83c\uddec\ud83c\udde7 L'Or\u00e9al Paris Elvital Dream Lengths XXL Masque de fibres - Cheveux longs et clairsem\u00e9s, complexe de pro-collag\u00e8ne et de fibres<br \/>\n\ud83c\uddeb\ud83c\uddf7 L'Or\u00e9al Paris Elvital Dream Lengths XXL Masque Fibre - Cheveux Longs Affin\u00e9s, Pro-Collag\u00e8ne &amp; Complexe de Fibres<\/p>","protected":false},"excerpt":{"rendered":"<p>\u0645\u0627\u0633\u0643 L\u2019Or\u00e9al Paris Elvital Dream Lengths XXL Fiber Mask \u0645\u0646 L\u2019Or\u00e9al Paris \u0647\u0648 \u0639\u0644\u0627\u062c \u0645\u0643\u062b\u0641 \u0644\u0644\u0634\u0639\u0631 \u0627\u0644\u0637\u0648\u064a\u0644 \u0627\u0644\u0645\u0639\u0631\u0651\u0636 \u0644\u0644\u062a\u0642\u0635\u0641 \u0623\u0648 \u0627\u0644\u062a\u0631\u0642\u0642. \u062a\u0631\u0643\u064a\u0628\u062a\u0647 \u0641\u0627\u0626\u0642\u0629 \u0627\u0644\u063a\u0646\u0649 \u062a\u062d\u062a\u0648\u064a \u0639\u0644\u0649 \u0645\u0631\u0643\u0628 \u0623\u0644\u064a\u0627\u0641 \u0645\u0639\u0632\u0632 \u0628\u0646\u0633\u0628\u0629 19% \u0645\u0639 Pro\u2011Collagen\u060c \u0645\u0645\u0627 \u064a\u0633\u0627\u0639\u062f \u0639\u0644\u0649 \u0625\u0635\u0644\u0627\u062d \u0627\u0644\u0623\u0644\u064a\u0627\u0641 \u0627\u0644\u062a\u0627\u0644\u0641\u0629 \u0648\u062a\u0642\u0648\u064a\u0629 \u0627\u0644\u0634\u0639\u0631 \u0645\u0646 \u0627\u0644\u062c\u0630\u0648\u0631 \u062d\u062a\u0649 \u0627\u0644\u0623\u0637\u0631\u0627\u0641. \u064a\u0645\u0646\u062d \u0646\u062a\u0627\u0626\u062c \u0645\u0644\u062d\u0648\u0638\u0629 \u0645\u062b\u0644 \u062a\u0642\u0644\u064a\u0644 \u0627\u0644\u062a\u0644\u0641 \u0627\u0644\u0633\u0637\u062d\u064a \u0628\u0646\u0633\u0628\u0629 \u062a\u0635\u0644 \u0625\u0644\u0649 [&hellip;]<\/p>\n","protected":false},"featured_media":33394,"template":"","meta":[],"pwb-brand":[239],"product_brand":[],"product_cat":[1151],"product_tag":[],"class_list":{"0":"post-33393","1":"product","2":"type-product","3":"status-publish","4":"has-post-thumbnail","6":"pwb-brand-loreal","7":"product_cat-hair-mask","9":"first","10":"instock","11":"shipping-taxable","12":"purchasable","13":"product-type-variable","14":"has-default-attributes","15":"wvs-archive-product-wrapper"},"brands":[{"id":239,"name":"L'Or\u00e9al Paris","slug":"loreal"}],"_links":{"self":[{"href":"https:\/\/gopinkish.com\/fr\/wp-json\/wp\/v2\/product\/33393","targetHints":{"allow":["GET"]}}],"collection":[{"href":"https:\/\/gopinkish.com\/fr\/wp-json\/wp\/v2\/product"}],"about":[{"href":"https:\/\/gopinkish.com\/fr\/wp-json\/wp\/v2\/types\/product"}],"wp:featuredmedia":[{"embeddable":true,"href":"https:\/\/gopinkish.com\/fr\/wp-json\/wp\/v2\/media\/33394"}],"wp:attachment":[{"href":"https:\/\/gopinkish.com\/fr\/wp-json\/wp\/v2\/media?parent=33393"}],"wp:term":[{"taxonomy":"pwb-brand","embeddable":true,"href":"https:\/\/gopinkish.com\/fr\/wp-json\/wp\/v2\/pwb-brand?post=33393"},{"taxonomy":"product_brand","embeddable":true,"href":"https:\/\/gopinkish.com\/fr\/wp-json\/wp\/v2\/product_brand?post=33393"},{"taxonomy":"product_cat","embeddable":true,"href":"https:\/\/gopinkish.com\/fr\/wp-json\/wp\/v2\/product_cat?post=33393"},{"taxonomy":"product_tag","embeddable":true,"href":"https:\/\/gopinkish.com\/fr\/wp-json\/wp\/v2\/product_tag?post=33393"}],"curies":[{"name":"wp","href":"https:\/\/api.w.org\/{rel}","templated":true}]}}