{"id":33356,"date":"2025-02-13T02:24:32","date_gmt":"2025-02-13T01:24:32","guid":{"rendered":"https:\/\/gopinkish.com\/?post_type=product&#038;p=33356"},"modified":"2026-03-29T22:05:00","modified_gmt":"2026-03-29T21:05:00","slug":"3600542442343","status":"publish","type":"product","link":"https:\/\/gopinkish.com\/fr\/produit\/3600542442343\/","title":{"rendered":"Apr\u00e8s-shampooing hydratant sans rin\u00e7age \u00e0 la noix de coco pour cheveux secs"},"content":{"rendered":"<p><!--StartFragment --><\/p>\n<p style=\"text-align: justify;\">Garnier Original Remedies Acondicionador Sin Aclarado Hidratante Coco est un revitalisant pratique sans rin\u00e7age, formul\u00e9 naturellement avec de l'eau de coco et de l'alo\u00e8s biologique pour hydrater en profondeur les cheveux secs ou normaux. Il aide \u00e0 d\u00e9m\u00ealer facilement les cheveux, les rend doux et naturellement brillants, les laissant l\u00e9gers et frais sans les alourdir. Formul\u00e9 sans silicones ni parab\u00e8nes, il convient \u00e0 un usage quotidien pour toute la famille.<\/p>\n<p style=\"text-align: justify;\"><strong>Principaux ingr\u00e9dients et caract\u00e9ristiques :<\/strong><br \/>\n- Eau de coco : Fournit une hydratation naturelle et revitalise les cheveux secs.<br \/>\n- Aloe Vera biologique : Nourrit les cheveux et apaise le cuir chevelu.<br \/>\n- Formule sans silicone ni parab\u00e8ne.<br \/>\n- Un apr\u00e8s-shampooing sans rin\u00e7age facile \u00e0 utiliser tous les jours.<br \/>\n- Une texture l\u00e9g\u00e8re qui n'alourdit pas les cheveux.<br \/>\n- Emballage pratique de 200 ml.<\/p>\n<p style=\"text-align: justify;\"><strong>Principales caract\u00e9ristiques et avantages :<\/strong><br \/>\n- Hydrate en profondeur et adoucit les cheveux secs.<br \/>\n- Aide \u00e0 d\u00e9m\u00ealer facilement.<br \/>\n- Apporte une brillance et une vitalit\u00e9 naturelles aux cheveux.<br \/>\n- S\u00fbr et doux pour les cheveux et le cuir chevelu.<br \/>\n- Id\u00e9al pour un usage quotidien pour tous les types de cheveux.<\/p>\n<p dir=\"ltr\" style=\"text-align: center;\"><!--StartFragment --><\/p>\n<p dir=\"ltr\" style=\"text-align: center;\">\ud83c\uddec\ud83c\udde7 Garnier Hydrating No-Rinse Conditioner - Coconut Water &amp; Aloe Vera<br \/>\n\ud83c\uddeb\ud83c\uddf7 Garnier Apr\u00e8s-Shampooing Hydratant Sans Rin\u00e7age - Eau de Coco &amp; Aloe Vera<\/p>\n<p><!--EndFragment --><\/p>","protected":false},"excerpt":{"rendered":"<p>\u0645\u0646\u062a\u062c Garnier Original Remedies Acondicionador Sin Aclarado Hidratante Coco \u0645\u0646 Garnier \u0647\u0648 \u0628\u0644\u0633\u0645 \u0639\u0645\u0644\u064a \u064a\u064f\u0633\u062a\u062e\u062f\u0645 \u0628\u062f\u0648\u0646 \u0634\u0637\u0641\u060c \u0628\u062a\u0631\u0643\u064a\u0628\u0629 \u0637\u0628\u064a\u0639\u064a\u0629 \u062a\u062c\u0645\u0639 \u0628\u064a\u0646 \u0645\u0627\u0621 \u062c\u0648\u0632 \u0627\u0644\u0647\u0646\u062f \u0648\u0627\u0644\u0623\u0644\u0648\u0641\u064a\u0631\u0627 \u0627\u0644\u0639\u0636\u0648\u064a \u0644\u062a\u0648\u0641\u064a\u0631 \u062a\u0631\u0637\u064a\u0628 \u0639\u0645\u064a\u0642 \u0644\u0644\u0634\u0639\u0631 \u0627\u0644\u062c\u0627\u0641 \u0623\u0648 \u0627\u0644\u0639\u0627\u062f\u064a. \u064a\u0633\u0627\u0639\u062f \u0639\u0644\u0649 \u0641\u0643 \u0627\u0644\u062a\u0634\u0627\u0628\u0643 \u0628\u0633\u0647\u0648\u0644\u0629\u060c \u064a\u0645\u0646\u062d \u0627\u0644\u0634\u0639\u0631 \u0646\u0639\u0648\u0645\u0629 \u0648\u0644\u0645\u0639\u0627\u0646\u064b\u0627 \u0637\u0628\u064a\u0639\u064a\u064b\u0627\u060c \u0648\u064a\u062a\u0631\u0643\u0647 \u062e\u0641\u064a\u0641\u064b\u0627 \u0648\u0645\u0646\u062a\u0639\u0634\u064b\u0627 \u062f\u0648\u0646 \u0625\u062b\u0642\u0627\u0644\u0647. \u062a\u0631\u0643\u064a\u0628\u062a\u0647 \u062e\u0627\u0644\u064a\u0629 \u0645\u0646 \u0627\u0644\u0633\u064a\u0644\u064a\u0643\u0648\u0646 \u0648\u0627\u0644\u0628\u0627\u0631\u0627\u0628\u064a\u0646\u060c \u0645\u0645\u0627 \u064a\u062c\u0639\u0644\u0647 [&hellip;]<\/p>\n","protected":false},"featured_media":33357,"template":"","meta":[],"pwb-brand":[218],"product_brand":[],"product_cat":[1149],"product_tag":[],"class_list":{"0":"post-33356","1":"product","2":"type-product","3":"status-publish","4":"has-post-thumbnail","6":"pwb-brand-garnier","7":"product_cat-hair-cond","9":"first","10":"outofstock","11":"shipping-taxable","12":"product-type-variable","13":"has-default-attributes","14":"wvs-archive-product-wrapper"},"brands":[{"id":218,"name":"Garnier","slug":"garnier"}],"_links":{"self":[{"href":"https:\/\/gopinkish.com\/fr\/wp-json\/wp\/v2\/product\/33356","targetHints":{"allow":["GET"]}}],"collection":[{"href":"https:\/\/gopinkish.com\/fr\/wp-json\/wp\/v2\/product"}],"about":[{"href":"https:\/\/gopinkish.com\/fr\/wp-json\/wp\/v2\/types\/product"}],"wp:featuredmedia":[{"embeddable":true,"href":"https:\/\/gopinkish.com\/fr\/wp-json\/wp\/v2\/media\/33357"}],"wp:attachment":[{"href":"https:\/\/gopinkish.com\/fr\/wp-json\/wp\/v2\/media?parent=33356"}],"wp:term":[{"taxonomy":"pwb-brand","embeddable":true,"href":"https:\/\/gopinkish.com\/fr\/wp-json\/wp\/v2\/pwb-brand?post=33356"},{"taxonomy":"product_brand","embeddable":true,"href":"https:\/\/gopinkish.com\/fr\/wp-json\/wp\/v2\/product_brand?post=33356"},{"taxonomy":"product_cat","embeddable":true,"href":"https:\/\/gopinkish.com\/fr\/wp-json\/wp\/v2\/product_cat?post=33356"},{"taxonomy":"product_tag","embeddable":true,"href":"https:\/\/gopinkish.com\/fr\/wp-json\/wp\/v2\/product_tag?post=33356"}],"curies":[{"name":"wp","href":"https:\/\/api.w.org\/{rel}","templated":true}]}}