{"id":33347,"date":"2025-11-05T01:19:00","date_gmt":"2025-11-05T00:19:00","guid":{"rendered":"https:\/\/gopinkish.com\/?post_type=product&#038;p=33347"},"modified":"2026-04-26T13:20:45","modified_gmt":"2026-04-26T12:20:45","slug":"3573994005698","status":"publish","type":"product","link":"https:\/\/gopinkish.com\/fr\/produit\/3573994005698\/","title":{"rendered":"Nettoyant apaisant pour les peaux s\u00e8ches et sensibles"},"content":{"rendered":"<p style=\"text-align: justify;\">Dexeryl Cr\u00e8me de Douche Apaisante de Dexeryl est une cr\u00e8me de douche douce et sans savon pour les peaux tr\u00e8s s\u00e8ches ou sujettes \u00e0 l'ecz\u00e9ma. Sa formule, enrichie en glyc\u00e9rine et en huiles hydratantes, permet de nettoyer la peau en douceur tout en minimisant les sensations de tiraillement et de s\u00e9cheresse. Elle renforce \u00e9galement la barri\u00e8re cutan\u00e9e naturelle et prot\u00e8ge la peau des irritants ext\u00e9rieurs. Convient \u00e0 un usage quotidien, du nouveau-n\u00e9 \u00e0 l'adulte.<\/p>\n<p><strong>Principaux ingr\u00e9dients et caract\u00e9ristiques :<\/strong><br \/>\n- Contient de la glyc\u00e9rine pour hydrater la peau en profondeur.<br \/>\n- Formule sans savon, douce pour les peaux sensibles.<br \/>\n- Riche en huiles hydratantes qui r\u00e9duisent la s\u00e9cheresse et les tiraillements.<br \/>\n- Renforce la barri\u00e8re naturelle de la peau et la prot\u00e8ge contre les facteurs externes.<br \/>\n- Convient aux nourrissons, aux enfants et aux adultes.<\/p>\n<p><strong>Principales caract\u00e9ristiques et avantages :<\/strong><br \/>\n- Soulage instantan\u00e9ment les peaux s\u00e8ches et sensibles.<br \/>\n- R\u00e9duit la sensation de tiraillement et d'irritation.<br \/>\n- Formule s\u00fbre, sans parab\u00e8ne ni parfum.<br \/>\n- Id\u00e9al pour un usage quotidien pour toute la famille.<br \/>\n- Aide \u00e0 pr\u00e9venir l'aggravation des affections cutan\u00e9es s\u00e8ches ou atopiques.<\/p>\n<p dir=\"ltr\" style=\"text-align: center;\">\ud83c\uddec\ud83c\udde7 Dexeryl Cr\u00e8me de Douche Apaisante - Peau s\u00e8che et sensible<br \/>\n\ud83c\uddeb\ud83c\uddf7 Dexeryl Cr\u00e8me de Douche Apaisante - Peaux S\u00e8ches et Sensibles<\/p>","protected":false},"excerpt":{"rendered":"<p>\u0645\u0646\u062a\u062c Dexeryl Cr\u00e8me de Douche Apaisante \u0645\u0646 Dexeryl \u0647\u0648 \u0643\u0631\u064a\u0645 \u0627\u0633\u062a\u062d\u0645\u0627\u0645 \u0644\u0637\u064a\u0641 \u0628\u062f\u0648\u0646 \u0635\u0627\u0628\u0648\u0646\u060c \u0645\u062e\u0635\u0635 \u0644\u0644\u0628\u0634\u0631\u0629 \u0627\u0644\u062c\u0627\u0641\u0629 \u062c\u062f\u064b\u0627 \u0623\u0648 \u0627\u0644\u0645\u0639\u0631\u0636\u0629 \u0644\u0644\u0625\u0643\u0632\u064a\u0645\u0627. \u062a\u0631\u0643\u064a\u0628\u062a\u0647 \u0627\u0644\u063a\u0646\u064a\u0629 \u0628\u0627\u0644\u062c\u0644\u0633\u0631\u064a\u0646 \u0648\u0627\u0644\u0632\u064a\u0648\u062a \u0627\u0644\u0645\u0631\u0637\u0628\u0629 \u062a\u0633\u0627\u0639\u062f \u0639\u0644\u0649 \u062a\u0646\u0638\u064a\u0641 \u0627\u0644\u0628\u0634\u0631\u0629 \u0628\u0644\u0637\u0641 \u0645\u0639 \u062a\u0642\u0644\u064a\u0644 \u0627\u0644\u0634\u0639\u0648\u0631 \u0628\u0627\u0644\u0634\u062f \u0648\u0627\u0644\u062c\u0641\u0627\u0641. \u0643\u0645\u0627 \u0623\u0646\u0647 \u064a\u0639\u0632\u0632 \u0627\u0644\u062d\u0627\u062c\u0632 \u0627\u0644\u062c\u0644\u062f\u064a \u0627\u0644\u0637\u0628\u064a\u0639\u064a \u0648\u064a\u062d\u0645\u064a \u0627\u0644\u0628\u0634\u0631\u0629 \u0645\u0646 \u0627\u0644\u0639\u0648\u0627\u0645\u0644 \u0627\u0644\u062e\u0627\u0631\u062c\u064a\u0629 \u0627\u0644\u062a\u064a \u062a\u0633\u0628\u0628 \u0627\u0644\u062a\u0647\u064a\u062c. \u0645\u0646\u0627\u0633\u0628 \u0644\u0644\u0627\u0633\u062a\u062e\u062f\u0627\u0645 \u0627\u0644\u064a\u0648\u0645\u064a \u0645\u0646 \u0639\u0645\u0631 [&hellip;]<\/p>\n","protected":false},"featured_media":33348,"template":"","meta":[],"pwb-brand":[1021],"product_brand":[],"product_cat":[1137,1138],"product_tag":[],"class_list":{"0":"post-33347","1":"product","2":"type-product","3":"status-publish","4":"has-post-thumbnail","6":"pwb-brand-pierre-fabre","7":"product_cat-body-moist","8":"product_cat-bath-and-shower","10":"first","11":"instock","12":"shipping-taxable","13":"purchasable","14":"product-type-variable","15":"has-default-attributes","16":"wvs-archive-product-wrapper"},"brands":[{"id":1021,"name":"Laboratoires Pierre Fabre","slug":"pierre-fabre"}],"_links":{"self":[{"href":"https:\/\/gopinkish.com\/fr\/wp-json\/wp\/v2\/product\/33347","targetHints":{"allow":["GET"]}}],"collection":[{"href":"https:\/\/gopinkish.com\/fr\/wp-json\/wp\/v2\/product"}],"about":[{"href":"https:\/\/gopinkish.com\/fr\/wp-json\/wp\/v2\/types\/product"}],"wp:featuredmedia":[{"embeddable":true,"href":"https:\/\/gopinkish.com\/fr\/wp-json\/wp\/v2\/media\/33348"}],"wp:attachment":[{"href":"https:\/\/gopinkish.com\/fr\/wp-json\/wp\/v2\/media?parent=33347"}],"wp:term":[{"taxonomy":"pwb-brand","embeddable":true,"href":"https:\/\/gopinkish.com\/fr\/wp-json\/wp\/v2\/pwb-brand?post=33347"},{"taxonomy":"product_brand","embeddable":true,"href":"https:\/\/gopinkish.com\/fr\/wp-json\/wp\/v2\/product_brand?post=33347"},{"taxonomy":"product_cat","embeddable":true,"href":"https:\/\/gopinkish.com\/fr\/wp-json\/wp\/v2\/product_cat?post=33347"},{"taxonomy":"product_tag","embeddable":true,"href":"https:\/\/gopinkish.com\/fr\/wp-json\/wp\/v2\/product_tag?post=33347"}],"curies":[{"name":"wp","href":"https:\/\/api.w.org\/{rel}","templated":true}]}}